{"id":1438,"date":"2022-06-07T11:29:51","date_gmt":"2022-06-07T09:29:51","guid":{"rendered":"https:\/\/kaurum.com\/business-formation-sole-proprietorship\/"},"modified":"2026-02-08T17:20:05","modified_gmt":"2026-02-08T16:20:05","slug":"business-formation-sole-proprietorship","status":"publish","type":"page","link":"https:\/\/kaurum.com\/en\/our-services\/business-formation-sole-proprietorship\/","title":{"rendered":"Setting up a business or becoming self-employed in Switzerland &#8211; Kaurum"},"content":{"rendered":"\n\n\t<div data-src=\"https:\/\/cdn.trustindex.io\/loader.js?59c6c7e46624833296168f6478c\"><\/div>\n\t\t<h2>\n\t\t\t01. Cr\u00e9ation d&#8217;entreprise\n\t\t<\/h2>\n\t\t\t<p>Vous croyez \u00eatre un entrepreneur\u00a0? C&#8217;est le moment de vous en assurer et tester si vous avez les 6 qualit\u00e9s indispensables\u00a0:<\/p>\t\t\n\t\t\t\t<img decoding=\"async\" src=\"https:\/\/kaurum.com\/wp-content\/uploads\/2022\/06\/creation_entreprise_01.svg\" alt=\"Cr\u00e9ation d&#039;entreprise\" itemprop=\"image\" title=\"creation_entreprise_01\" onerror=\"this.style.display='none'\" loading='lazy' \/>\n\t<p><strong>Vous avez une vision\u00a0?<\/strong><\/p>\n<p>Vous avez un objectif clair et bien d\u00e9fini. Votre vision est la source de votre inspiration et la raison de vous battre pour avancer. Votre vision conditionne votre strat\u00e9gie de d\u00e9veloppement.<\/p>\n<p><strong>Vous \u00eates pr\u00eats \u00e0 passer \u00e0 l&#8217;action ?<\/strong><\/p>\n<p>Vous \u00eates dans une d\u00e9marche dynamique qui vous pousse \u00e0 agir sans remettre \u00e0 demain. Vous pr\u00e9f\u00e9rez prendre des d\u00e9cisions pour tenter l&#8217;exp\u00e9rience malgr\u00e9 vos peurs et vos r\u00e9ticences. Vous n&#8217;\u00eates pas spectateur mais \u00eates acteur de votre vie. Vous avez l&#8217;envie de faire et non de subir. Vous osez avancer vers l&#8217;inconnu.<\/p>\n<p><strong>Vous \u00eates motiv\u00e9\u00a0?<\/strong><\/p>\n<p>Vous agissez et vous mettez tout en \u0153uvre pour faire \u00e9voluer les choses, peu importe les r\u00e9ticences et les obstacles. Vous trouvez toujours la force d&#8217;aller de l&#8217;avant face aux d\u00e9fis et aux probl\u00e8mes. Rien ne vous \u00e9branle, vous avez une source de motivation qui vous am\u00e8nera \u00e0 atteindre l&#8217;objectif final.<\/p>\n\t<p><strong>Vous \u00eates d\u00e9termin\u00e9\u00a0?<\/strong><\/p>\n<p>Vous \u00eates pr\u00eat \u00e0 faire des sacrifices. Vous \u00eates convaincu de faire le bon choix \u00e0 chaque d\u00e9cision que vous prenez. Rien ni personne ne pourra vous freiner dans votre \u00e9lan. Vous avez une volont\u00e9 de fer.<\/p>\n<p><strong>Vous avez l&#8217;esprit ouvert\u00a0?<\/strong><\/p>\n<p>Vous avez une ouverture d&#8217;esprit g\u00e9n\u00e9rale. Vous avez une bonne communication. Vous \u00e9coutez les autres quand il le faut. Vous prenez des risques en faisant preuve de cr\u00e9ativit\u00e9 parfois envers et contre tous pour renverser la tendance.<\/p>\n<p><strong>Vous savez prendre des d\u00e9cisions\u00a0?<\/strong><\/p>\n<p>Vous n&#8217;attendez pas des ordres, des consignes ou des directives pour prendre des d\u00e9cisions. Vous savez prendre les devants et faire des choix. Vous \u00eates capable de savoir ce qui est bon afin de faire le bon choix. Vous assumez vos choix.<\/p>\n\t\t\t\t<img decoding=\"async\" src=\"https:\/\/kaurum.com\/wp-content\/uploads\/2022\/06\/creation_entreprise_02.svg\" alt=\"Cr\u00e9ation d&#039;entreprise\" itemprop=\"image\" title=\"creation_entreprise_02\" onerror=\"this.style.display='none'\" loading='lazy' \/>\n\t<p>Vous vous reconnaissez\u00a0? Vous \u00eates donc un entrepreneur\u00a0! Chez Kaurum, nous ferons tout pour que vous puissiez entreprendre sans peur, vous surpasser pour r\u00e9ussir et par-dessus tout prendre des risques contr\u00f4l\u00e9s. Nos experts vous accompagneront \u00e0 atteindre les objectifs que vous vous \u00eates fix\u00e9s et vous m\u00e8neront vers le succ\u00e8s.<\/p>\n\t<p>Nous proposons un accompagnement personnalis\u00e9 et la cr\u00e9ation de votre structure (SA, SARL, etc.) au meilleur prix, rapidement et efficacement.<\/p>\n<p>L&#8217;offre destin\u00e9e aux <strong>cr\u00e9ateurs d&#8217;entreprise<\/strong> comprend\u00a0:<\/p>\n\t<ul>\n\t\t\t<li>\n\t\t\t\tUn premier rendez-vous de prise de connaissance avec un de nos sp\u00e9cialistes\n\t\t\t<\/li>\n\t\t\t<li>\n\t\t\t\tUne \u00e9tude sur le choix de la forme juridique la plus adapt\u00e9e afin d&#8217;optimiser les risques et la fiscalit\u00e9\n\t\t\t<\/li>\n\t\t\t<li>\n\t\t\t\tUn accompagnement dans les d\u00e9marches pour l&#8217;ouverture d&#8217;un compte de consignation\n\t\t\t<\/li>\n\t\t\t<li>\n\t\t\t\tUn accompagnement pour les inscriptions et le choix des assurances sociales\n\t\t\t<\/li>\n\t\t\t<li>\n\t\t\t\tUn accompagnement dans l&#8217;\u00e9tablissement de votre business plan\n\t\t\t<\/li>\n\t\t\t<li>\n\t\t\t\tUn accompagnement pour des demandes de financement (pr\u00eat bancaire) ou d&#8217;aide aux cr\u00e9ateurs d&#8217;entreprise\n\t\t\t<\/li>\n\t\t<\/ul>\n\t<p>Notre notaire s&#8217;occupera de toutes les formalit\u00e9s jusqu&#8217;\u00e0 la publication au registre du commerce de votre nouvelle entreprise. Nos experts s&#8217;occuperont \u00e9galement de prot\u00e9ger votre marque si vous le d\u00e9sirez.<\/p>\n\t<p>Donnez-vous les moyens de r\u00e9aliser vos r\u00eaves\u00a0! Choisissez la formule qui vous convient, que ce soit un service ponctuel (cr\u00e9ation de soci\u00e9t\u00e9, etc.) ou un accompagnement complet.<\/p>\n\t\t<h2>\n\t\t\t02. Lancement d&#8217;une activit\u00e9 ind\u00e9pendante\n\t\t<\/h2>\n\t\t\t<p>Le lancement d&#8217;une activit\u00e9 ind\u00e9pendante n\u00e9cessite d&#8217;\u00eatre un entrepreneur. Vous croyez \u00eatre un entrepreneur\u00a0? C&#8217;est le moment de vous en assurer et tester si vous avez les <a href=\"#creation-entreprise\">6 qualit\u00e9s indispensables<\/a> \u00e0 tout entrepreneur&#8230;<\/p>\t\t\n\t<p>L&#8217;offre destin\u00e9e au lancement d&#8217;une activit\u00e9 ind\u00e9pendante comprend :<\/p>\n\t<ul>\n\t\t\t<li>\n\t\t\t\tUn premier rendez-vous de prise de connaissance avec un de nos sp\u00e9cialistes\n\t\t\t<\/li>\n\t\t\t<li>\n\t\t\t\tDes conseils dans l&#8217;\u00e9laboration de votre projet\n\t\t\t<\/li>\n\t\t\t<li>\n\t\t\t\tUn accompagnement pour les inscriptions et le choix des assurances sociales\n\t\t\t<\/li>\n\t\t\t<li>\n\t\t\t\tUn accompagnement dans l&#8217;\u00e9tablissement de votre business plan\n\t\t\t<\/li>\n\t\t\t<li>\n\t\t\t\tUn accompagnement pour des demandes de financement (pr\u00eat bancaire) ou d&#8217;aide aux cr\u00e9ateurs d&#8217;entreprise\n\t\t\t<\/li>\n\t\t\t<li>\n\t\t\t\tDes conseils pour bien d\u00e9limiter votre activit\u00e9 ind\u00e9pendante de vos bien priv\u00e9s\n\t\t\t<\/li>\n\t\t\t<li>\n\t\t\t\tUne offre compl\u00e8te pour satisfaire vos obligations l\u00e9gales et fiscales\n\t\t\t<\/li>\n\t\t<\/ul>\n\t<p>Donnez-vous les moyens de r\u00e9aliser vos r\u00eaves ! Choisissez la formule qui vous convient, que ce soit un service ponctuel ou un accompagnement complet.<\/p>\n\n","protected":false},"excerpt":{"rendered":"<p>01. Cr\u00e9ation d&#8217;entreprise Vous croyez \u00eatre un entrepreneur\u00a0? C&#8217;est le moment de vous en assurer et tester si vous avez les 6 qualit\u00e9s indispensables\u00a0: Vous avez une vision\u00a0? Vous avez un objectif clair et bien d\u00e9fini. Votre vision est la source de votre inspiration et la raison de vous battre pour avancer. Votre vision conditionne&hellip;<\/p>\n","protected":false},"author":1,"featured_media":1353,"parent":3121,"menu_order":0,"comment_status":"closed","ping_status":"closed","template":"","meta":{"_acf_changed":false,"content-type":"","footnotes":""},"class_list":["post-1438","page","type-page","status-publish","has-post-thumbnail","hentry"],"acf":[],"yoast_head":"<!-- This site is optimized with the Yoast SEO Premium plugin v27.3 (Yoast SEO v27.4) - https:\/\/yoast.com\/product\/yoast-seo-premium-wordpress\/ -->\n<title>Setting up a business or becoming self-employed in Switzerland<\/title>\n<meta name=\"description\" content=\"Start a business or become self-employed in Switzerland. Kaurum will help you make the right legal, tax and administrative decisions.\" \/>\n<meta name=\"robots\" content=\"index, follow, max-snippet:-1, max-image-preview:large, max-video-preview:-1\" \/>\n<link rel=\"canonical\" href=\"https:\/\/kaurum.com\/en\/our-services\/business-formation-sole-proprietorship\/\" \/>\n<meta property=\"og:locale\" content=\"en_US\" \/>\n<meta property=\"og:type\" content=\"article\" \/>\n<meta property=\"og:title\" content=\"Setting up a business or becoming self-employed in Switzerland - Kaurum\" \/>\n<meta property=\"og:description\" content=\"Start a business or become self-employed in Switzerland. Kaurum will help you make the right legal, tax and administrative decisions.\" \/>\n<meta property=\"og:url\" content=\"https:\/\/kaurum.com\/en\/our-services\/business-formation-sole-proprietorship\/\" \/>\n<meta property=\"og:site_name\" content=\"Kaurum\" \/>\n<meta property=\"article:publisher\" content=\"https:\/\/www.linkedin.com\/company\/kaurum\/\" \/>\n<meta property=\"article:modified_time\" content=\"2026-02-08T16:20:05+00:00\" \/>\n<meta name=\"twitter:card\" content=\"summary_large_image\" \/>\n<meta name=\"twitter:label1\" content=\"Est. reading time\" \/>\n\t<meta name=\"twitter:data1\" content=\"4 minutes\" \/>\n<script type=\"application\/ld+json\" class=\"yoast-schema-graph\">{\"@context\":\"https:\\\/\\\/schema.org\",\"@graph\":[{\"@type\":\"WebPage\",\"@id\":\"https:\\\/\\\/kaurum.com\\\/en\\\/our-services\\\/business-formation-sole-proprietorship\\\/\",\"url\":\"https:\\\/\\\/kaurum.com\\\/en\\\/our-services\\\/business-formation-sole-proprietorship\\\/\",\"name\":\"Setting up a business or becoming self-employed in Switzerland\",\"isPartOf\":{\"@id\":\"https:\\\/\\\/kaurum.com\\\/en\\\/#website\"},\"primaryImageOfPage\":{\"@id\":\"https:\\\/\\\/kaurum.com\\\/en\\\/our-services\\\/business-formation-sole-proprietorship\\\/#primaryimage\"},\"image\":{\"@id\":\"https:\\\/\\\/kaurum.com\\\/en\\\/our-services\\\/business-formation-sole-proprietorship\\\/#primaryimage\"},\"thumbnailUrl\":\"https:\\\/\\\/kaurum.com\\\/wp-content\\\/uploads\\\/2022\\\/06\\\/icon_creation_entreprise.svg\",\"datePublished\":\"2022-06-07T09:29:51+00:00\",\"dateModified\":\"2026-02-08T16:20:05+00:00\",\"description\":\"Start a business or become self-employed in Switzerland. Kaurum will help you make the right legal, tax and administrative decisions.\",\"breadcrumb\":{\"@id\":\"https:\\\/\\\/kaurum.com\\\/en\\\/our-services\\\/business-formation-sole-proprietorship\\\/#breadcrumb\"},\"inLanguage\":\"en-US\",\"potentialAction\":[{\"@type\":\"ReadAction\",\"target\":[\"https:\\\/\\\/kaurum.com\\\/en\\\/our-services\\\/business-formation-sole-proprietorship\\\/\"]}]},{\"@type\":\"ImageObject\",\"inLanguage\":\"en-US\",\"@id\":\"https:\\\/\\\/kaurum.com\\\/en\\\/our-services\\\/business-formation-sole-proprietorship\\\/#primaryimage\",\"url\":\"https:\\\/\\\/kaurum.com\\\/wp-content\\\/uploads\\\/2022\\\/06\\\/icon_creation_entreprise.svg\",\"contentUrl\":\"https:\\\/\\\/kaurum.com\\\/wp-content\\\/uploads\\\/2022\\\/06\\\/icon_creation_entreprise.svg\",\"caption\":\"Kaurum - Cr\u00e9ation d'enteprise\"},{\"@type\":\"BreadcrumbList\",\"@id\":\"https:\\\/\\\/kaurum.com\\\/en\\\/our-services\\\/business-formation-sole-proprietorship\\\/#breadcrumb\",\"itemListElement\":[{\"@type\":\"ListItem\",\"position\":1,\"name\":\"Kaurum\",\"item\":\"https:\\\/\\\/kaurum.com\\\/en\\\/\"},{\"@type\":\"ListItem\",\"position\":2,\"name\":\"Our services\",\"item\":\"https:\\\/\\\/kaurum.com\\\/en\\\/our-services\\\/\"},{\"@type\":\"ListItem\",\"position\":3,\"name\":\"Setting up a business \\\/ self-employed activity\"}]},{\"@type\":\"WebSite\",\"@id\":\"https:\\\/\\\/kaurum.com\\\/en\\\/#website\",\"url\":\"https:\\\/\\\/kaurum.com\\\/en\\\/\",\"name\":\"Kaurum\",\"description\":\"Votre fiduciaire d\u00e9di\u00e9e digitale\",\"publisher\":{\"@id\":\"https:\\\/\\\/kaurum.com\\\/en\\\/#organization\"},\"potentialAction\":[{\"@type\":\"SearchAction\",\"target\":{\"@type\":\"EntryPoint\",\"urlTemplate\":\"https:\\\/\\\/kaurum.com\\\/en\\\/?s={search_term_string}\"},\"query-input\":{\"@type\":\"PropertyValueSpecification\",\"valueRequired\":true,\"valueName\":\"search_term_string\"}}],\"inLanguage\":\"en-US\"},{\"@type\":\"Organization\",\"@id\":\"https:\\\/\\\/kaurum.com\\\/en\\\/#organization\",\"name\":\"Kaurum\",\"url\":\"https:\\\/\\\/kaurum.com\\\/en\\\/\",\"logo\":{\"@type\":\"ImageObject\",\"inLanguage\":\"en-US\",\"@id\":\"https:\\\/\\\/kaurum.com\\\/en\\\/#\\\/schema\\\/logo\\\/image\\\/\",\"url\":\"https:\\\/\\\/kaurum.com\\\/wp-content\\\/uploads\\\/2022\\\/05\\\/kaurum-logo-colour.svg\",\"contentUrl\":\"https:\\\/\\\/kaurum.com\\\/wp-content\\\/uploads\\\/2022\\\/05\\\/kaurum-logo-colour.svg\",\"width\":1,\"height\":1,\"caption\":\"Kaurum\"},\"image\":{\"@id\":\"https:\\\/\\\/kaurum.com\\\/en\\\/#\\\/schema\\\/logo\\\/image\\\/\"},\"sameAs\":[\"https:\\\/\\\/www.linkedin.com\\\/company\\\/kaurum\\\/\"]}]}<\/script>\n<!-- \/ Yoast SEO Premium plugin. -->","yoast_head_json":{"title":"Setting up a business or becoming self-employed in Switzerland","description":"Start a business or become self-employed in Switzerland. Kaurum will help you make the right legal, tax and administrative decisions.","robots":{"index":"index","follow":"follow","max-snippet":"max-snippet:-1","max-image-preview":"max-image-preview:large","max-video-preview":"max-video-preview:-1"},"canonical":"https:\/\/kaurum.com\/en\/our-services\/business-formation-sole-proprietorship\/","og_locale":"en_US","og_type":"article","og_title":"Setting up a business or becoming self-employed in Switzerland - Kaurum","og_description":"Start a business or become self-employed in Switzerland. Kaurum will help you make the right legal, tax and administrative decisions.","og_url":"https:\/\/kaurum.com\/en\/our-services\/business-formation-sole-proprietorship\/","og_site_name":"Kaurum","article_publisher":"https:\/\/www.linkedin.com\/company\/kaurum\/","article_modified_time":"2026-02-08T16:20:05+00:00","twitter_card":"summary_large_image","twitter_misc":{"Est. reading time":"4 minutes"},"schema":{"@context":"https:\/\/schema.org","@graph":[{"@type":"WebPage","@id":"https:\/\/kaurum.com\/en\/our-services\/business-formation-sole-proprietorship\/","url":"https:\/\/kaurum.com\/en\/our-services\/business-formation-sole-proprietorship\/","name":"Setting up a business or becoming self-employed in Switzerland","isPartOf":{"@id":"https:\/\/kaurum.com\/en\/#website"},"primaryImageOfPage":{"@id":"https:\/\/kaurum.com\/en\/our-services\/business-formation-sole-proprietorship\/#primaryimage"},"image":{"@id":"https:\/\/kaurum.com\/en\/our-services\/business-formation-sole-proprietorship\/#primaryimage"},"thumbnailUrl":"https:\/\/kaurum.com\/wp-content\/uploads\/2022\/06\/icon_creation_entreprise.svg","datePublished":"2022-06-07T09:29:51+00:00","dateModified":"2026-02-08T16:20:05+00:00","description":"Start a business or become self-employed in Switzerland. Kaurum will help you make the right legal, tax and administrative decisions.","breadcrumb":{"@id":"https:\/\/kaurum.com\/en\/our-services\/business-formation-sole-proprietorship\/#breadcrumb"},"inLanguage":"en-US","potentialAction":[{"@type":"ReadAction","target":["https:\/\/kaurum.com\/en\/our-services\/business-formation-sole-proprietorship\/"]}]},{"@type":"ImageObject","inLanguage":"en-US","@id":"https:\/\/kaurum.com\/en\/our-services\/business-formation-sole-proprietorship\/#primaryimage","url":"https:\/\/kaurum.com\/wp-content\/uploads\/2022\/06\/icon_creation_entreprise.svg","contentUrl":"https:\/\/kaurum.com\/wp-content\/uploads\/2022\/06\/icon_creation_entreprise.svg","caption":"Kaurum - Cr\u00e9ation d'enteprise"},{"@type":"BreadcrumbList","@id":"https:\/\/kaurum.com\/en\/our-services\/business-formation-sole-proprietorship\/#breadcrumb","itemListElement":[{"@type":"ListItem","position":1,"name":"Kaurum","item":"https:\/\/kaurum.com\/en\/"},{"@type":"ListItem","position":2,"name":"Our services","item":"https:\/\/kaurum.com\/en\/our-services\/"},{"@type":"ListItem","position":3,"name":"Setting up a business \/ self-employed activity"}]},{"@type":"WebSite","@id":"https:\/\/kaurum.com\/en\/#website","url":"https:\/\/kaurum.com\/en\/","name":"Kaurum","description":"Votre fiduciaire d\u00e9di\u00e9e digitale","publisher":{"@id":"https:\/\/kaurum.com\/en\/#organization"},"potentialAction":[{"@type":"SearchAction","target":{"@type":"EntryPoint","urlTemplate":"https:\/\/kaurum.com\/en\/?s={search_term_string}"},"query-input":{"@type":"PropertyValueSpecification","valueRequired":true,"valueName":"search_term_string"}}],"inLanguage":"en-US"},{"@type":"Organization","@id":"https:\/\/kaurum.com\/en\/#organization","name":"Kaurum","url":"https:\/\/kaurum.com\/en\/","logo":{"@type":"ImageObject","inLanguage":"en-US","@id":"https:\/\/kaurum.com\/en\/#\/schema\/logo\/image\/","url":"https:\/\/kaurum.com\/wp-content\/uploads\/2022\/05\/kaurum-logo-colour.svg","contentUrl":"https:\/\/kaurum.com\/wp-content\/uploads\/2022\/05\/kaurum-logo-colour.svg","width":1,"height":1,"caption":"Kaurum"},"image":{"@id":"https:\/\/kaurum.com\/en\/#\/schema\/logo\/image\/"},"sameAs":["https:\/\/www.linkedin.com\/company\/kaurum\/"]}]}},"_links":{"self":[{"href":"https:\/\/kaurum.com\/en\/wp-json\/wp\/v2\/pages\/1438","targetHints":{"allow":["GET"]}}],"collection":[{"href":"https:\/\/kaurum.com\/en\/wp-json\/wp\/v2\/pages"}],"about":[{"href":"https:\/\/kaurum.com\/en\/wp-json\/wp\/v2\/types\/page"}],"author":[{"embeddable":true,"href":"https:\/\/kaurum.com\/en\/wp-json\/wp\/v2\/users\/1"}],"replies":[{"embeddable":true,"href":"https:\/\/kaurum.com\/en\/wp-json\/wp\/v2\/comments?post=1438"}],"version-history":[{"count":3,"href":"https:\/\/kaurum.com\/en\/wp-json\/wp\/v2\/pages\/1438\/revisions"}],"predecessor-version":[{"id":3199,"href":"https:\/\/kaurum.com\/en\/wp-json\/wp\/v2\/pages\/1438\/revisions\/3199"}],"up":[{"embeddable":true,"href":"https:\/\/kaurum.com\/en\/wp-json\/wp\/v2\/pages\/3121"}],"wp:featuredmedia":[{"embeddable":true,"href":"https:\/\/kaurum.com\/en\/wp-json\/wp\/v2\/media\/1353"}],"wp:attachment":[{"href":"https:\/\/kaurum.com\/en\/wp-json\/wp\/v2\/media?parent=1438"}],"curies":[{"name":"wp","href":"https:\/\/api.w.org\/{rel}","templated":true}]}}