{"id":1453,"date":"2022-06-07T11:30:15","date_gmt":"2022-06-07T09:30:15","guid":{"rendered":"https:\/\/kaurum.com\/accounting-payroll\/"},"modified":"2026-02-08T17:19:30","modified_gmt":"2026-02-08T16:19:30","slug":"accounting-payroll","status":"publish","type":"page","link":"https:\/\/kaurum.com\/en\/our-services\/accounting-payroll\/","title":{"rendered":"Accounting and payroll in Switzerland: SMEs and start-ups"},"content":{"rendered":"\n\n\t<div data-src=\"https:\/\/cdn.trustindex.io\/loader.js?59c6c7e46624833296168f6478c\"><\/div>\n\t\t<h2>\n\t\t\t01. Comptabilit\u00e9, salaires, imp\u00f4ts\n\t\t<\/h2>\n\t\t\t<p>Vous souhaitez vous concentrer sur votre c\u0153ur de m\u00e9tier et ne plus penser aux t\u00e2ches administratives\u00a0?<\/p>\t\t\n\t\t\t\t<img decoding=\"async\" src=\"https:\/\/kaurum.com\/wp-content\/uploads\/2022\/06\/comptabilite_01.svg\" alt=\"Comptabilit\u00e9 et salaires\" itemprop=\"image\" title=\"comptabilite_01\" onerror=\"this.style.display='none'\" loading='lazy' \/>\n\t<p>De l&#8217;\u00e9tablissement de la comptabilit\u00e9 \u00e0 la d\u00e9claration d&#8217;imp\u00f4ts, Kaurum s&#8217;occupe de tout. Fiduciaire moderne, digitale et professionnelle, nous vous proposons des offres avec des prix transparents et mettons \u00e0 votre disposition les meilleurs outils.<\/p>\n<p><strong>Vous voulez une comptabilit\u00e9 qui vous aide \u00e0 mieux piloter votre entreprise\u00a0?<\/strong><\/p>\n<p>Avec notre service cloud, il est possible de consulter sa comptabilit\u00e9 en ligne, \u00e0 chaque instant, afin d&#8217;optimiser le pilotage op\u00e9rationnel de votre entreprise.<\/p>\n\t<p><strong>Vous en avez marre que votre comptable ne soit jamais disponible\u00a0?<\/strong><\/p>\n<p>Chez Kaurum, nous mettons un point d&#8217;honneur \u00e0 toujours r\u00e9pondre au client. Nous nous engageons \u00e0 toujours \u00eatre disponible dans les 24h.<\/p>\n\t\t<h2>\n\t\t\t02. Vous avez un retard ou une urgence comptable ?\n\t\t<\/h2>\n\t\t\t<p>Vous vous \u00eates tellement concentr\u00e9 sur votre activit\u00e9 que vous avez mis de de c\u00f4t\u00e9 les aspects administratifs, comme votre comptabilit\u00e9 ?<\/p>\t\t\n\t<p>Pas de panique, vous n&#8217;\u00eates pas un cas isol\u00e9, des retards peuvent se compter en mois voire m\u00eame en ann\u00e9es dans certains cas.<\/p>\n<p>Que vous soyez une entreprise ou un ind\u00e9pendant, Kaurum peut vous aider. Contactez-nous au plus vite et nos comptables exp\u00e9riment\u00e9s s&#8217;en occuperont en urgence.<\/p>\n<p>Pr\u00e9parez tous les documents n\u00e9cessaires :<\/p>\n<ul>\n<li>Relev\u00e9s bancaires<\/li>\n<li>Pi\u00e8ces comptables (factures d&#8217;achats et de ventes, etc.)<\/li>\n<li>D\u00e9comptes TVA<\/li>\n<li>D\u00e9comptes des assurances sociales<\/li>\n<li>Etc.<\/li>\n<\/ul>\n<p>Une fois ces documents transmis, nous \u00e9tablirons vos <strong>comptes annuels<\/strong> et si besoin, nous effectuerons les <strong>d\u00e9marches n\u00e9cessaires aupr\u00e8s de l&#8217;administration fiscale<\/strong>.<\/p>\n\t\t\t\t<img decoding=\"async\" src=\"https:\/\/kaurum.com\/wp-content\/uploads\/2022\/06\/comptabilite_02.svg\" alt=\"Comptabilit\u00e9 et salaires\" itemprop=\"image\" title=\"comptabilite_02\" onerror=\"this.style.display='none'\" loading='lazy' \/>\n\t<p>Il est essentiel de tenir une comptabilit\u00e9 \u00e0 jour pour satisfaire aux obligations l\u00e9gales mais aussi fiscales, en particulier les d\u00e9clarations TVA (pour \u00e9viter les int\u00e9r\u00eats moratoires et p\u00e9nalit\u00e9s de retard) et les d\u00e9claration fiscales (pour \u00e9viter les int\u00e9r\u00eats moratoires et\/ou une taxation d&#8217;office).<\/p>\n\n","protected":false},"excerpt":{"rendered":"<p>01. Comptabilit\u00e9, salaires, imp\u00f4ts Vous souhaitez vous concentrer sur votre c\u0153ur de m\u00e9tier et ne plus penser aux t\u00e2ches administratives\u00a0? De l&#8217;\u00e9tablissement de la comptabilit\u00e9 \u00e0 la d\u00e9claration d&#8217;imp\u00f4ts, Kaurum s&#8217;occupe de tout. Fiduciaire moderne, digitale et professionnelle, nous vous proposons des offres avec des prix transparents et mettons \u00e0 votre disposition les meilleurs outils.&hellip;<\/p>\n","protected":false},"author":1,"featured_media":1352,"parent":3121,"menu_order":0,"comment_status":"closed","ping_status":"closed","template":"","meta":{"_acf_changed":false,"content-type":"","footnotes":""},"class_list":["post-1453","page","type-page","status-publish","has-post-thumbnail","hentry"],"acf":[],"yoast_head":"<!-- This site is optimized with the Yoast SEO Premium plugin v27.3 (Yoast SEO v27.4) - https:\/\/yoast.com\/product\/yoast-seo-premium-wordpress\/ -->\n<title>Accounting and payroll in Switzerland: SMEs and start-ups<\/title>\n<meta name=\"description\" content=\"Accounting and payroll services for SMEs, the self-employed and start-ups in Switzerland. Your Kaurum fiduciary is there to support you!\" \/>\n<meta name=\"robots\" content=\"index, follow, max-snippet:-1, max-image-preview:large, max-video-preview:-1\" \/>\n<link rel=\"canonical\" href=\"https:\/\/kaurum.com\/en\/our-services\/accounting-payroll\/\" \/>\n<meta property=\"og:locale\" content=\"en_US\" \/>\n<meta property=\"og:type\" content=\"article\" \/>\n<meta property=\"og:title\" content=\"Accounting and payroll in Switzerland: SMEs and start-ups\" \/>\n<meta property=\"og:description\" content=\"Accounting and payroll services for SMEs, the self-employed and start-ups in Switzerland. Your Kaurum fiduciary is there to support you!\" \/>\n<meta property=\"og:url\" content=\"https:\/\/kaurum.com\/en\/our-services\/accounting-payroll\/\" \/>\n<meta property=\"og:site_name\" content=\"Kaurum\" \/>\n<meta property=\"article:publisher\" content=\"https:\/\/www.linkedin.com\/company\/kaurum\/\" \/>\n<meta property=\"article:modified_time\" content=\"2026-02-08T16:19:30+00:00\" \/>\n<meta name=\"twitter:card\" content=\"summary_large_image\" \/>\n<meta name=\"twitter:label1\" content=\"Est. reading time\" \/>\n\t<meta name=\"twitter:data1\" content=\"2 minutes\" \/>\n<script type=\"application\/ld+json\" class=\"yoast-schema-graph\">{\"@context\":\"https:\\\/\\\/schema.org\",\"@graph\":[{\"@type\":\"WebPage\",\"@id\":\"https:\\\/\\\/kaurum.com\\\/en\\\/our-services\\\/accounting-payroll\\\/\",\"url\":\"https:\\\/\\\/kaurum.com\\\/en\\\/our-services\\\/accounting-payroll\\\/\",\"name\":\"Accounting and payroll in Switzerland: SMEs and start-ups\",\"isPartOf\":{\"@id\":\"https:\\\/\\\/kaurum.com\\\/en\\\/#website\"},\"primaryImageOfPage\":{\"@id\":\"https:\\\/\\\/kaurum.com\\\/en\\\/our-services\\\/accounting-payroll\\\/#primaryimage\"},\"image\":{\"@id\":\"https:\\\/\\\/kaurum.com\\\/en\\\/our-services\\\/accounting-payroll\\\/#primaryimage\"},\"thumbnailUrl\":\"https:\\\/\\\/kaurum.com\\\/wp-content\\\/uploads\\\/2022\\\/06\\\/icon_comptabilite.svg\",\"datePublished\":\"2022-06-07T09:30:15+00:00\",\"dateModified\":\"2026-02-08T16:19:30+00:00\",\"description\":\"Accounting and payroll services for SMEs, the self-employed and start-ups in Switzerland. Your Kaurum fiduciary is there to support you!\",\"breadcrumb\":{\"@id\":\"https:\\\/\\\/kaurum.com\\\/en\\\/our-services\\\/accounting-payroll\\\/#breadcrumb\"},\"inLanguage\":\"en-US\",\"potentialAction\":[{\"@type\":\"ReadAction\",\"target\":[\"https:\\\/\\\/kaurum.com\\\/en\\\/our-services\\\/accounting-payroll\\\/\"]}]},{\"@type\":\"ImageObject\",\"inLanguage\":\"en-US\",\"@id\":\"https:\\\/\\\/kaurum.com\\\/en\\\/our-services\\\/accounting-payroll\\\/#primaryimage\",\"url\":\"https:\\\/\\\/kaurum.com\\\/wp-content\\\/uploads\\\/2022\\\/06\\\/icon_comptabilite.svg\",\"contentUrl\":\"https:\\\/\\\/kaurum.com\\\/wp-content\\\/uploads\\\/2022\\\/06\\\/icon_comptabilite.svg\",\"caption\":\"Kaurum - Comptablit\u00e9\"},{\"@type\":\"BreadcrumbList\",\"@id\":\"https:\\\/\\\/kaurum.com\\\/en\\\/our-services\\\/accounting-payroll\\\/#breadcrumb\",\"itemListElement\":[{\"@type\":\"ListItem\",\"position\":1,\"name\":\"Kaurum\",\"item\":\"https:\\\/\\\/kaurum.com\\\/en\\\/\"},{\"@type\":\"ListItem\",\"position\":2,\"name\":\"Our services\",\"item\":\"https:\\\/\\\/kaurum.com\\\/en\\\/our-services\\\/\"},{\"@type\":\"ListItem\",\"position\":3,\"name\":\"Accounting \\\/ Payroll\"}]},{\"@type\":\"WebSite\",\"@id\":\"https:\\\/\\\/kaurum.com\\\/en\\\/#website\",\"url\":\"https:\\\/\\\/kaurum.com\\\/en\\\/\",\"name\":\"Kaurum\",\"description\":\"Votre fiduciaire d\u00e9di\u00e9e digitale\",\"publisher\":{\"@id\":\"https:\\\/\\\/kaurum.com\\\/en\\\/#organization\"},\"potentialAction\":[{\"@type\":\"SearchAction\",\"target\":{\"@type\":\"EntryPoint\",\"urlTemplate\":\"https:\\\/\\\/kaurum.com\\\/en\\\/?s={search_term_string}\"},\"query-input\":{\"@type\":\"PropertyValueSpecification\",\"valueRequired\":true,\"valueName\":\"search_term_string\"}}],\"inLanguage\":\"en-US\"},{\"@type\":\"Organization\",\"@id\":\"https:\\\/\\\/kaurum.com\\\/en\\\/#organization\",\"name\":\"Kaurum\",\"url\":\"https:\\\/\\\/kaurum.com\\\/en\\\/\",\"logo\":{\"@type\":\"ImageObject\",\"inLanguage\":\"en-US\",\"@id\":\"https:\\\/\\\/kaurum.com\\\/en\\\/#\\\/schema\\\/logo\\\/image\\\/\",\"url\":\"https:\\\/\\\/kaurum.com\\\/wp-content\\\/uploads\\\/2022\\\/05\\\/kaurum-logo-colour.svg\",\"contentUrl\":\"https:\\\/\\\/kaurum.com\\\/wp-content\\\/uploads\\\/2022\\\/05\\\/kaurum-logo-colour.svg\",\"width\":1,\"height\":1,\"caption\":\"Kaurum\"},\"image\":{\"@id\":\"https:\\\/\\\/kaurum.com\\\/en\\\/#\\\/schema\\\/logo\\\/image\\\/\"},\"sameAs\":[\"https:\\\/\\\/www.linkedin.com\\\/company\\\/kaurum\\\/\"]}]}<\/script>\n<!-- \/ Yoast SEO Premium plugin. -->","yoast_head_json":{"title":"Accounting and payroll in Switzerland: SMEs and start-ups","description":"Accounting and payroll services for SMEs, the self-employed and start-ups in Switzerland. Your Kaurum fiduciary is there to support you!","robots":{"index":"index","follow":"follow","max-snippet":"max-snippet:-1","max-image-preview":"max-image-preview:large","max-video-preview":"max-video-preview:-1"},"canonical":"https:\/\/kaurum.com\/en\/our-services\/accounting-payroll\/","og_locale":"en_US","og_type":"article","og_title":"Accounting and payroll in Switzerland: SMEs and start-ups","og_description":"Accounting and payroll services for SMEs, the self-employed and start-ups in Switzerland. Your Kaurum fiduciary is there to support you!","og_url":"https:\/\/kaurum.com\/en\/our-services\/accounting-payroll\/","og_site_name":"Kaurum","article_publisher":"https:\/\/www.linkedin.com\/company\/kaurum\/","article_modified_time":"2026-02-08T16:19:30+00:00","twitter_card":"summary_large_image","twitter_misc":{"Est. reading time":"2 minutes"},"schema":{"@context":"https:\/\/schema.org","@graph":[{"@type":"WebPage","@id":"https:\/\/kaurum.com\/en\/our-services\/accounting-payroll\/","url":"https:\/\/kaurum.com\/en\/our-services\/accounting-payroll\/","name":"Accounting and payroll in Switzerland: SMEs and start-ups","isPartOf":{"@id":"https:\/\/kaurum.com\/en\/#website"},"primaryImageOfPage":{"@id":"https:\/\/kaurum.com\/en\/our-services\/accounting-payroll\/#primaryimage"},"image":{"@id":"https:\/\/kaurum.com\/en\/our-services\/accounting-payroll\/#primaryimage"},"thumbnailUrl":"https:\/\/kaurum.com\/wp-content\/uploads\/2022\/06\/icon_comptabilite.svg","datePublished":"2022-06-07T09:30:15+00:00","dateModified":"2026-02-08T16:19:30+00:00","description":"Accounting and payroll services for SMEs, the self-employed and start-ups in Switzerland. Your Kaurum fiduciary is there to support you!","breadcrumb":{"@id":"https:\/\/kaurum.com\/en\/our-services\/accounting-payroll\/#breadcrumb"},"inLanguage":"en-US","potentialAction":[{"@type":"ReadAction","target":["https:\/\/kaurum.com\/en\/our-services\/accounting-payroll\/"]}]},{"@type":"ImageObject","inLanguage":"en-US","@id":"https:\/\/kaurum.com\/en\/our-services\/accounting-payroll\/#primaryimage","url":"https:\/\/kaurum.com\/wp-content\/uploads\/2022\/06\/icon_comptabilite.svg","contentUrl":"https:\/\/kaurum.com\/wp-content\/uploads\/2022\/06\/icon_comptabilite.svg","caption":"Kaurum - Comptablit\u00e9"},{"@type":"BreadcrumbList","@id":"https:\/\/kaurum.com\/en\/our-services\/accounting-payroll\/#breadcrumb","itemListElement":[{"@type":"ListItem","position":1,"name":"Kaurum","item":"https:\/\/kaurum.com\/en\/"},{"@type":"ListItem","position":2,"name":"Our services","item":"https:\/\/kaurum.com\/en\/our-services\/"},{"@type":"ListItem","position":3,"name":"Accounting \/ Payroll"}]},{"@type":"WebSite","@id":"https:\/\/kaurum.com\/en\/#website","url":"https:\/\/kaurum.com\/en\/","name":"Kaurum","description":"Votre fiduciaire d\u00e9di\u00e9e digitale","publisher":{"@id":"https:\/\/kaurum.com\/en\/#organization"},"potentialAction":[{"@type":"SearchAction","target":{"@type":"EntryPoint","urlTemplate":"https:\/\/kaurum.com\/en\/?s={search_term_string}"},"query-input":{"@type":"PropertyValueSpecification","valueRequired":true,"valueName":"search_term_string"}}],"inLanguage":"en-US"},{"@type":"Organization","@id":"https:\/\/kaurum.com\/en\/#organization","name":"Kaurum","url":"https:\/\/kaurum.com\/en\/","logo":{"@type":"ImageObject","inLanguage":"en-US","@id":"https:\/\/kaurum.com\/en\/#\/schema\/logo\/image\/","url":"https:\/\/kaurum.com\/wp-content\/uploads\/2022\/05\/kaurum-logo-colour.svg","contentUrl":"https:\/\/kaurum.com\/wp-content\/uploads\/2022\/05\/kaurum-logo-colour.svg","width":1,"height":1,"caption":"Kaurum"},"image":{"@id":"https:\/\/kaurum.com\/en\/#\/schema\/logo\/image\/"},"sameAs":["https:\/\/www.linkedin.com\/company\/kaurum\/"]}]}},"_links":{"self":[{"href":"https:\/\/kaurum.com\/en\/wp-json\/wp\/v2\/pages\/1453","targetHints":{"allow":["GET"]}}],"collection":[{"href":"https:\/\/kaurum.com\/en\/wp-json\/wp\/v2\/pages"}],"about":[{"href":"https:\/\/kaurum.com\/en\/wp-json\/wp\/v2\/types\/page"}],"author":[{"embeddable":true,"href":"https:\/\/kaurum.com\/en\/wp-json\/wp\/v2\/users\/1"}],"replies":[{"embeddable":true,"href":"https:\/\/kaurum.com\/en\/wp-json\/wp\/v2\/comments?post=1453"}],"version-history":[{"count":5,"href":"https:\/\/kaurum.com\/en\/wp-json\/wp\/v2\/pages\/1453\/revisions"}],"predecessor-version":[{"id":3211,"href":"https:\/\/kaurum.com\/en\/wp-json\/wp\/v2\/pages\/1453\/revisions\/3211"}],"up":[{"embeddable":true,"href":"https:\/\/kaurum.com\/en\/wp-json\/wp\/v2\/pages\/3121"}],"wp:featuredmedia":[{"embeddable":true,"href":"https:\/\/kaurum.com\/en\/wp-json\/wp\/v2\/media\/1352"}],"wp:attachment":[{"href":"https:\/\/kaurum.com\/en\/wp-json\/wp\/v2\/media?parent=1453"}],"curies":[{"name":"wp","href":"https:\/\/api.w.org\/{rel}","templated":true}]}}