{"id":1454,"date":"2022-06-05T13:24:41","date_gmt":"2022-06-05T11:24:41","guid":{"rendered":"https:\/\/kaurum.com\/taxation\/"},"modified":"2025-07-22T16:16:28","modified_gmt":"2025-07-22T14:16:28","slug":"taxation","status":"publish","type":"page","link":"https:\/\/kaurum.com\/en\/our-services\/taxation\/","title":{"rendered":"Taxation and tax returns Vaud, Geneva and Lausanne"},"content":{"rendered":"\n\n\t<div data-src=\"https:\/\/cdn.trustindex.io\/loader.js?59c6c7e46624833296168f6478c\"><\/div>\n\t\t<h2>\n\t\t\t01. Fiscalit\u00e9\n\t\t<\/h2>\n\t\t\t<p>Que vous soyez une PME, une multinationale, une entreprise d\u00e9sirant s&#8217;implanter en Suisse ou un particulier, la fiscalit\u00e9 a toujours une place centrale dans chacune de vos d\u00e9cisions.<\/p>\t\t\n\t<p>Nos experts en fiscalit\u00e9 sont \u00e0 votre disposition pour vous aider \u00e0 mettre en place une planification fiscale ad\u00e9quate, optimiser vos imp\u00f4ts et profiter de toutes les d\u00e9ductions fiscales pour vous faire gagner de l&#8217;argent.<\/p>\n\t<p>Pour les entreprises<\/p>\n\t<p>Les entreprises font face \u00e0 une multitude d&#8217;obligations et de probl\u00e9matiques fiscales qu&#8217;il faut traiter et anticiper.<\/p>\n\t\t\t\t<img decoding=\"async\" src=\"https:\/\/kaurum.com\/wp-content\/uploads\/2022\/06\/fiscalite_01.svg\" alt=\"Fiscalit\u00e9\" itemprop=\"image\" title=\"fiscalite_01\" onerror=\"this.style.display='none'\" loading='lazy' \/>\n\t<p>Les obligations d\u00e9claratives tout d&#8217;abord, il faut pouvoir y faire face r\u00e9guli\u00e8rement via des d\u00e9clarations fiscales annuelles (pour l&#8217;imp\u00f4t cantonal et communal et l&#8217;imp\u00f4t f\u00e9d\u00e9ral), des d\u00e9clarations TVA ou encore l&#8217;envoi de formules \u00e0 l&#8217;administration f\u00e9d\u00e9rale des contributions (lors du versement de dividendes par exemple) pour satisfaire aux obligations li\u00e9es \u00e0 l&#8217;imp\u00f4t anticip\u00e9 et au droit de timbre.<\/p>\n<p>Les entreprises font \u00e9galement face \u00e0 des probl\u00e9matiques fiscales qui peuvent \u00eatre complexes\u00a0: par exemple la mise en place ou la gestion des prix de transfert, des op\u00e9rations de re(structuration) de groupes ou encore des probl\u00e9matiques de planification fiscale qui peuvent s&#8217;av\u00e9rer complexes.<\/p>\n\t<p>Pour toutes ces raisons, il est essentiel d&#8217;\u00eatre accompagn\u00e9 sur le long terme et surtout lors de toute op\u00e9ration importante qui pourrait survenir dans la vie de votre entreprise.<\/p>\n<p>Nous proposons en particulier les services suivants :<\/p>\n\t<ul>\n\t\t\t<li>\n\t\t\t\tPr\u00e9paration des d\u00e9clarations fiscales\n\t\t\t<\/li>\n\t\t\t<li>\n\t\t\t\tPr\u00e9paration des formules \u00e0 l&#8217;AFC (d\u00e9clarations de dividendes, etc.)\n\t\t\t<\/li>\n\t\t\t<li>\n\t\t\t\tPr\u00e9paration des d\u00e9clarations de l&#8217;imp\u00f4t \u00e0 la source des employ\u00e9s frontaliers\n\t\t\t<\/li>\n\t\t\t<li>\n\t\t\t\tPr\u00e9paration des d\u00e9clarations TVA\n\t\t\t<\/li>\n\t\t\t<li>\n\t\t\t\tPrix de transfert\n\t\t\t<\/li>\n\t\t\t<li>\n\t\t\t\tDemandes de ruling\n\t\t\t<\/li>\n\t\t\t<li>\n\t\t\t\tAvis fiscaux relatifs aux probl\u00e9matiques fiscales suisses et internationales\n\t\t\t<\/li>\n\t\t\t<li>\n\t\t\t\t(Re)structuration de groupes\n\t\t\t<\/li>\n\t\t<\/ul>\n\t<p>Nous vous invitons \u00e0 nous contacter, nos experts sont \u00e0 votre disposition.<\/p>\n\t<p>Pour les particuliers<\/p>\n\t<p>Les particuliers font \u00e9galement face \u00e0 une multitude d&#8217;obligations et de probl\u00e9matiques fiscales qu&#8217;il faut traiter et anticiper.<\/p>\n\t\t\t\t<img decoding=\"async\" src=\"https:\/\/kaurum.com\/wp-content\/uploads\/2022\/06\/fiscalite_02.svg\" alt=\"Fiscalit\u00e9\" itemprop=\"image\" title=\"fiscalite_02\" onerror=\"this.style.display='none'\" loading='lazy' \/>\n\t<p>La d\u00e9claration fiscale annuelle relative \u00e0 l&#8217;imp\u00f4t sur le revenu comporte une multitude de d\u00e9ductions fiscales qui permettent de minimiser sa charge fiscale et donc d&#8217;optimiser ses imp\u00f4ts. Par exemple, les d\u00e9ductions fiscales telles que le 3<sup>\u00e8me<\/sup> pilier ou le rachat de parts de 2<sup>\u00e8me<\/sup> pilier peuvent significativement impacter votre imp\u00f4t \u00e0 payer. Il est donc essentiel d&#8217;\u00eatre accompagn\u00e9 par des experts qui sauront vous faire gagner de l&#8217;argent.<\/p>\n<p>Si vous d\u00e9tenez des titres de soci\u00e9t\u00e9s non cot\u00e9es ou encore des biens immobiliers, leur correcte \u00e9valuation est importante et la contestation de valeurs trop \u00e9lev\u00e9es retenues par l&#8217;administration fiscale peut aussi \u00eatre d\u00e9cisive afin de minimiser votre charge fiscale.<\/p>\n<p>Nous pouvons \u00e9galement vous accompagner lors d&#8217;une proc\u00e9dure de d\u00e9nonciation spontan\u00e9e \u00e0 l&#8217;administration fiscale cantonale. Nos experts sont disponibles \u00e0 tout moment pour vous accompagner dans cette d\u00e9marche exceptionnelle qui peut s&#8217;av\u00e9rer une source d&#8217;inqui\u00e9tude importante.<\/p>\n\t<p>Il est \u00e9galement important d&#8217;anticiper toute planification fiscale et\/ou successorale. Dans ce cas, il est important d&#8217;analyser la situation dans sa globalit\u00e9 afin de pouvoir vous conseiller au mieux, aussi bien sur le court terme que sur le long terme. Nos experts sont \u00e0 votre disposition pour en discuter et nous pouvons pr\u00e9voir un rendez-vous pour en discuter.<\/p>\n<p>Si vous \u00eates \u00e9tranger et envisagez de vous installer en Suisse sans exercer d&#8217;activit\u00e9 lucrative en Suisse, nous pouvons \u00e9galement vous accompagner dans la n\u00e9gociation d&#8217;une imposition au forfait avec votre canton dans lequel vous souhaitez vous domicilier.<\/p>\n\t\t\t\t<img decoding=\"async\" src=\"https:\/\/kaurum.com\/wp-content\/uploads\/2022\/06\/fiscalite_03.svg\" alt=\"Fiscalit\u00e9\" itemprop=\"image\" title=\"fiscalite_03\" onerror=\"this.style.display='none'\" loading='lazy' \/>\n\t<p>Nous proposons en particulier les services suivants\u00a0:<\/p>\n\t<ul>\n\t\t\t<li>\n\t\t\t\tPr\u00e9paration des d\u00e9clarations fiscales (ordinaires, simplifi\u00e9es)\n\t\t\t<\/li>\n\t\t\t<li>\n\t\t\t\tProc\u00e9dures de d\u00e9nonciations spontan\u00e9es\n\t\t\t<\/li>\n\t\t\t<li>\n\t\t\t\tImposition au forfait\n\t\t\t<\/li>\n\t\t\t<li>\n\t\t\t\tPlanification fiscale et successorale\n\t\t\t<\/li>\n\t\t\t<li>\n\t\t\t\tAvis fiscaux relatifs aux probl\u00e9matiques fiscales suisses et internationales\n\t\t\t<\/li>\n\t\t<\/ul>\n\t<p>Nous vous invitons \u00e0 nous contacter, nos experts sont \u00e0 votre disposition.<\/p>\n\t\t<h2>\n\t\t\t02. Repr\u00e9sentation fiscale\n\t\t<\/h2>\n\t\t\t<p>Vous \u00eates une entreprise qui a son si\u00e8ge \u00e0 l&#8217;\u00e9tranger et est active en Suisse ? Vous r\u00e9alisez un chiffre d&#8217;affaires sup\u00e9rieur \u00e0 CHF 100&#8217;000 par an ?<\/p>\t\t\n\t<p>Si vous avez r\u00e9pondu \u00e0 l&#8217;affirmative \u00e0 ces deux questions, il est possible que l&#8217;AFC vous consid\u00e8re comme <strong>assujetti \u00e0 la taxe sur la valeur ajout\u00e9e en Suisse<\/strong>.<\/p>\n<p>Notre offre comprend :<\/p>\n\t<ul>\n\t\t\t<li>\n\t\t\t\tUne \u00e9valuation de votre obligation fiscale\n\t\t\t<\/li>\n\t\t\t<li>\n\t\t\t\tL&#8217;inscription au registre suisse des assujettis \u00e0 la taxe sur la valeur ajout\u00e9e\n\t\t\t<\/li>\n\t\t\t<li>\n\t\t\t\tLes d\u00e9clarations et soumissions des d\u00e9comptes trimestriels\n\t\t\t<\/li>\n\t\t\t<li>\n\t\t\t\tLes correspondances et n\u00e9gociations avec l&#8217;AFC\n\t\t\t<\/li>\n\t\t<\/ul>\n\n","protected":false},"excerpt":{"rendered":"<p>01. Fiscalit\u00e9 Que vous soyez une PME, une multinationale, une entreprise d\u00e9sirant s&#8217;implanter en Suisse ou un particulier, la fiscalit\u00e9 a toujours une place centrale dans chacune de vos d\u00e9cisions. Nos experts en fiscalit\u00e9 sont \u00e0 votre disposition pour vous aider \u00e0 mettre en place une planification fiscale ad\u00e9quate, optimiser vos imp\u00f4ts et profiter de&hellip;<\/p>\n","protected":false},"author":1,"featured_media":1351,"parent":3121,"menu_order":0,"comment_status":"closed","ping_status":"closed","template":"","meta":{"_acf_changed":false,"content-type":"","footnotes":""},"class_list":["post-1454","page","type-page","status-publish","has-post-thumbnail","hentry"],"acf":[],"yoast_head":"<!-- This site is optimized with the Yoast SEO Premium plugin v27.3 (Yoast SEO v27.4) - https:\/\/yoast.com\/product\/yoast-seo-premium-wordpress\/ -->\n<title>Taxation and tax returns Vaud, Geneva and Lausanne<\/title>\n<meta name=\"description\" content=\"Our tax experts are here to help you with your tax affairs and tax returns, for companies and individuals, in the Vaud, Geneva and Lausanne!\" \/>\n<meta name=\"robots\" content=\"index, follow, max-snippet:-1, max-image-preview:large, max-video-preview:-1\" \/>\n<link rel=\"canonical\" href=\"https:\/\/kaurum.com\/en\/our-services\/taxation\/\" \/>\n<meta property=\"og:locale\" content=\"en_US\" \/>\n<meta property=\"og:type\" content=\"article\" \/>\n<meta property=\"og:title\" content=\"Taxation and tax returns Vaud, Geneva and Lausanne\" \/>\n<meta property=\"og:description\" content=\"Our tax experts are here to help you with your tax affairs and tax returns, for companies and individuals, in the Vaud, Geneva and Lausanne!\" \/>\n<meta property=\"og:url\" content=\"https:\/\/kaurum.com\/en\/our-services\/taxation\/\" \/>\n<meta property=\"og:site_name\" content=\"Kaurum\" \/>\n<meta property=\"article:publisher\" content=\"https:\/\/www.linkedin.com\/company\/kaurum\/\" \/>\n<meta property=\"article:modified_time\" content=\"2025-07-22T14:16:28+00:00\" \/>\n<meta name=\"twitter:card\" content=\"summary_large_image\" \/>\n<meta name=\"twitter:label1\" content=\"Est. reading time\" \/>\n\t<meta name=\"twitter:data1\" content=\"4 minutes\" \/>\n<script type=\"application\/ld+json\" class=\"yoast-schema-graph\">{\"@context\":\"https:\\\/\\\/schema.org\",\"@graph\":[{\"@type\":\"WebPage\",\"@id\":\"https:\\\/\\\/kaurum.com\\\/en\\\/our-services\\\/taxation\\\/\",\"url\":\"https:\\\/\\\/kaurum.com\\\/en\\\/our-services\\\/taxation\\\/\",\"name\":\"Taxation and tax returns Vaud, Geneva and Lausanne\",\"isPartOf\":{\"@id\":\"https:\\\/\\\/kaurum.com\\\/en\\\/#website\"},\"primaryImageOfPage\":{\"@id\":\"https:\\\/\\\/kaurum.com\\\/en\\\/our-services\\\/taxation\\\/#primaryimage\"},\"image\":{\"@id\":\"https:\\\/\\\/kaurum.com\\\/en\\\/our-services\\\/taxation\\\/#primaryimage\"},\"thumbnailUrl\":\"https:\\\/\\\/kaurum.com\\\/wp-content\\\/uploads\\\/2022\\\/06\\\/icon_fiscalite.svg\",\"datePublished\":\"2022-06-05T11:24:41+00:00\",\"dateModified\":\"2025-07-22T14:16:28+00:00\",\"description\":\"Our tax experts are here to help you with your tax affairs and tax returns, for companies and individuals, in the Vaud, Geneva and Lausanne!\",\"breadcrumb\":{\"@id\":\"https:\\\/\\\/kaurum.com\\\/en\\\/our-services\\\/taxation\\\/#breadcrumb\"},\"inLanguage\":\"en-US\",\"potentialAction\":[{\"@type\":\"ReadAction\",\"target\":[\"https:\\\/\\\/kaurum.com\\\/en\\\/our-services\\\/taxation\\\/\"]}]},{\"@type\":\"ImageObject\",\"inLanguage\":\"en-US\",\"@id\":\"https:\\\/\\\/kaurum.com\\\/en\\\/our-services\\\/taxation\\\/#primaryimage\",\"url\":\"https:\\\/\\\/kaurum.com\\\/wp-content\\\/uploads\\\/2022\\\/06\\\/icon_fiscalite.svg\",\"contentUrl\":\"https:\\\/\\\/kaurum.com\\\/wp-content\\\/uploads\\\/2022\\\/06\\\/icon_fiscalite.svg\",\"caption\":\"Kaurum - Fiscalit\u00e9\"},{\"@type\":\"BreadcrumbList\",\"@id\":\"https:\\\/\\\/kaurum.com\\\/en\\\/our-services\\\/taxation\\\/#breadcrumb\",\"itemListElement\":[{\"@type\":\"ListItem\",\"position\":1,\"name\":\"Kaurum\",\"item\":\"https:\\\/\\\/kaurum.com\\\/en\\\/\"},{\"@type\":\"ListItem\",\"position\":2,\"name\":\"Our services\",\"item\":\"https:\\\/\\\/kaurum.com\\\/en\\\/our-services\\\/\"},{\"@type\":\"ListItem\",\"position\":3,\"name\":\"Taxation and tax returns\"}]},{\"@type\":\"WebSite\",\"@id\":\"https:\\\/\\\/kaurum.com\\\/en\\\/#website\",\"url\":\"https:\\\/\\\/kaurum.com\\\/en\\\/\",\"name\":\"Kaurum\",\"description\":\"Votre fiduciaire d\u00e9di\u00e9e digitale\",\"publisher\":{\"@id\":\"https:\\\/\\\/kaurum.com\\\/en\\\/#organization\"},\"potentialAction\":[{\"@type\":\"SearchAction\",\"target\":{\"@type\":\"EntryPoint\",\"urlTemplate\":\"https:\\\/\\\/kaurum.com\\\/en\\\/?s={search_term_string}\"},\"query-input\":{\"@type\":\"PropertyValueSpecification\",\"valueRequired\":true,\"valueName\":\"search_term_string\"}}],\"inLanguage\":\"en-US\"},{\"@type\":\"Organization\",\"@id\":\"https:\\\/\\\/kaurum.com\\\/en\\\/#organization\",\"name\":\"Kaurum\",\"url\":\"https:\\\/\\\/kaurum.com\\\/en\\\/\",\"logo\":{\"@type\":\"ImageObject\",\"inLanguage\":\"en-US\",\"@id\":\"https:\\\/\\\/kaurum.com\\\/en\\\/#\\\/schema\\\/logo\\\/image\\\/\",\"url\":\"https:\\\/\\\/kaurum.com\\\/wp-content\\\/uploads\\\/2022\\\/05\\\/kaurum-logo-colour.svg\",\"contentUrl\":\"https:\\\/\\\/kaurum.com\\\/wp-content\\\/uploads\\\/2022\\\/05\\\/kaurum-logo-colour.svg\",\"width\":1,\"height\":1,\"caption\":\"Kaurum\"},\"image\":{\"@id\":\"https:\\\/\\\/kaurum.com\\\/en\\\/#\\\/schema\\\/logo\\\/image\\\/\"},\"sameAs\":[\"https:\\\/\\\/www.linkedin.com\\\/company\\\/kaurum\\\/\"]}]}<\/script>\n<!-- \/ Yoast SEO Premium plugin. -->","yoast_head_json":{"title":"Taxation and tax returns Vaud, Geneva and Lausanne","description":"Our tax experts are here to help you with your tax affairs and tax returns, for companies and individuals, in the Vaud, Geneva and Lausanne!","robots":{"index":"index","follow":"follow","max-snippet":"max-snippet:-1","max-image-preview":"max-image-preview:large","max-video-preview":"max-video-preview:-1"},"canonical":"https:\/\/kaurum.com\/en\/our-services\/taxation\/","og_locale":"en_US","og_type":"article","og_title":"Taxation and tax returns Vaud, Geneva and Lausanne","og_description":"Our tax experts are here to help you with your tax affairs and tax returns, for companies and individuals, in the Vaud, Geneva and Lausanne!","og_url":"https:\/\/kaurum.com\/en\/our-services\/taxation\/","og_site_name":"Kaurum","article_publisher":"https:\/\/www.linkedin.com\/company\/kaurum\/","article_modified_time":"2025-07-22T14:16:28+00:00","twitter_card":"summary_large_image","twitter_misc":{"Est. reading time":"4 minutes"},"schema":{"@context":"https:\/\/schema.org","@graph":[{"@type":"WebPage","@id":"https:\/\/kaurum.com\/en\/our-services\/taxation\/","url":"https:\/\/kaurum.com\/en\/our-services\/taxation\/","name":"Taxation and tax returns Vaud, Geneva and Lausanne","isPartOf":{"@id":"https:\/\/kaurum.com\/en\/#website"},"primaryImageOfPage":{"@id":"https:\/\/kaurum.com\/en\/our-services\/taxation\/#primaryimage"},"image":{"@id":"https:\/\/kaurum.com\/en\/our-services\/taxation\/#primaryimage"},"thumbnailUrl":"https:\/\/kaurum.com\/wp-content\/uploads\/2022\/06\/icon_fiscalite.svg","datePublished":"2022-06-05T11:24:41+00:00","dateModified":"2025-07-22T14:16:28+00:00","description":"Our tax experts are here to help you with your tax affairs and tax returns, for companies and individuals, in the Vaud, Geneva and Lausanne!","breadcrumb":{"@id":"https:\/\/kaurum.com\/en\/our-services\/taxation\/#breadcrumb"},"inLanguage":"en-US","potentialAction":[{"@type":"ReadAction","target":["https:\/\/kaurum.com\/en\/our-services\/taxation\/"]}]},{"@type":"ImageObject","inLanguage":"en-US","@id":"https:\/\/kaurum.com\/en\/our-services\/taxation\/#primaryimage","url":"https:\/\/kaurum.com\/wp-content\/uploads\/2022\/06\/icon_fiscalite.svg","contentUrl":"https:\/\/kaurum.com\/wp-content\/uploads\/2022\/06\/icon_fiscalite.svg","caption":"Kaurum - Fiscalit\u00e9"},{"@type":"BreadcrumbList","@id":"https:\/\/kaurum.com\/en\/our-services\/taxation\/#breadcrumb","itemListElement":[{"@type":"ListItem","position":1,"name":"Kaurum","item":"https:\/\/kaurum.com\/en\/"},{"@type":"ListItem","position":2,"name":"Our services","item":"https:\/\/kaurum.com\/en\/our-services\/"},{"@type":"ListItem","position":3,"name":"Taxation and tax returns"}]},{"@type":"WebSite","@id":"https:\/\/kaurum.com\/en\/#website","url":"https:\/\/kaurum.com\/en\/","name":"Kaurum","description":"Votre fiduciaire d\u00e9di\u00e9e digitale","publisher":{"@id":"https:\/\/kaurum.com\/en\/#organization"},"potentialAction":[{"@type":"SearchAction","target":{"@type":"EntryPoint","urlTemplate":"https:\/\/kaurum.com\/en\/?s={search_term_string}"},"query-input":{"@type":"PropertyValueSpecification","valueRequired":true,"valueName":"search_term_string"}}],"inLanguage":"en-US"},{"@type":"Organization","@id":"https:\/\/kaurum.com\/en\/#organization","name":"Kaurum","url":"https:\/\/kaurum.com\/en\/","logo":{"@type":"ImageObject","inLanguage":"en-US","@id":"https:\/\/kaurum.com\/en\/#\/schema\/logo\/image\/","url":"https:\/\/kaurum.com\/wp-content\/uploads\/2022\/05\/kaurum-logo-colour.svg","contentUrl":"https:\/\/kaurum.com\/wp-content\/uploads\/2022\/05\/kaurum-logo-colour.svg","width":1,"height":1,"caption":"Kaurum"},"image":{"@id":"https:\/\/kaurum.com\/en\/#\/schema\/logo\/image\/"},"sameAs":["https:\/\/www.linkedin.com\/company\/kaurum\/"]}]}},"_links":{"self":[{"href":"https:\/\/kaurum.com\/en\/wp-json\/wp\/v2\/pages\/1454","targetHints":{"allow":["GET"]}}],"collection":[{"href":"https:\/\/kaurum.com\/en\/wp-json\/wp\/v2\/pages"}],"about":[{"href":"https:\/\/kaurum.com\/en\/wp-json\/wp\/v2\/types\/page"}],"author":[{"embeddable":true,"href":"https:\/\/kaurum.com\/en\/wp-json\/wp\/v2\/users\/1"}],"replies":[{"embeddable":true,"href":"https:\/\/kaurum.com\/en\/wp-json\/wp\/v2\/comments?post=1454"}],"version-history":[{"count":3,"href":"https:\/\/kaurum.com\/en\/wp-json\/wp\/v2\/pages\/1454\/revisions"}],"predecessor-version":[{"id":3203,"href":"https:\/\/kaurum.com\/en\/wp-json\/wp\/v2\/pages\/1454\/revisions\/3203"}],"up":[{"embeddable":true,"href":"https:\/\/kaurum.com\/en\/wp-json\/wp\/v2\/pages\/3121"}],"wp:featuredmedia":[{"embeddable":true,"href":"https:\/\/kaurum.com\/en\/wp-json\/wp\/v2\/media\/1351"}],"wp:attachment":[{"href":"https:\/\/kaurum.com\/en\/wp-json\/wp\/v2\/media?parent=1454"}],"curies":[{"name":"wp","href":"https:\/\/api.w.org\/{rel}","templated":true}]}}