{"id":1455,"date":"2022-06-07T11:30:39","date_gmt":"2022-06-07T09:30:39","guid":{"rendered":"https:\/\/kaurum.com\/audit\/"},"modified":"2025-07-22T16:04:37","modified_gmt":"2025-07-22T14:04:37","slug":"audit","status":"publish","type":"page","link":"https:\/\/kaurum.com\/en\/our-services\/audit\/","title":{"rendered":"Financial and accounting audit in Switzerland &#8211; Your Kaurum Trust"},"content":{"rendered":"\n\n\t<div data-src=\"https:\/\/cdn.trustindex.io\/loader.js?59c6c7e46624833296168f6478c\"><\/div>\n\t\t<h2>\n\t\t\t01. Audit externe\n\t\t<\/h2>\n\t\t\t<p>Kaurum est agr\u00e9\u00e9e en qualit\u00e9 d&#8217;expert-r\u00e9viseur aupr\u00e8s de l&#8217;autorit\u00e9 de surveillance de la r\u00e9vision ASR sous le num\u00e9ro 505418.<\/p>\t\t\n\t<p>A ce titre, nos experts-comptables dipl\u00f4m\u00e9s sont en mesure de fournir tout service d&#8217;audit, comme par exemple un contr\u00f4le restreint, un contr\u00f4le ordinaire, une attestation sp\u00e9ciale ou encore un audit contractuel.<\/p>\n\t\t\t\t<img decoding=\"async\" src=\"https:\/\/kaurum.com\/wp-content\/uploads\/2022\/06\/audit_01.svg\" alt=\"Audit\" itemprop=\"image\" title=\"audit_01\" onerror=\"this.style.display='none'\" loading='lazy' \/>\n\t<p>Nos experts sont \u00e0 votre \u00e9coute pour fournir un service qui respecte les plus hautes exigences de qualit\u00e9. Nous portons \u00e9galement une attention particuli\u00e8re \u00e0 toujours \u00eatre disponibles pour nos clients dans les 24h pour r\u00e9pondre \u00e0 toute question \u00e9ventuelle et tout besoin que pourrait avoir votre organisation. Vous b\u00e9n\u00e9ficiez d&#8217;une approche personnalis\u00e9e, adapt\u00e9e aux exigences et \u00e0 la complexit\u00e9 de votre organisation.<\/p>\n<p>Les audits, qu&#8217;ils soient l\u00e9gaux ou volontaires, peuvent \u00eatre b\u00e9n\u00e9fiques \u00e0 votre organisation, notamment pour\u00a0garantir la fiabilit\u00e9 des \u00e9tats financiers aux diff\u00e9rentes parties prenantes (banques, actionnaires, administrations fiscales, fournisseurs, etc.), contribuer \u00e0 l&#8217;obtention de meilleures conditions de financement aupr\u00e8s des banques et autres pr\u00eateurs, attirer de nouveaux investisseurs, mettre en \u00e9vidence la situation financi\u00e8re saine de l&#8217;entreprise avant une vente de l&#8217;entreprise, etc.<\/p>\n\t<p>Nos services d&#8217;audit externe sont les suivants :<\/p>\n\t<ul>\n\t\t\t<li>\n\t\t\t\tContr\u00f4le restreint (organe de r\u00e9vision)\n\t\t\t<\/li>\n\t\t\t<li>\n\t\t\t\tContr\u00f4le ordinaire (organe de r\u00e9vision)\n\t\t\t<\/li>\n\t\t\t<li>\n\t\t\t\tAttestations sp\u00e9ciales (relatives aux apports en nature, aux augmentations de capital, etc.)\n\t\t\t<\/li>\n\t\t\t<li>\n\t\t\t\tRapport de v\u00e9rification pour acc\u00e9l\u00e9rer la dissolution de la soci\u00e9t\u00e9 apr\u00e8s les trois appels aux cr\u00e9anciers (rapport sur la r\u00e9partition anticip\u00e9e de l&#8217;actif en cas de dissolution selon art. 745 al. 3 CO)\n\t\t\t<\/li>\n\t\t\t<li>\n\t\t\t\tAudit contractuel\n\t\t\t<\/li>\n\t\t\t<li>\n\t\t\t\tProc\u00e9dures convenues\n\t\t\t<\/li>\n\t\t\t<li>\n\t\t\t\tAudit de conformit\u00e9 des exigences l\u00e9gales relatives \u00e0 la LEFin \/ LSFin\n\t\t\t<\/li>\n\t\t<\/ul>\n\t\t<h2>\n\t\t\t02. Audit LBA et prudentiel\n\t\t<\/h2>\n\t\t\t<p>La lutte contre le blanchiment d&#8217;argent et le financement du terrorisme ainsi que le respect des r\u00e9glementations en vigueur \u00e9dict\u00e9es par la FINMA sont une pr\u00e9occupation majeure des r\u00e9gulateurs.<\/p>\t\t\n\t\t\t\t<img decoding=\"async\" src=\"https:\/\/kaurum.com\/wp-content\/uploads\/2022\/06\/audit_02.svg\" alt=\"Audit\" itemprop=\"image\" title=\"audit_02\" onerror=\"this.style.display='none'\" loading='lazy' \/>\n\t<p>Les interm\u00e9diaires financiers se doivent d&#8217;\u00eatre en conformit\u00e9 avec la l\u00e9gislation en vigueur, qui est en constance \u00e9volution. Nos experts-comptables dipl\u00f4m\u00e9s sont en mesure de r\u00e9aliser, via notre r\u00e9seau, les audits LBA requis par les organismes d&#8217;autor\u00e9gulation relatifs \u00e0 la loi sur le blanchiment d&#8217;argent ainsi que les audits prudentiels requis par les organismes de surveillance (OS) relatifs \u00e0 la LEFin \/ LSFin.<\/p>\n<p>Nous avons \u00e9galement d\u00e9velopp\u00e9 une solution compl\u00e8te de conseils pour les gestionnaires de fortune et les trustees\u00a0: <a href=\"https:\/\/kaurum.com\/en\/our-services\/compliance-risk\/\">Conformit\u00e9 et risques<\/a>.<\/p>\n\t<p>Nos services d&#8217;audit LBA et prudentiels sont les suivants :<\/p>\n\t<ul>\n\t\t\t<li>\n\t\t\t\tAudit LBA\n\t\t\t<\/li>\n\t\t\t<li>\n\t\t\t\tAudit prudentiel (OS)\n\t\t\t<\/li>\n\t\t<\/ul>\n\t\t<h2>\n\t\t\t03. Audit interne\n\t\t<\/h2>\n\t\t\t<p>Nos experts sont en mesure de proposer la mise en place d&#8217;\u00e9quipes pour une externalisation des audits internes de votre organisation.<\/p>\t\t\n\t<p>Nos experts peuvent vous aider \u00e0 am\u00e9liorer vos capacit\u00e9s, \u00e0 mieux comprendre et surveiller l&#8217;ex\u00e9cution d&#8217;op\u00e9rations critiques et de fonctions-cl\u00e9 et \u00e0 atteindre un niveau adapt\u00e9 de contr\u00f4le.<\/p>\n<p>Nos services d&#8217;audit interne sont les suivants\u00a0:<\/p>\n\t<ul>\n\t\t\t<li>\n\t\t\t\tExternalisation de l&#8217;audit interne (outsourcing et co-sourcing)\n\t\t\t<\/li>\n\t\t\t<li>\n\t\t\t\tGouvernance d&#8217;entreprise\n\t\t\t<\/li>\n\t\t\t<li>\n\t\t\t\tEvaluation et gestion du risque d&#8217;entreprise\n\t\t\t<\/li>\n\t\t\t<li>\n\t\t\t\tMise en place de la fonction audit interne\n\t\t\t<\/li>\n\t\t\t<li>\n\t\t\t\tOptimisation de la fonction audit interne\n\t\t\t<\/li>\n\t\t<\/ul>\n\n","protected":false},"excerpt":{"rendered":"<p>01. Audit externe Kaurum est agr\u00e9\u00e9e en qualit\u00e9 d&#8217;expert-r\u00e9viseur aupr\u00e8s de l&#8217;autorit\u00e9 de surveillance de la r\u00e9vision ASR sous le num\u00e9ro 505418. A ce titre, nos experts-comptables dipl\u00f4m\u00e9s sont en mesure de fournir tout service d&#8217;audit, comme par exemple un contr\u00f4le restreint, un contr\u00f4le ordinaire, une attestation sp\u00e9ciale ou encore un audit contractuel. Nos experts&hellip;<\/p>\n","protected":false},"author":1,"featured_media":1350,"parent":3121,"menu_order":0,"comment_status":"closed","ping_status":"closed","template":"","meta":{"_acf_changed":false,"content-type":"","footnotes":""},"class_list":["post-1455","page","type-page","status-publish","has-post-thumbnail","hentry"],"acf":[],"yoast_head":"<!-- This site is optimized with the Yoast SEO Premium plugin v27.3 (Yoast SEO v27.4) - https:\/\/yoast.com\/product\/yoast-seo-premium-wordpress\/ -->\n<title>Financial and accounting audit in Switzerland - Your Kaurum Trust<\/title>\n<meta name=\"description\" content=\"Financial and accounting audits for SMEs and large Swiss companies. Carried out by Kaurun Fiduciary with its accredited auditors.\" \/>\n<meta name=\"robots\" content=\"index, follow, max-snippet:-1, max-image-preview:large, max-video-preview:-1\" \/>\n<link rel=\"canonical\" href=\"https:\/\/kaurum.com\/en\/our-services\/audit\/\" \/>\n<meta property=\"og:locale\" content=\"en_US\" \/>\n<meta property=\"og:type\" content=\"article\" \/>\n<meta property=\"og:title\" content=\"Financial and accounting audit in Switzerland - Your Kaurum Trust\" \/>\n<meta property=\"og:description\" content=\"Financial and accounting audits for SMEs and large Swiss companies. Carried out by Kaurun Fiduciary with its accredited auditors.\" \/>\n<meta property=\"og:url\" content=\"https:\/\/kaurum.com\/en\/our-services\/audit\/\" \/>\n<meta property=\"og:site_name\" content=\"Kaurum\" \/>\n<meta property=\"article:publisher\" content=\"https:\/\/www.linkedin.com\/company\/kaurum\/\" \/>\n<meta property=\"article:modified_time\" content=\"2025-07-22T14:04:37+00:00\" \/>\n<meta name=\"twitter:card\" content=\"summary_large_image\" \/>\n<meta name=\"twitter:label1\" content=\"Est. reading time\" \/>\n\t<meta name=\"twitter:data1\" content=\"3 minutes\" \/>\n<script type=\"application\/ld+json\" class=\"yoast-schema-graph\">{\"@context\":\"https:\\\/\\\/schema.org\",\"@graph\":[{\"@type\":\"WebPage\",\"@id\":\"https:\\\/\\\/kaurum.com\\\/en\\\/our-services\\\/audit\\\/\",\"url\":\"https:\\\/\\\/kaurum.com\\\/en\\\/our-services\\\/audit\\\/\",\"name\":\"Financial and accounting audit in Switzerland - Your Kaurum Trust\",\"isPartOf\":{\"@id\":\"https:\\\/\\\/kaurum.com\\\/en\\\/#website\"},\"primaryImageOfPage\":{\"@id\":\"https:\\\/\\\/kaurum.com\\\/en\\\/our-services\\\/audit\\\/#primaryimage\"},\"image\":{\"@id\":\"https:\\\/\\\/kaurum.com\\\/en\\\/our-services\\\/audit\\\/#primaryimage\"},\"thumbnailUrl\":\"https:\\\/\\\/kaurum.com\\\/wp-content\\\/uploads\\\/2022\\\/06\\\/icon_audit.svg\",\"datePublished\":\"2022-06-07T09:30:39+00:00\",\"dateModified\":\"2025-07-22T14:04:37+00:00\",\"description\":\"Financial and accounting audits for SMEs and large Swiss companies. Carried out by Kaurun Fiduciary with its accredited auditors.\",\"breadcrumb\":{\"@id\":\"https:\\\/\\\/kaurum.com\\\/en\\\/our-services\\\/audit\\\/#breadcrumb\"},\"inLanguage\":\"en-US\",\"potentialAction\":[{\"@type\":\"ReadAction\",\"target\":[\"https:\\\/\\\/kaurum.com\\\/en\\\/our-services\\\/audit\\\/\"]}]},{\"@type\":\"ImageObject\",\"inLanguage\":\"en-US\",\"@id\":\"https:\\\/\\\/kaurum.com\\\/en\\\/our-services\\\/audit\\\/#primaryimage\",\"url\":\"https:\\\/\\\/kaurum.com\\\/wp-content\\\/uploads\\\/2022\\\/06\\\/icon_audit.svg\",\"contentUrl\":\"https:\\\/\\\/kaurum.com\\\/wp-content\\\/uploads\\\/2022\\\/06\\\/icon_audit.svg\",\"caption\":\"Kaurum - Audit\"},{\"@type\":\"BreadcrumbList\",\"@id\":\"https:\\\/\\\/kaurum.com\\\/en\\\/our-services\\\/audit\\\/#breadcrumb\",\"itemListElement\":[{\"@type\":\"ListItem\",\"position\":1,\"name\":\"Kaurum\",\"item\":\"https:\\\/\\\/kaurum.com\\\/en\\\/\"},{\"@type\":\"ListItem\",\"position\":2,\"name\":\"Our services\",\"item\":\"https:\\\/\\\/kaurum.com\\\/en\\\/our-services\\\/\"},{\"@type\":\"ListItem\",\"position\":3,\"name\":\"Audit\"}]},{\"@type\":\"WebSite\",\"@id\":\"https:\\\/\\\/kaurum.com\\\/en\\\/#website\",\"url\":\"https:\\\/\\\/kaurum.com\\\/en\\\/\",\"name\":\"Kaurum\",\"description\":\"Votre fiduciaire d\u00e9di\u00e9e digitale\",\"publisher\":{\"@id\":\"https:\\\/\\\/kaurum.com\\\/en\\\/#organization\"},\"potentialAction\":[{\"@type\":\"SearchAction\",\"target\":{\"@type\":\"EntryPoint\",\"urlTemplate\":\"https:\\\/\\\/kaurum.com\\\/en\\\/?s={search_term_string}\"},\"query-input\":{\"@type\":\"PropertyValueSpecification\",\"valueRequired\":true,\"valueName\":\"search_term_string\"}}],\"inLanguage\":\"en-US\"},{\"@type\":\"Organization\",\"@id\":\"https:\\\/\\\/kaurum.com\\\/en\\\/#organization\",\"name\":\"Kaurum\",\"url\":\"https:\\\/\\\/kaurum.com\\\/en\\\/\",\"logo\":{\"@type\":\"ImageObject\",\"inLanguage\":\"en-US\",\"@id\":\"https:\\\/\\\/kaurum.com\\\/en\\\/#\\\/schema\\\/logo\\\/image\\\/\",\"url\":\"https:\\\/\\\/kaurum.com\\\/wp-content\\\/uploads\\\/2022\\\/05\\\/kaurum-logo-colour.svg\",\"contentUrl\":\"https:\\\/\\\/kaurum.com\\\/wp-content\\\/uploads\\\/2022\\\/05\\\/kaurum-logo-colour.svg\",\"width\":1,\"height\":1,\"caption\":\"Kaurum\"},\"image\":{\"@id\":\"https:\\\/\\\/kaurum.com\\\/en\\\/#\\\/schema\\\/logo\\\/image\\\/\"},\"sameAs\":[\"https:\\\/\\\/www.linkedin.com\\\/company\\\/kaurum\\\/\"]}]}<\/script>\n<!-- \/ Yoast SEO Premium plugin. -->","yoast_head_json":{"title":"Financial and accounting audit in Switzerland - Your Kaurum Trust","description":"Financial and accounting audits for SMEs and large Swiss companies. Carried out by Kaurun Fiduciary with its accredited auditors.","robots":{"index":"index","follow":"follow","max-snippet":"max-snippet:-1","max-image-preview":"max-image-preview:large","max-video-preview":"max-video-preview:-1"},"canonical":"https:\/\/kaurum.com\/en\/our-services\/audit\/","og_locale":"en_US","og_type":"article","og_title":"Financial and accounting audit in Switzerland - Your Kaurum Trust","og_description":"Financial and accounting audits for SMEs and large Swiss companies. Carried out by Kaurun Fiduciary with its accredited auditors.","og_url":"https:\/\/kaurum.com\/en\/our-services\/audit\/","og_site_name":"Kaurum","article_publisher":"https:\/\/www.linkedin.com\/company\/kaurum\/","article_modified_time":"2025-07-22T14:04:37+00:00","twitter_card":"summary_large_image","twitter_misc":{"Est. reading time":"3 minutes"},"schema":{"@context":"https:\/\/schema.org","@graph":[{"@type":"WebPage","@id":"https:\/\/kaurum.com\/en\/our-services\/audit\/","url":"https:\/\/kaurum.com\/en\/our-services\/audit\/","name":"Financial and accounting audit in Switzerland - Your Kaurum Trust","isPartOf":{"@id":"https:\/\/kaurum.com\/en\/#website"},"primaryImageOfPage":{"@id":"https:\/\/kaurum.com\/en\/our-services\/audit\/#primaryimage"},"image":{"@id":"https:\/\/kaurum.com\/en\/our-services\/audit\/#primaryimage"},"thumbnailUrl":"https:\/\/kaurum.com\/wp-content\/uploads\/2022\/06\/icon_audit.svg","datePublished":"2022-06-07T09:30:39+00:00","dateModified":"2025-07-22T14:04:37+00:00","description":"Financial and accounting audits for SMEs and large Swiss companies. Carried out by Kaurun Fiduciary with its accredited auditors.","breadcrumb":{"@id":"https:\/\/kaurum.com\/en\/our-services\/audit\/#breadcrumb"},"inLanguage":"en-US","potentialAction":[{"@type":"ReadAction","target":["https:\/\/kaurum.com\/en\/our-services\/audit\/"]}]},{"@type":"ImageObject","inLanguage":"en-US","@id":"https:\/\/kaurum.com\/en\/our-services\/audit\/#primaryimage","url":"https:\/\/kaurum.com\/wp-content\/uploads\/2022\/06\/icon_audit.svg","contentUrl":"https:\/\/kaurum.com\/wp-content\/uploads\/2022\/06\/icon_audit.svg","caption":"Kaurum - Audit"},{"@type":"BreadcrumbList","@id":"https:\/\/kaurum.com\/en\/our-services\/audit\/#breadcrumb","itemListElement":[{"@type":"ListItem","position":1,"name":"Kaurum","item":"https:\/\/kaurum.com\/en\/"},{"@type":"ListItem","position":2,"name":"Our services","item":"https:\/\/kaurum.com\/en\/our-services\/"},{"@type":"ListItem","position":3,"name":"Audit"}]},{"@type":"WebSite","@id":"https:\/\/kaurum.com\/en\/#website","url":"https:\/\/kaurum.com\/en\/","name":"Kaurum","description":"Votre fiduciaire d\u00e9di\u00e9e digitale","publisher":{"@id":"https:\/\/kaurum.com\/en\/#organization"},"potentialAction":[{"@type":"SearchAction","target":{"@type":"EntryPoint","urlTemplate":"https:\/\/kaurum.com\/en\/?s={search_term_string}"},"query-input":{"@type":"PropertyValueSpecification","valueRequired":true,"valueName":"search_term_string"}}],"inLanguage":"en-US"},{"@type":"Organization","@id":"https:\/\/kaurum.com\/en\/#organization","name":"Kaurum","url":"https:\/\/kaurum.com\/en\/","logo":{"@type":"ImageObject","inLanguage":"en-US","@id":"https:\/\/kaurum.com\/en\/#\/schema\/logo\/image\/","url":"https:\/\/kaurum.com\/wp-content\/uploads\/2022\/05\/kaurum-logo-colour.svg","contentUrl":"https:\/\/kaurum.com\/wp-content\/uploads\/2022\/05\/kaurum-logo-colour.svg","width":1,"height":1,"caption":"Kaurum"},"image":{"@id":"https:\/\/kaurum.com\/en\/#\/schema\/logo\/image\/"},"sameAs":["https:\/\/www.linkedin.com\/company\/kaurum\/"]}]}},"_links":{"self":[{"href":"https:\/\/kaurum.com\/en\/wp-json\/wp\/v2\/pages\/1455","targetHints":{"allow":["GET"]}}],"collection":[{"href":"https:\/\/kaurum.com\/en\/wp-json\/wp\/v2\/pages"}],"about":[{"href":"https:\/\/kaurum.com\/en\/wp-json\/wp\/v2\/types\/page"}],"author":[{"embeddable":true,"href":"https:\/\/kaurum.com\/en\/wp-json\/wp\/v2\/users\/1"}],"replies":[{"embeddable":true,"href":"https:\/\/kaurum.com\/en\/wp-json\/wp\/v2\/comments?post=1455"}],"version-history":[{"count":4,"href":"https:\/\/kaurum.com\/en\/wp-json\/wp\/v2\/pages\/1455\/revisions"}],"predecessor-version":[{"id":3209,"href":"https:\/\/kaurum.com\/en\/wp-json\/wp\/v2\/pages\/1455\/revisions\/3209"}],"up":[{"embeddable":true,"href":"https:\/\/kaurum.com\/en\/wp-json\/wp\/v2\/pages\/3121"}],"wp:featuredmedia":[{"embeddable":true,"href":"https:\/\/kaurum.com\/en\/wp-json\/wp\/v2\/media\/1350"}],"wp:attachment":[{"href":"https:\/\/kaurum.com\/en\/wp-json\/wp\/v2\/media?parent=1455"}],"curies":[{"name":"wp","href":"https:\/\/api.w.org\/{rel}","templated":true}]}}