{"id":1457,"date":"2022-06-07T11:31:07","date_gmt":"2022-06-07T09:31:07","guid":{"rendered":"https:\/\/kaurum.com\/financial-advisory\/"},"modified":"2026-02-08T17:20:19","modified_gmt":"2026-02-08T16:20:19","slug":"financial-advisory","status":"publish","type":"page","link":"https:\/\/kaurum.com\/en\/our-services\/financial-advisory\/","title":{"rendered":"Financial advisor in Switzerland, Geneva, Lausanne &#8211; Kaurum"},"content":{"rendered":"\n\n\t<div data-src=\"https:\/\/cdn.trustindex.io\/loader.js?59c6c7e46624833296168f6478c\"><\/div>\n\t\t<h2>\n\t\t\t01. Restructurations\n\t\t<\/h2>\n\t\t\t<p>Nos experts interviennent dans tout domaine du conseil en restructuration d&#8217;entreprise, que ce soit dans le cadre de proc\u00e9dures judiciaires ou non judiciaires.<\/p>\t\t\n\t<p>Restructuration et gestion du retournement<\/p>\n\t<p>Nos domaines d&#8217;intervention couvrent en particulier\u00a0les domaines suivants\u00a0:<\/p>\n\t\t\t\t<img decoding=\"async\" src=\"https:\/\/kaurum.com\/wp-content\/uploads\/2022\/06\/conseil_financier_01.svg\" alt=\"Conseil financier\" itemprop=\"image\" title=\"conseil_financier_01\" onerror=\"this.style.display='none'\" loading='lazy' \/>\n\t<p><strong>Gestion de la tr\u00e9sorerie et du fonds de roulement<\/strong><\/p>\n<p>Nos experts collaborent avec nos clients pour optimiser leur gestion de la tr\u00e9sorerie et leur fonds de roulement<\/p>\n<p>&nbsp;<\/p>\n<p><strong>Planification et gestion de restructuration<\/strong><\/p>\n<p>Nos experts garantissent, en lien avec la direction, que le plan de restructuration forme une feuille de route qui m\u00e8ne \u00e0 des am\u00e9liorations durables de la performance op\u00e9rationnelle et financi\u00e8re.<\/p>\n\t<p><strong>Am\u00e9lioration de la performance op\u00e9rationnelle<\/strong><\/p>\n<p>Nos experts planifient et soutiennent la mise en \u0153uvre d&#8217;am\u00e9liorations des revenus ou des marges et identifient des opportunit\u00e9s de r\u00e9duction de co\u00fbts significatives dans l&#8217;ensemble de votre organisation.<\/p>\n<p>&nbsp;<\/p>\n<p><strong>Revue ind\u00e9pendante des activit\u00e9s de l&#8217;entreprise et examen des liquidit\u00e9s<\/strong><\/p>\n<p>Nos experts collaborent avec les parties prenantes et\/ou directions financi\u00e8res pour examiner les pr\u00e9visions de liquidit\u00e9s et les flux de tr\u00e9sorerie des emprunteurs dans le but de comprendre et analyser les sources de tr\u00e9sorerie.<\/p>\n\t\t\t\t<img decoding=\"async\" src=\"https:\/\/kaurum.com\/wp-content\/uploads\/2022\/06\/conseil_financier_02.svg\" alt=\"Conseil financier\" itemprop=\"image\" title=\"conseil_financier_02\" onerror=\"this.style.display='none'\" loading='lazy' \/>\n\t<p>Nos experts peuvent \u00e9galement travailler, hors proc\u00e9dures judicaires, sur les probl\u00e9matiques suivantes\u00a0:<\/p>\n\t<ul>\n\t\t\t<li>\n\t\t\t\tRestructuration de la dette et liquidation\n\t\t\t<\/li>\n\t\t\t<li>\n\t\t\t\tSoutien aux cr\u00e9anciers\n\t\t\t<\/li>\n\t\t\t<li>\n\t\t\t\tConseil en fusion &#038; acquisition pour les entreprises en difficult\u00e9\n\t\t\t<\/li>\n\t\t\t<li>\n\t\t\t\tChief Restructuring Officer (CRO) ou autres postes d&#8217;administrateur int\u00e9rimaire\n\t\t\t<\/li>\n\t\t\t<li>\n\t\t\t\tGestion de crise\n\t\t\t<\/li>\n\t\t<\/ul>\n\t<p>Administration de l&#8217;insolvabilit\u00e9<\/p>\n\t<p>Nos experts interviennent dans le cadre de proc\u00e9dures judiciaires, en tant que syndic ou administrateur d&#8217;insolvabilit\u00e9, de moratoire sur les dettes ou d&#8217;entreprise conform\u00e9ment aux lois suivantes :<\/p>\n\t<ul>\n\t\t\t<li>\n\t\t\t\tArt. 241 de la loi suisse sur la poursuite pour dettes et la faillite\n\t\t\t<\/li>\n\t\t\t<li>\n\t\t\t\tArt. 293b Loi suisse sur la poursuite pour dettes et la faillite\n\t\t\t<\/li>\n\t\t\t<li>\n\t\t\t\tArt. 295 Loi suisse sur la poursuite pour dettes et la faillite\n\t\t\t<\/li>\n\t\t\t<li>\n\t\t\t\tArt. 731b (conform\u00e9ment \u00e0 l&#8217;art. 819\/908) du Code des obligations suisse (CO)\n\t\t\t<\/li>\n\t\t\t<li>\n\t\t\t\tArt. 69c, art. 83d et art. 89b du Code civil suisse\n\t\t\t<\/li>\n\t\t<\/ul>\n\t\t<h2>\n\t\t\t02. Fusions-acquisitions\n\t\t<\/h2>\n\t\t\t<p>Nos experts interviennent \u00e0 tous les stades des op\u00e9rations de fusions-acquisitions, de la pr\u00e9paration jusqu&#8217;\u00e0 la finalisation de l&#8217;op\u00e9ration.<\/p>\t\t\n\t<p>Dans un environnement de plus en plus complexe, nous vous aidons \u00e0 analyser et \u00e0 \u00e9valuer les informations disponibles afin que vous puissiez prendre des d\u00e9cisions \u00e9clair\u00e9es et maximiser la valeur de vos transactions.<\/p>\n<p>Nos experts peuvent vous proposer les services suivants\u00a0:<\/p>\n\t\t\t\t<img decoding=\"async\" src=\"https:\/\/kaurum.com\/wp-content\/uploads\/2022\/06\/conseil_financier_03.svg\" alt=\"Conseil financier\" itemprop=\"image\" title=\"conseil_financier_03\" onerror=\"this.style.display='none'\" loading='lazy' \/>\n\t<p><strong>Mod\u00e9lisation financi\u00e8re<\/strong><\/p>\n<p>Nos experts vous accompagnent dans la cr\u00e9ation de mod\u00e8les financiers qui facilitent des d\u00e9cisions plus \u00e9clair\u00e9es et apportent plus de valeur \u00e0 la prise de d\u00e9cision des dirigeants.<\/p>\n<p>&nbsp;<\/p>\n<p><strong>Corporate Finance Advisory<\/strong><\/p>\n<p>Nos experts fournissent des conseils sur mesure en mati\u00e8re d&#8217;acquisition d&#8217;entreprise ou de ventes d&#8217;entreprises ainsi que des lev\u00e9es de fonds afin d&#8217;assurer votre prosp\u00e9rit\u00e9 future.<\/p>\n<p>&nbsp;<\/p>\n<p><strong>Services d&#8217;\u00e9valuation<\/strong><\/p>\n<p>Nos experts vous soutiennent afin que vous puissiez prendre des d\u00e9cisions en toute confiance, \u00e0 am\u00e9liorer vos r\u00e9sultats et \u00e0 anticiper les probl\u00e8mes cl\u00e9s.<\/p>\n\t<p>Nos domaines d&#8217;intervention couvrent en particulier\u00a0les domaines suivants\u00a0:<\/p>\n\t<ul>\n\t\t\t<li>\n\t\t\t\tStrat\u00e9gie de fusions-acquisitions\n\t\t\t<\/li>\n\t\t\t<li>\n\t\t\t\tDue diligence d&#8217;acquisition\n\t\t\t<\/li>\n\t\t\t<li>\n\t\t\t\tDue diligence vendeur\n\t\t\t<\/li>\n\t\t\t<li>\n\t\t\t\tDue diligence op\u00e9rationnelle (conseil approfondi et cibl\u00e9 en mati\u00e8re de due diligence pr\u00e9-transactionnelle et d&#8217;identification des opportunit\u00e9s de valeur apr\u00e8s la transaction)\n\t\t\t<\/li>\n\t\t\t<li>\n\t\t\t\tContrat de vente et d&#8217;achat\n\t\t\t<\/li>\n\t\t<\/ul>\n\n","protected":false},"excerpt":{"rendered":"<p>01. Restructurations Nos experts interviennent dans tout domaine du conseil en restructuration d&#8217;entreprise, que ce soit dans le cadre de proc\u00e9dures judiciaires ou non judiciaires. Restructuration et gestion du retournement Nos domaines d&#8217;intervention couvrent en particulier\u00a0les domaines suivants\u00a0: Gestion de la tr\u00e9sorerie et du fonds de roulement Nos experts collaborent avec nos clients pour optimiser&hellip;<\/p>\n","protected":false},"author":1,"featured_media":1348,"parent":3121,"menu_order":0,"comment_status":"closed","ping_status":"closed","template":"","meta":{"_acf_changed":false,"content-type":"","footnotes":""},"class_list":["post-1457","page","type-page","status-publish","has-post-thumbnail","hentry"],"acf":[],"yoast_head":"<!-- This site is optimized with the Yoast SEO Premium plugin v27.3 (Yoast SEO v27.4) - https:\/\/yoast.com\/product\/yoast-seo-premium-wordpress\/ -->\n<title>Financial advisor in Switzerland, Geneva, Lausanne - Kaurum<\/title>\n<meta name=\"description\" content=\"Financial adviser in Switzerland, Geneva and Lausanne. Tailor-made restructuring and crisis management for companies in difficulty.\" \/>\n<meta name=\"robots\" content=\"index, follow, max-snippet:-1, max-image-preview:large, max-video-preview:-1\" \/>\n<link rel=\"canonical\" href=\"https:\/\/kaurum.com\/en\/our-services\/financial-advisory\/\" \/>\n<meta property=\"og:locale\" content=\"en_US\" \/>\n<meta property=\"og:type\" content=\"article\" \/>\n<meta property=\"og:title\" content=\"Financial advisor in Switzerland, Geneva, Lausanne - Kaurum\" \/>\n<meta property=\"og:description\" content=\"Financial adviser in Switzerland, Geneva and Lausanne. Tailor-made restructuring and crisis management for companies in difficulty.\" \/>\n<meta property=\"og:url\" content=\"https:\/\/kaurum.com\/en\/our-services\/financial-advisory\/\" \/>\n<meta property=\"og:site_name\" content=\"Kaurum\" \/>\n<meta property=\"article:publisher\" content=\"https:\/\/www.linkedin.com\/company\/kaurum\/\" \/>\n<meta property=\"article:modified_time\" content=\"2026-02-08T16:20:19+00:00\" \/>\n<meta name=\"twitter:card\" content=\"summary_large_image\" \/>\n<meta name=\"twitter:label1\" content=\"Est. reading time\" \/>\n\t<meta name=\"twitter:data1\" content=\"3 minutes\" \/>\n<script type=\"application\/ld+json\" class=\"yoast-schema-graph\">{\"@context\":\"https:\\\/\\\/schema.org\",\"@graph\":[{\"@type\":\"WebPage\",\"@id\":\"https:\\\/\\\/kaurum.com\\\/en\\\/our-services\\\/financial-advisory\\\/\",\"url\":\"https:\\\/\\\/kaurum.com\\\/en\\\/our-services\\\/financial-advisory\\\/\",\"name\":\"Financial advisor in Switzerland, Geneva, Lausanne - Kaurum\",\"isPartOf\":{\"@id\":\"https:\\\/\\\/kaurum.com\\\/en\\\/#website\"},\"primaryImageOfPage\":{\"@id\":\"https:\\\/\\\/kaurum.com\\\/en\\\/our-services\\\/financial-advisory\\\/#primaryimage\"},\"image\":{\"@id\":\"https:\\\/\\\/kaurum.com\\\/en\\\/our-services\\\/financial-advisory\\\/#primaryimage\"},\"thumbnailUrl\":\"https:\\\/\\\/kaurum.com\\\/wp-content\\\/uploads\\\/2022\\\/06\\\/icon_conseil_financier.svg\",\"datePublished\":\"2022-06-07T09:31:07+00:00\",\"dateModified\":\"2026-02-08T16:20:19+00:00\",\"description\":\"Financial adviser in Switzerland, Geneva and Lausanne. Tailor-made restructuring and crisis management for companies in difficulty.\",\"breadcrumb\":{\"@id\":\"https:\\\/\\\/kaurum.com\\\/en\\\/our-services\\\/financial-advisory\\\/#breadcrumb\"},\"inLanguage\":\"en-US\",\"potentialAction\":[{\"@type\":\"ReadAction\",\"target\":[\"https:\\\/\\\/kaurum.com\\\/en\\\/our-services\\\/financial-advisory\\\/\"]}]},{\"@type\":\"ImageObject\",\"inLanguage\":\"en-US\",\"@id\":\"https:\\\/\\\/kaurum.com\\\/en\\\/our-services\\\/financial-advisory\\\/#primaryimage\",\"url\":\"https:\\\/\\\/kaurum.com\\\/wp-content\\\/uploads\\\/2022\\\/06\\\/icon_conseil_financier.svg\",\"contentUrl\":\"https:\\\/\\\/kaurum.com\\\/wp-content\\\/uploads\\\/2022\\\/06\\\/icon_conseil_financier.svg\",\"caption\":\"Kaurum - Conseil financier\"},{\"@type\":\"BreadcrumbList\",\"@id\":\"https:\\\/\\\/kaurum.com\\\/en\\\/our-services\\\/financial-advisory\\\/#breadcrumb\",\"itemListElement\":[{\"@type\":\"ListItem\",\"position\":1,\"name\":\"Kaurum\",\"item\":\"https:\\\/\\\/kaurum.com\\\/en\\\/\"},{\"@type\":\"ListItem\",\"position\":2,\"name\":\"Our services\",\"item\":\"https:\\\/\\\/kaurum.com\\\/en\\\/our-services\\\/\"},{\"@type\":\"ListItem\",\"position\":3,\"name\":\"Financial advisory\"}]},{\"@type\":\"WebSite\",\"@id\":\"https:\\\/\\\/kaurum.com\\\/en\\\/#website\",\"url\":\"https:\\\/\\\/kaurum.com\\\/en\\\/\",\"name\":\"Kaurum\",\"description\":\"Votre fiduciaire d\u00e9di\u00e9e digitale\",\"publisher\":{\"@id\":\"https:\\\/\\\/kaurum.com\\\/en\\\/#organization\"},\"potentialAction\":[{\"@type\":\"SearchAction\",\"target\":{\"@type\":\"EntryPoint\",\"urlTemplate\":\"https:\\\/\\\/kaurum.com\\\/en\\\/?s={search_term_string}\"},\"query-input\":{\"@type\":\"PropertyValueSpecification\",\"valueRequired\":true,\"valueName\":\"search_term_string\"}}],\"inLanguage\":\"en-US\"},{\"@type\":\"Organization\",\"@id\":\"https:\\\/\\\/kaurum.com\\\/en\\\/#organization\",\"name\":\"Kaurum\",\"url\":\"https:\\\/\\\/kaurum.com\\\/en\\\/\",\"logo\":{\"@type\":\"ImageObject\",\"inLanguage\":\"en-US\",\"@id\":\"https:\\\/\\\/kaurum.com\\\/en\\\/#\\\/schema\\\/logo\\\/image\\\/\",\"url\":\"https:\\\/\\\/kaurum.com\\\/wp-content\\\/uploads\\\/2022\\\/05\\\/kaurum-logo-colour.svg\",\"contentUrl\":\"https:\\\/\\\/kaurum.com\\\/wp-content\\\/uploads\\\/2022\\\/05\\\/kaurum-logo-colour.svg\",\"width\":1,\"height\":1,\"caption\":\"Kaurum\"},\"image\":{\"@id\":\"https:\\\/\\\/kaurum.com\\\/en\\\/#\\\/schema\\\/logo\\\/image\\\/\"},\"sameAs\":[\"https:\\\/\\\/www.linkedin.com\\\/company\\\/kaurum\\\/\"]}]}<\/script>\n<!-- \/ Yoast SEO Premium plugin. -->","yoast_head_json":{"title":"Financial advisor in Switzerland, Geneva, Lausanne - Kaurum","description":"Financial adviser in Switzerland, Geneva and Lausanne. Tailor-made restructuring and crisis management for companies in difficulty.","robots":{"index":"index","follow":"follow","max-snippet":"max-snippet:-1","max-image-preview":"max-image-preview:large","max-video-preview":"max-video-preview:-1"},"canonical":"https:\/\/kaurum.com\/en\/our-services\/financial-advisory\/","og_locale":"en_US","og_type":"article","og_title":"Financial advisor in Switzerland, Geneva, Lausanne - Kaurum","og_description":"Financial adviser in Switzerland, Geneva and Lausanne. Tailor-made restructuring and crisis management for companies in difficulty.","og_url":"https:\/\/kaurum.com\/en\/our-services\/financial-advisory\/","og_site_name":"Kaurum","article_publisher":"https:\/\/www.linkedin.com\/company\/kaurum\/","article_modified_time":"2026-02-08T16:20:19+00:00","twitter_card":"summary_large_image","twitter_misc":{"Est. reading time":"3 minutes"},"schema":{"@context":"https:\/\/schema.org","@graph":[{"@type":"WebPage","@id":"https:\/\/kaurum.com\/en\/our-services\/financial-advisory\/","url":"https:\/\/kaurum.com\/en\/our-services\/financial-advisory\/","name":"Financial advisor in Switzerland, Geneva, Lausanne - Kaurum","isPartOf":{"@id":"https:\/\/kaurum.com\/en\/#website"},"primaryImageOfPage":{"@id":"https:\/\/kaurum.com\/en\/our-services\/financial-advisory\/#primaryimage"},"image":{"@id":"https:\/\/kaurum.com\/en\/our-services\/financial-advisory\/#primaryimage"},"thumbnailUrl":"https:\/\/kaurum.com\/wp-content\/uploads\/2022\/06\/icon_conseil_financier.svg","datePublished":"2022-06-07T09:31:07+00:00","dateModified":"2026-02-08T16:20:19+00:00","description":"Financial adviser in Switzerland, Geneva and Lausanne. Tailor-made restructuring and crisis management for companies in difficulty.","breadcrumb":{"@id":"https:\/\/kaurum.com\/en\/our-services\/financial-advisory\/#breadcrumb"},"inLanguage":"en-US","potentialAction":[{"@type":"ReadAction","target":["https:\/\/kaurum.com\/en\/our-services\/financial-advisory\/"]}]},{"@type":"ImageObject","inLanguage":"en-US","@id":"https:\/\/kaurum.com\/en\/our-services\/financial-advisory\/#primaryimage","url":"https:\/\/kaurum.com\/wp-content\/uploads\/2022\/06\/icon_conseil_financier.svg","contentUrl":"https:\/\/kaurum.com\/wp-content\/uploads\/2022\/06\/icon_conseil_financier.svg","caption":"Kaurum - Conseil financier"},{"@type":"BreadcrumbList","@id":"https:\/\/kaurum.com\/en\/our-services\/financial-advisory\/#breadcrumb","itemListElement":[{"@type":"ListItem","position":1,"name":"Kaurum","item":"https:\/\/kaurum.com\/en\/"},{"@type":"ListItem","position":2,"name":"Our services","item":"https:\/\/kaurum.com\/en\/our-services\/"},{"@type":"ListItem","position":3,"name":"Financial advisory"}]},{"@type":"WebSite","@id":"https:\/\/kaurum.com\/en\/#website","url":"https:\/\/kaurum.com\/en\/","name":"Kaurum","description":"Votre fiduciaire d\u00e9di\u00e9e digitale","publisher":{"@id":"https:\/\/kaurum.com\/en\/#organization"},"potentialAction":[{"@type":"SearchAction","target":{"@type":"EntryPoint","urlTemplate":"https:\/\/kaurum.com\/en\/?s={search_term_string}"},"query-input":{"@type":"PropertyValueSpecification","valueRequired":true,"valueName":"search_term_string"}}],"inLanguage":"en-US"},{"@type":"Organization","@id":"https:\/\/kaurum.com\/en\/#organization","name":"Kaurum","url":"https:\/\/kaurum.com\/en\/","logo":{"@type":"ImageObject","inLanguage":"en-US","@id":"https:\/\/kaurum.com\/en\/#\/schema\/logo\/image\/","url":"https:\/\/kaurum.com\/wp-content\/uploads\/2022\/05\/kaurum-logo-colour.svg","contentUrl":"https:\/\/kaurum.com\/wp-content\/uploads\/2022\/05\/kaurum-logo-colour.svg","width":1,"height":1,"caption":"Kaurum"},"image":{"@id":"https:\/\/kaurum.com\/en\/#\/schema\/logo\/image\/"},"sameAs":["https:\/\/www.linkedin.com\/company\/kaurum\/"]}]}},"_links":{"self":[{"href":"https:\/\/kaurum.com\/en\/wp-json\/wp\/v2\/pages\/1457","targetHints":{"allow":["GET"]}}],"collection":[{"href":"https:\/\/kaurum.com\/en\/wp-json\/wp\/v2\/pages"}],"about":[{"href":"https:\/\/kaurum.com\/en\/wp-json\/wp\/v2\/types\/page"}],"author":[{"embeddable":true,"href":"https:\/\/kaurum.com\/en\/wp-json\/wp\/v2\/users\/1"}],"replies":[{"embeddable":true,"href":"https:\/\/kaurum.com\/en\/wp-json\/wp\/v2\/comments?post=1457"}],"version-history":[{"count":4,"href":"https:\/\/kaurum.com\/en\/wp-json\/wp\/v2\/pages\/1457\/revisions"}],"predecessor-version":[{"id":3212,"href":"https:\/\/kaurum.com\/en\/wp-json\/wp\/v2\/pages\/1457\/revisions\/3212"}],"up":[{"embeddable":true,"href":"https:\/\/kaurum.com\/en\/wp-json\/wp\/v2\/pages\/3121"}],"wp:featuredmedia":[{"embeddable":true,"href":"https:\/\/kaurum.com\/en\/wp-json\/wp\/v2\/media\/1348"}],"wp:attachment":[{"href":"https:\/\/kaurum.com\/en\/wp-json\/wp\/v2\/media?parent=1457"}],"curies":[{"name":"wp","href":"https:\/\/api.w.org\/{rel}","templated":true}]}}