{"id":1458,"date":"2022-06-07T11:31:30","date_gmt":"2022-06-07T09:31:30","guid":{"rendered":"https:\/\/kaurum.com\/part-time-cfo\/"},"modified":"2025-07-22T16:06:25","modified_gmt":"2025-07-22T14:06:25","slug":"part-time-cfo","status":"publish","type":"page","link":"https:\/\/kaurum.com\/en\/our-services\/part-time-cfo\/","title":{"rendered":"Time-share CFO for SMEs and start-ups in Switzerland, in Geneva"},"content":{"rendered":"\n\n\t<div data-src=\"https:\/\/cdn.trustindex.io\/loader.js?59c6c7e46624833296168f6478c\"><\/div>\n\t\t<h2>\n\t\t\t01. CFO \u00e0 temps partag\u00e9\n\t\t<\/h2>\n\t\t\t<p>Le Directeur Administratif et Financier (DAF) est le garant de la p\u00e9rennit\u00e9 financi\u00e8re de l&#8217;entreprise et de la fiabilit\u00e9 des comptes. Il permet au dirigeant de prendre les d\u00e9cisions financi\u00e8res, strat\u00e9giques et organisationnelles les plus optimales \u00e0 chaque \u00e9tape de d\u00e9veloppement de leur entreprise.<\/p>\t\t\n\t\t\t\t<img decoding=\"async\" src=\"https:\/\/kaurum.com\/wp-content\/uploads\/2022\/06\/cfo_01.svg\" alt=\"CFO \u00e0 temps partag\u00e9\" itemprop=\"image\" title=\"cfo_01\" onerror=\"this.style.display='none'\" loading='lazy' \/>\n\t<p>Beaucoup de dirigeants de PME pensent ne pas \u00eatre suffisamment aid\u00e9s par leur expert-comptable (par manque de temps essentiellement). Les consultants, quant \u00e0 eux, co\u00fbtent cher et ne mettent pas en \u0153uvre (logiquement) leurs pr\u00e9conisations apr\u00e8s la mission. Un DAF co\u00fbte cher mais contrairement aux id\u00e9es re\u00e7ues, un DAF n&#8217;est pas r\u00e9serv\u00e9 qu&#8217;aux grandes entreprises. Son accompagnement strat\u00e9gique est donc un enjeu qui n&#8217;est pas seulement r\u00e9serv\u00e9 aux grandes entreprises.<\/p>\n\t<h3>Offrez-vous les comp\u00e9tences d&#8217;un DAF \u00e0 temps partag\u00e9\u00a0!<\/h3>\n\t<p>Profitez de notre offre de services de DAF \u00e0 temps partag\u00e9 afin de b\u00e9n\u00e9ficier de conseils impartiaux et d&#8217;un suivi rigoureux dans la gestion de votre entreprise. La pr\u00e9sence de votre DAF sera ainsi d\u00e9cid\u00e9e en concertation avec nos experts pour une utilisation optimale des ressources.<\/p>\n<p>Un DAF \u00e0 temps partag\u00e9 vous permettra \u00e9galement de disposer d&#8217;une cr\u00e9dibilit\u00e9 in\u00e9gal\u00e9e aupr\u00e8s de vos interlocuteurs externes et internes.<\/p>\n\t<h3>Un DAF \u00e0 vos c\u00f4t\u00e9s quand vous le souhaitez\u00a0!<\/h3>\n\t<p>Nos experts peuvent \u00e9galement \u00eatre sollicit\u00e9s pour des missions ponctuelles (urgence de tr\u00e9sorerie, environnement de restructuration, mise en place du contr\u00f4le de gestion, formalisation du business plan&#8230;) ou de plus longue dur\u00e9e.<\/p>\n<p>Nos experts s\u00e9lectionn\u00e9s s&#8217;impliqueront dans l&#8217;atteinte de vos objectifs comme s&#8217;il \u00e9tait collaborateur \u00e0 part enti\u00e8re.<\/p>\n\t\t\t\t<img decoding=\"async\" src=\"https:\/\/kaurum.com\/wp-content\/uploads\/2022\/06\/cfo_02.svg\" alt=\"CFO \u00e0 temps partag\u00e9\" itemprop=\"image\" title=\"cfo_02\" onerror=\"this.style.display='none'\" loading='lazy' \/>\n\t<p>Nous proposons des solutions concr\u00e8tes, dimensionn\u00e9es et pragmatiques au dirigeant d&#8217;entreprise. Ainsi, notre offre de services de DAF \u00e0 temps partag\u00e9 ou ponctuel permet au dirigeant de se concentrer sur son business avec un partenaire de confiance \u00e0 ses c\u00f4t\u00e9s, exp\u00e9riment\u00e9 et un r\u00e9seau solide.<\/p>\n\n","protected":false},"excerpt":{"rendered":"<p>01. CFO \u00e0 temps partag\u00e9 Le Directeur Administratif et Financier (DAF) est le garant de la p\u00e9rennit\u00e9 financi\u00e8re de l&#8217;entreprise et de la fiabilit\u00e9 des comptes. Il permet au dirigeant de prendre les d\u00e9cisions financi\u00e8res, strat\u00e9giques et organisationnelles les plus optimales \u00e0 chaque \u00e9tape de d\u00e9veloppement de leur entreprise. Beaucoup de dirigeants de PME pensent&hellip;<\/p>\n","protected":false},"author":1,"featured_media":1347,"parent":3121,"menu_order":0,"comment_status":"closed","ping_status":"closed","template":"","meta":{"_acf_changed":false,"content-type":"","footnotes":""},"class_list":["post-1458","page","type-page","status-publish","has-post-thumbnail","hentry"],"acf":[],"yoast_head":"<!-- This site is optimized with the Yoast SEO Premium plugin v27.3 (Yoast SEO v27.4) - https:\/\/yoast.com\/product\/yoast-seo-premium-wordpress\/ -->\n<title>Time-share CFO for SMEs and start-ups in Switzerland, in Geneva<\/title>\n<meta name=\"description\" content=\"Time-share CFO in Switzerland for SMEs and start-ups: financial management, reporting, strategy. Benefit from an experienced CFO on demand.\" \/>\n<meta name=\"robots\" content=\"index, follow, max-snippet:-1, max-image-preview:large, max-video-preview:-1\" \/>\n<link rel=\"canonical\" href=\"https:\/\/kaurum.com\/en\/our-services\/part-time-cfo\/\" \/>\n<meta property=\"og:locale\" content=\"en_US\" \/>\n<meta property=\"og:type\" content=\"article\" \/>\n<meta property=\"og:title\" content=\"Time-share CFO for SMEs and start-ups in Switzerland, in Geneva\" \/>\n<meta property=\"og:description\" content=\"Time-share CFO in Switzerland for SMEs and start-ups: financial management, reporting, strategy. Benefit from an experienced CFO on demand.\" \/>\n<meta property=\"og:url\" content=\"https:\/\/kaurum.com\/en\/our-services\/part-time-cfo\/\" \/>\n<meta property=\"og:site_name\" content=\"Kaurum\" \/>\n<meta property=\"article:publisher\" content=\"https:\/\/www.linkedin.com\/company\/kaurum\/\" \/>\n<meta property=\"article:modified_time\" content=\"2025-07-22T14:06:25+00:00\" \/>\n<meta name=\"twitter:card\" content=\"summary_large_image\" \/>\n<meta name=\"twitter:label1\" content=\"Est. reading time\" \/>\n\t<meta name=\"twitter:data1\" content=\"2 minutes\" \/>\n<script type=\"application\/ld+json\" class=\"yoast-schema-graph\">{\"@context\":\"https:\\\/\\\/schema.org\",\"@graph\":[{\"@type\":\"WebPage\",\"@id\":\"https:\\\/\\\/kaurum.com\\\/en\\\/our-services\\\/part-time-cfo\\\/\",\"url\":\"https:\\\/\\\/kaurum.com\\\/en\\\/our-services\\\/part-time-cfo\\\/\",\"name\":\"Time-share CFO for SMEs and start-ups in Switzerland, in Geneva\",\"isPartOf\":{\"@id\":\"https:\\\/\\\/kaurum.com\\\/en\\\/#website\"},\"primaryImageOfPage\":{\"@id\":\"https:\\\/\\\/kaurum.com\\\/en\\\/our-services\\\/part-time-cfo\\\/#primaryimage\"},\"image\":{\"@id\":\"https:\\\/\\\/kaurum.com\\\/en\\\/our-services\\\/part-time-cfo\\\/#primaryimage\"},\"thumbnailUrl\":\"https:\\\/\\\/kaurum.com\\\/wp-content\\\/uploads\\\/2022\\\/06\\\/icon_cfo.svg\",\"datePublished\":\"2022-06-07T09:31:30+00:00\",\"dateModified\":\"2025-07-22T14:06:25+00:00\",\"description\":\"Time-share CFO in Switzerland for SMEs and start-ups: financial management, reporting, strategy. Benefit from an experienced CFO on demand.\",\"breadcrumb\":{\"@id\":\"https:\\\/\\\/kaurum.com\\\/en\\\/our-services\\\/part-time-cfo\\\/#breadcrumb\"},\"inLanguage\":\"en-US\",\"potentialAction\":[{\"@type\":\"ReadAction\",\"target\":[\"https:\\\/\\\/kaurum.com\\\/en\\\/our-services\\\/part-time-cfo\\\/\"]}]},{\"@type\":\"ImageObject\",\"inLanguage\":\"en-US\",\"@id\":\"https:\\\/\\\/kaurum.com\\\/en\\\/our-services\\\/part-time-cfo\\\/#primaryimage\",\"url\":\"https:\\\/\\\/kaurum.com\\\/wp-content\\\/uploads\\\/2022\\\/06\\\/icon_cfo.svg\",\"contentUrl\":\"https:\\\/\\\/kaurum.com\\\/wp-content\\\/uploads\\\/2022\\\/06\\\/icon_cfo.svg\",\"caption\":\"Kaurum - CFO \u00e0 temps partag\u00e9\"},{\"@type\":\"BreadcrumbList\",\"@id\":\"https:\\\/\\\/kaurum.com\\\/en\\\/our-services\\\/part-time-cfo\\\/#breadcrumb\",\"itemListElement\":[{\"@type\":\"ListItem\",\"position\":1,\"name\":\"Kaurum\",\"item\":\"https:\\\/\\\/kaurum.com\\\/en\\\/\"},{\"@type\":\"ListItem\",\"position\":2,\"name\":\"Our services\",\"item\":\"https:\\\/\\\/kaurum.com\\\/en\\\/our-services\\\/\"},{\"@type\":\"ListItem\",\"position\":3,\"name\":\"Part-time CFO\"}]},{\"@type\":\"WebSite\",\"@id\":\"https:\\\/\\\/kaurum.com\\\/en\\\/#website\",\"url\":\"https:\\\/\\\/kaurum.com\\\/en\\\/\",\"name\":\"Kaurum\",\"description\":\"Votre fiduciaire d\u00e9di\u00e9e digitale\",\"publisher\":{\"@id\":\"https:\\\/\\\/kaurum.com\\\/en\\\/#organization\"},\"potentialAction\":[{\"@type\":\"SearchAction\",\"target\":{\"@type\":\"EntryPoint\",\"urlTemplate\":\"https:\\\/\\\/kaurum.com\\\/en\\\/?s={search_term_string}\"},\"query-input\":{\"@type\":\"PropertyValueSpecification\",\"valueRequired\":true,\"valueName\":\"search_term_string\"}}],\"inLanguage\":\"en-US\"},{\"@type\":\"Organization\",\"@id\":\"https:\\\/\\\/kaurum.com\\\/en\\\/#organization\",\"name\":\"Kaurum\",\"url\":\"https:\\\/\\\/kaurum.com\\\/en\\\/\",\"logo\":{\"@type\":\"ImageObject\",\"inLanguage\":\"en-US\",\"@id\":\"https:\\\/\\\/kaurum.com\\\/en\\\/#\\\/schema\\\/logo\\\/image\\\/\",\"url\":\"https:\\\/\\\/kaurum.com\\\/wp-content\\\/uploads\\\/2022\\\/05\\\/kaurum-logo-colour.svg\",\"contentUrl\":\"https:\\\/\\\/kaurum.com\\\/wp-content\\\/uploads\\\/2022\\\/05\\\/kaurum-logo-colour.svg\",\"width\":1,\"height\":1,\"caption\":\"Kaurum\"},\"image\":{\"@id\":\"https:\\\/\\\/kaurum.com\\\/en\\\/#\\\/schema\\\/logo\\\/image\\\/\"},\"sameAs\":[\"https:\\\/\\\/www.linkedin.com\\\/company\\\/kaurum\\\/\"]}]}<\/script>\n<!-- \/ Yoast SEO Premium plugin. -->","yoast_head_json":{"title":"Time-share CFO for SMEs and start-ups in Switzerland, in Geneva","description":"Time-share CFO in Switzerland for SMEs and start-ups: financial management, reporting, strategy. Benefit from an experienced CFO on demand.","robots":{"index":"index","follow":"follow","max-snippet":"max-snippet:-1","max-image-preview":"max-image-preview:large","max-video-preview":"max-video-preview:-1"},"canonical":"https:\/\/kaurum.com\/en\/our-services\/part-time-cfo\/","og_locale":"en_US","og_type":"article","og_title":"Time-share CFO for SMEs and start-ups in Switzerland, in Geneva","og_description":"Time-share CFO in Switzerland for SMEs and start-ups: financial management, reporting, strategy. Benefit from an experienced CFO on demand.","og_url":"https:\/\/kaurum.com\/en\/our-services\/part-time-cfo\/","og_site_name":"Kaurum","article_publisher":"https:\/\/www.linkedin.com\/company\/kaurum\/","article_modified_time":"2025-07-22T14:06:25+00:00","twitter_card":"summary_large_image","twitter_misc":{"Est. reading time":"2 minutes"},"schema":{"@context":"https:\/\/schema.org","@graph":[{"@type":"WebPage","@id":"https:\/\/kaurum.com\/en\/our-services\/part-time-cfo\/","url":"https:\/\/kaurum.com\/en\/our-services\/part-time-cfo\/","name":"Time-share CFO for SMEs and start-ups in Switzerland, in Geneva","isPartOf":{"@id":"https:\/\/kaurum.com\/en\/#website"},"primaryImageOfPage":{"@id":"https:\/\/kaurum.com\/en\/our-services\/part-time-cfo\/#primaryimage"},"image":{"@id":"https:\/\/kaurum.com\/en\/our-services\/part-time-cfo\/#primaryimage"},"thumbnailUrl":"https:\/\/kaurum.com\/wp-content\/uploads\/2022\/06\/icon_cfo.svg","datePublished":"2022-06-07T09:31:30+00:00","dateModified":"2025-07-22T14:06:25+00:00","description":"Time-share CFO in Switzerland for SMEs and start-ups: financial management, reporting, strategy. Benefit from an experienced CFO on demand.","breadcrumb":{"@id":"https:\/\/kaurum.com\/en\/our-services\/part-time-cfo\/#breadcrumb"},"inLanguage":"en-US","potentialAction":[{"@type":"ReadAction","target":["https:\/\/kaurum.com\/en\/our-services\/part-time-cfo\/"]}]},{"@type":"ImageObject","inLanguage":"en-US","@id":"https:\/\/kaurum.com\/en\/our-services\/part-time-cfo\/#primaryimage","url":"https:\/\/kaurum.com\/wp-content\/uploads\/2022\/06\/icon_cfo.svg","contentUrl":"https:\/\/kaurum.com\/wp-content\/uploads\/2022\/06\/icon_cfo.svg","caption":"Kaurum - CFO \u00e0 temps partag\u00e9"},{"@type":"BreadcrumbList","@id":"https:\/\/kaurum.com\/en\/our-services\/part-time-cfo\/#breadcrumb","itemListElement":[{"@type":"ListItem","position":1,"name":"Kaurum","item":"https:\/\/kaurum.com\/en\/"},{"@type":"ListItem","position":2,"name":"Our services","item":"https:\/\/kaurum.com\/en\/our-services\/"},{"@type":"ListItem","position":3,"name":"Part-time CFO"}]},{"@type":"WebSite","@id":"https:\/\/kaurum.com\/en\/#website","url":"https:\/\/kaurum.com\/en\/","name":"Kaurum","description":"Votre fiduciaire d\u00e9di\u00e9e digitale","publisher":{"@id":"https:\/\/kaurum.com\/en\/#organization"},"potentialAction":[{"@type":"SearchAction","target":{"@type":"EntryPoint","urlTemplate":"https:\/\/kaurum.com\/en\/?s={search_term_string}"},"query-input":{"@type":"PropertyValueSpecification","valueRequired":true,"valueName":"search_term_string"}}],"inLanguage":"en-US"},{"@type":"Organization","@id":"https:\/\/kaurum.com\/en\/#organization","name":"Kaurum","url":"https:\/\/kaurum.com\/en\/","logo":{"@type":"ImageObject","inLanguage":"en-US","@id":"https:\/\/kaurum.com\/en\/#\/schema\/logo\/image\/","url":"https:\/\/kaurum.com\/wp-content\/uploads\/2022\/05\/kaurum-logo-colour.svg","contentUrl":"https:\/\/kaurum.com\/wp-content\/uploads\/2022\/05\/kaurum-logo-colour.svg","width":1,"height":1,"caption":"Kaurum"},"image":{"@id":"https:\/\/kaurum.com\/en\/#\/schema\/logo\/image\/"},"sameAs":["https:\/\/www.linkedin.com\/company\/kaurum\/"]}]}},"_links":{"self":[{"href":"https:\/\/kaurum.com\/en\/wp-json\/wp\/v2\/pages\/1458","targetHints":{"allow":["GET"]}}],"collection":[{"href":"https:\/\/kaurum.com\/en\/wp-json\/wp\/v2\/pages"}],"about":[{"href":"https:\/\/kaurum.com\/en\/wp-json\/wp\/v2\/types\/page"}],"author":[{"embeddable":true,"href":"https:\/\/kaurum.com\/en\/wp-json\/wp\/v2\/users\/1"}],"replies":[{"embeddable":true,"href":"https:\/\/kaurum.com\/en\/wp-json\/wp\/v2\/comments?post=1458"}],"version-history":[{"count":5,"href":"https:\/\/kaurum.com\/en\/wp-json\/wp\/v2\/pages\/1458\/revisions"}],"predecessor-version":[{"id":3210,"href":"https:\/\/kaurum.com\/en\/wp-json\/wp\/v2\/pages\/1458\/revisions\/3210"}],"up":[{"embeddable":true,"href":"https:\/\/kaurum.com\/en\/wp-json\/wp\/v2\/pages\/3121"}],"wp:featuredmedia":[{"embeddable":true,"href":"https:\/\/kaurum.com\/en\/wp-json\/wp\/v2\/media\/1347"}],"wp:attachment":[{"href":"https:\/\/kaurum.com\/en\/wp-json\/wp\/v2\/media?parent=1458"}],"curies":[{"name":"wp","href":"https:\/\/api.w.org\/{rel}","templated":true}]}}