{"id":1459,"date":"2022-06-07T11:32:04","date_gmt":"2022-06-07T09:32:04","guid":{"rendered":"https:\/\/kaurum.com\/setting-up-in-switzerland\/"},"modified":"2025-07-22T16:15:00","modified_gmt":"2025-07-22T14:15:00","slug":"setting-up-in-switzerland","status":"publish","type":"page","link":"https:\/\/kaurum.com\/en\/our-services\/setting-up-in-switzerland\/","title":{"rendered":"Starting a business in Switzerland, Geneva, Lausanne &#8211; Kaurum"},"content":{"rendered":"\n\n\t<div data-src=\"https:\/\/cdn.trustindex.io\/loader.js?59c6c7e46624833296168f6478c\"><\/div>\n\t\t<h2>\n\t\t\t01. Implantation en Suisse\n\t\t<\/h2>\n\t\t\t<p>Pourquoi la Suisse est-elle une destination d&#8217;exception pour les affaires\u00a0?<\/p>\t\t\n\t<p>La Suisse offre un cadre stable aussi bien au niveau politique, qu&#8217;\u00e9conomique ou financier, ainsi qu&#8217;un excellent niveau de vie.<\/p>\n\t\t\t\t<img decoding=\"async\" src=\"https:\/\/kaurum.com\/wp-content\/uploads\/2022\/06\/implantation_suisse_01.svg\" alt=\"Implantation Suisse\" itemprop=\"image\" title=\"implantation_suisse_01\" onerror=\"this.style.display='none'\" loading='lazy' \/>\n\t<p><strong>Une stabilit\u00e9 politique in\u00e9gal\u00e9e<\/strong><\/p>\n<p>Les \u00e9tudes sur la s\u00e9curit\u00e9, la propri\u00e9t\u00e9 priv\u00e9e, la coh\u00e9sion sociale et la stabilit\u00e9 politique placent r\u00e9guli\u00e8rement la Suisse dans le peloton de t\u00eate des comparaisons internationales. La Suisse se distingue par une stabilit\u00e9 politique qui a fait ses preuves depuis des d\u00e9cennies.<\/p>\n<p>&nbsp;<\/p>\n<p><strong>Le pays le plus innovant au monde<\/strong><\/p>\n<p>La prosp\u00e9rit\u00e9 de la Suisse repose sur sa forte capacit\u00e9 d&#8217;innovation. Les entreprises suisses ont l&#8217;habitude d&#8217;am\u00e9liorer continuellement leurs produits, services et processus en investissant dans la recherche et le d\u00e9veloppement. Ce succ\u00e8s b\u00e9n\u00e9ficie \u00e9galement de la pr\u00e9sence d&#8217;instituts de recherche renomm\u00e9s et de la capacit\u00e9 \u00e0 traduire les r\u00e9sultats de la recherche en produits adapt\u00e9s au march\u00e9.<\/p>\n\t<p><strong>Un pays stable, s\u00fbr et fiable<\/strong><\/p>\n<p>La Suisse offre une s\u00e9curit\u00e9 d&#8217;investissement gr\u00e2ce \u00e0 de faibles co\u00fbts d&#8217;investissement, une monnaie stable, un fort pouvoir d&#8217;achat, une fiscalit\u00e9 mod\u00e9r\u00e9e, un syst\u00e8me politique f\u00e9d\u00e9ral ainsi qu&#8217;une stabilit\u00e9 \u00e9conomique et politique.<\/p>\n<p>&nbsp;<\/p>\n<p><strong>Int\u00e9gration au niveau international<\/strong><\/p>\n<p>Bien que la Suisse ne soit pas membre de l&#8217;Union europ\u00e9enne, elle a conclu des accords commerciaux bilat\u00e9raux avec tous les pays europ\u00e9ens. Ces derniers garantissent la libre circulation des biens, des services et des personnes. La Suisse a encore plus d&#8217;accords de libre-\u00e9change que l&#8217;UE\u00a0avec ses 41 accords de libre-\u00e9change diff\u00e9rents. Investir dans un pays ind\u00e9pendant comme la Suisse peut r\u00e9duire consid\u00e9rablement les risques associ\u00e9s \u00e0 l&#8217;expansion internationale.<\/p>\n\t\t\t\t<img decoding=\"async\" src=\"https:\/\/kaurum.com\/wp-content\/uploads\/2022\/06\/implantation_suisse_02.svg\" alt=\"Implantation en Suisse\" itemprop=\"image\" title=\"implantation_suisse_02\" onerror=\"this.style.display='none'\" loading='lazy' \/>\n\t\t\t\t<img decoding=\"async\" src=\"https:\/\/kaurum.com\/wp-content\/uploads\/2022\/06\/implantation_suisse_03.svg\" alt=\"Implantation Suisse\" itemprop=\"image\" title=\"implantation_suisse_03\" onerror=\"this.style.display='none'\" loading='lazy' \/>\n\t<p><strong>Vivier de talents<\/strong><\/p>\n<p>La Suisse est un p\u00f4le d&#8217;attraction pour les travailleurs qualifi\u00e9s \u00e9trangers et retient les talents qu&#8217;elle forme. L&#8217;INSEAD Global Talent Competitiveness Index classe la Suisse au premier rang mondial. En Suisse, le personnel est g\u00e9n\u00e9ralement bien form\u00e9, avec de solides comp\u00e9tences linguistiques et une exp\u00e9rience internationale sup\u00e9rieure \u00e0 la moyenne. Ils se distinguent par leur performance, leur fiabilit\u00e9 et leur engagement. Son syst\u00e8me de formation par alternance lui fournit un excellent m\u00e9lange entre \u00e9tudes et exp\u00e9rience professionnelle.<\/p>\n<p>&nbsp;<\/p>\n<p><strong>Un march\u00e9 du travail lib\u00e9ral<\/strong><\/p>\n<p>Le march\u00e9 du travail suisse se caract\u00e9rise par une l\u00e9gislation lib\u00e9rale, une r\u00e9glementation souple et une stabilit\u00e9 sociale exceptionnelle. Les conflits du travail sont r\u00e9solus par la consultation des partenaires sociaux. Les gr\u00e8ves sont presque totalement inexistantes. La s\u00e9curit\u00e9 sociale des travailleurs est fond\u00e9e sur les principes de solidarit\u00e9 et de responsabilit\u00e9 individuelle.<\/p>\n\t<p><strong>Une position de force face \u00e0 la concurrence fiscale internationale<\/strong><\/p>\n<p>Le syst\u00e8me fiscal f\u00e9d\u00e9ral suisse est un mod\u00e8le de r\u00e9ussite : les imp\u00f4ts sont d\u00e9termin\u00e9s et collect\u00e9s par les autorit\u00e9s f\u00e9d\u00e9rales, cantonales et communales. La concurrence fiscale nationale joue un r\u00f4le d\u00e9terminant dans la r\u00e9duction de la pression fiscale. Les cantons suisses offrant la fiscalit\u00e9 la plus attrayante sont en t\u00eate du classement international, tant en mati\u00e8re d&#8217;imposition des entreprises que d&#8217;imposition des personnes physiques.<\/p>\n\t\t\t\t<img decoding=\"async\" src=\"https:\/\/kaurum.com\/wp-content\/uploads\/2022\/06\/implantation_suisse_04.svg\" alt=\"Implantation en Suisse\" itemprop=\"image\" title=\"implantation_suisse_04\" onerror=\"this.style.display='none'\" loading='lazy' \/>\n\t<p>Nous proposons un <strong>service cl\u00e9 en main<\/strong> aux entreprises \u00e9trang\u00e8res d\u00e9sirant s&#8217;implanter en Suisse.<\/p>\n<p>Nous vous accompagnons dans votre projet de la cr\u00e9ation de la soci\u00e9t\u00e9 jusqu&#8217;\u00e0 la gestion administrative afin que vous puissiez vous concentrer uniquement sur votre d\u00e9veloppement commercial. Nous vous ferons \u00e9galement b\u00e9n\u00e9ficier de notre large r\u00e9seau (avocat, notaires, banquiers, etc.).<\/p>\n\t<p>En g\u00e9n\u00e9ral, les clients d\u00e9sirant s&#8217;implanter en Suisse demandent nos services suivants :<\/p>\n\t<ul>\n\t\t\t<li>\n\t\t\t\tCr\u00e9ation d&#8217;entreprise (SA ou SARL)\n\t\t\t<\/li>\n\t\t\t<li>\n\t\t\t\tDomiciliation de l&#8217;entreprise cr\u00e9\u00e9e\n\t\t\t<\/li>\n\t\t\t<li>\n\t\t\t\tMise \u00e0 disposition d&#8217;un ou plusieurs administrateurs\n\t\t\t<\/li>\n\t\t\t<li>\n\t\t\t\tPrise en charge de la comptabilit\u00e9, des salaires et des imp\u00f4ts\n\t\t\t<\/li>\n\t\t\t<li>\n\t\t\t\tRepr\u00e9sentation fiscale\n\t\t\t<\/li>\n\t\t<\/ul>\n\t<p>Nous pouvons offrir un service complet ou \u00e0 la carte selon vos souhaits.<\/p>\n<p>Nous mettrons tout en \u0153uvre pour que votre implantation en Suisse soit une r\u00e9ussite et que vous puissiez vous concentrer sur le d\u00e9veloppement de vos affaires.<\/p>\n\n","protected":false},"excerpt":{"rendered":"<p>01. Implantation en Suisse Pourquoi la Suisse est-elle une destination d&#8217;exception pour les affaires\u00a0? La Suisse offre un cadre stable aussi bien au niveau politique, qu&#8217;\u00e9conomique ou financier, ainsi qu&#8217;un excellent niveau de vie. Une stabilit\u00e9 politique in\u00e9gal\u00e9e Les \u00e9tudes sur la s\u00e9curit\u00e9, la propri\u00e9t\u00e9 priv\u00e9e, la coh\u00e9sion sociale et la stabilit\u00e9 politique placent r\u00e9guli\u00e8rement&hellip;<\/p>\n","protected":false},"author":1,"featured_media":1346,"parent":3121,"menu_order":0,"comment_status":"closed","ping_status":"closed","template":"","meta":{"_acf_changed":false,"content-type":"","footnotes":""},"class_list":["post-1459","page","type-page","status-publish","has-post-thumbnail","hentry"],"acf":[],"yoast_head":"<!-- This site is optimized with the Yoast SEO Premium plugin v27.3 (Yoast SEO v27.4) - https:\/\/yoast.com\/product\/yoast-seo-premium-wordpress\/ -->\n<title>Starting a business in Switzerland, Geneva, Lausanne - Kaurum<\/title>\n<meta name=\"description\" content=\"The solution for setting up a business in Switzerland, in Geneva or Lausanne. A turnkey offer for a successful establishment.\" \/>\n<meta name=\"robots\" content=\"index, follow, max-snippet:-1, max-image-preview:large, max-video-preview:-1\" \/>\n<link rel=\"canonical\" href=\"https:\/\/kaurum.com\/en\/our-services\/setting-up-in-switzerland\/\" \/>\n<meta property=\"og:locale\" content=\"en_US\" \/>\n<meta property=\"og:type\" content=\"article\" \/>\n<meta property=\"og:title\" content=\"Starting a business in Switzerland, Geneva, Lausanne - Kaurum\" \/>\n<meta property=\"og:description\" content=\"The solution for setting up a business in Switzerland, in Geneva or Lausanne. A turnkey offer for a successful establishment.\" \/>\n<meta property=\"og:url\" content=\"https:\/\/kaurum.com\/en\/our-services\/setting-up-in-switzerland\/\" \/>\n<meta property=\"og:site_name\" content=\"Kaurum\" \/>\n<meta property=\"article:publisher\" content=\"https:\/\/www.linkedin.com\/company\/kaurum\/\" \/>\n<meta property=\"article:modified_time\" content=\"2025-07-22T14:15:00+00:00\" \/>\n<meta name=\"twitter:card\" content=\"summary_large_image\" \/>\n<meta name=\"twitter:label1\" content=\"Est. reading time\" \/>\n\t<meta name=\"twitter:data1\" content=\"3 minutes\" \/>\n<script type=\"application\/ld+json\" class=\"yoast-schema-graph\">{\"@context\":\"https:\\\/\\\/schema.org\",\"@graph\":[{\"@type\":\"WebPage\",\"@id\":\"https:\\\/\\\/kaurum.com\\\/en\\\/our-services\\\/setting-up-in-switzerland\\\/\",\"url\":\"https:\\\/\\\/kaurum.com\\\/en\\\/our-services\\\/setting-up-in-switzerland\\\/\",\"name\":\"Starting a business in Switzerland, Geneva, Lausanne - Kaurum\",\"isPartOf\":{\"@id\":\"https:\\\/\\\/kaurum.com\\\/en\\\/#website\"},\"primaryImageOfPage\":{\"@id\":\"https:\\\/\\\/kaurum.com\\\/en\\\/our-services\\\/setting-up-in-switzerland\\\/#primaryimage\"},\"image\":{\"@id\":\"https:\\\/\\\/kaurum.com\\\/en\\\/our-services\\\/setting-up-in-switzerland\\\/#primaryimage\"},\"thumbnailUrl\":\"https:\\\/\\\/kaurum.com\\\/wp-content\\\/uploads\\\/2022\\\/06\\\/icon_implantation_suisse.svg\",\"datePublished\":\"2022-06-07T09:32:04+00:00\",\"dateModified\":\"2025-07-22T14:15:00+00:00\",\"description\":\"The solution for setting up a business in Switzerland, in Geneva or Lausanne. A turnkey offer for a successful establishment.\",\"breadcrumb\":{\"@id\":\"https:\\\/\\\/kaurum.com\\\/en\\\/our-services\\\/setting-up-in-switzerland\\\/#breadcrumb\"},\"inLanguage\":\"en-US\",\"potentialAction\":[{\"@type\":\"ReadAction\",\"target\":[\"https:\\\/\\\/kaurum.com\\\/en\\\/our-services\\\/setting-up-in-switzerland\\\/\"]}]},{\"@type\":\"ImageObject\",\"inLanguage\":\"en-US\",\"@id\":\"https:\\\/\\\/kaurum.com\\\/en\\\/our-services\\\/setting-up-in-switzerland\\\/#primaryimage\",\"url\":\"https:\\\/\\\/kaurum.com\\\/wp-content\\\/uploads\\\/2022\\\/06\\\/icon_implantation_suisse.svg\",\"contentUrl\":\"https:\\\/\\\/kaurum.com\\\/wp-content\\\/uploads\\\/2022\\\/06\\\/icon_implantation_suisse.svg\",\"caption\":\"Kaurum - Implantation Suisse\"},{\"@type\":\"BreadcrumbList\",\"@id\":\"https:\\\/\\\/kaurum.com\\\/en\\\/our-services\\\/setting-up-in-switzerland\\\/#breadcrumb\",\"itemListElement\":[{\"@type\":\"ListItem\",\"position\":1,\"name\":\"Kaurum\",\"item\":\"https:\\\/\\\/kaurum.com\\\/en\\\/\"},{\"@type\":\"ListItem\",\"position\":2,\"name\":\"Our services\",\"item\":\"https:\\\/\\\/kaurum.com\\\/en\\\/our-services\\\/\"},{\"@type\":\"ListItem\",\"position\":3,\"name\":\"Setting up in Switzerland\"}]},{\"@type\":\"WebSite\",\"@id\":\"https:\\\/\\\/kaurum.com\\\/en\\\/#website\",\"url\":\"https:\\\/\\\/kaurum.com\\\/en\\\/\",\"name\":\"Kaurum\",\"description\":\"Votre fiduciaire d\u00e9di\u00e9e digitale\",\"publisher\":{\"@id\":\"https:\\\/\\\/kaurum.com\\\/en\\\/#organization\"},\"potentialAction\":[{\"@type\":\"SearchAction\",\"target\":{\"@type\":\"EntryPoint\",\"urlTemplate\":\"https:\\\/\\\/kaurum.com\\\/en\\\/?s={search_term_string}\"},\"query-input\":{\"@type\":\"PropertyValueSpecification\",\"valueRequired\":true,\"valueName\":\"search_term_string\"}}],\"inLanguage\":\"en-US\"},{\"@type\":\"Organization\",\"@id\":\"https:\\\/\\\/kaurum.com\\\/en\\\/#organization\",\"name\":\"Kaurum\",\"url\":\"https:\\\/\\\/kaurum.com\\\/en\\\/\",\"logo\":{\"@type\":\"ImageObject\",\"inLanguage\":\"en-US\",\"@id\":\"https:\\\/\\\/kaurum.com\\\/en\\\/#\\\/schema\\\/logo\\\/image\\\/\",\"url\":\"https:\\\/\\\/kaurum.com\\\/wp-content\\\/uploads\\\/2022\\\/05\\\/kaurum-logo-colour.svg\",\"contentUrl\":\"https:\\\/\\\/kaurum.com\\\/wp-content\\\/uploads\\\/2022\\\/05\\\/kaurum-logo-colour.svg\",\"width\":1,\"height\":1,\"caption\":\"Kaurum\"},\"image\":{\"@id\":\"https:\\\/\\\/kaurum.com\\\/en\\\/#\\\/schema\\\/logo\\\/image\\\/\"},\"sameAs\":[\"https:\\\/\\\/www.linkedin.com\\\/company\\\/kaurum\\\/\"]}]}<\/script>\n<!-- \/ Yoast SEO Premium plugin. -->","yoast_head_json":{"title":"Starting a business in Switzerland, Geneva, Lausanne - Kaurum","description":"The solution for setting up a business in Switzerland, in Geneva or Lausanne. A turnkey offer for a successful establishment.","robots":{"index":"index","follow":"follow","max-snippet":"max-snippet:-1","max-image-preview":"max-image-preview:large","max-video-preview":"max-video-preview:-1"},"canonical":"https:\/\/kaurum.com\/en\/our-services\/setting-up-in-switzerland\/","og_locale":"en_US","og_type":"article","og_title":"Starting a business in Switzerland, Geneva, Lausanne - Kaurum","og_description":"The solution for setting up a business in Switzerland, in Geneva or Lausanne. A turnkey offer for a successful establishment.","og_url":"https:\/\/kaurum.com\/en\/our-services\/setting-up-in-switzerland\/","og_site_name":"Kaurum","article_publisher":"https:\/\/www.linkedin.com\/company\/kaurum\/","article_modified_time":"2025-07-22T14:15:00+00:00","twitter_card":"summary_large_image","twitter_misc":{"Est. reading time":"3 minutes"},"schema":{"@context":"https:\/\/schema.org","@graph":[{"@type":"WebPage","@id":"https:\/\/kaurum.com\/en\/our-services\/setting-up-in-switzerland\/","url":"https:\/\/kaurum.com\/en\/our-services\/setting-up-in-switzerland\/","name":"Starting a business in Switzerland, Geneva, Lausanne - Kaurum","isPartOf":{"@id":"https:\/\/kaurum.com\/en\/#website"},"primaryImageOfPage":{"@id":"https:\/\/kaurum.com\/en\/our-services\/setting-up-in-switzerland\/#primaryimage"},"image":{"@id":"https:\/\/kaurum.com\/en\/our-services\/setting-up-in-switzerland\/#primaryimage"},"thumbnailUrl":"https:\/\/kaurum.com\/wp-content\/uploads\/2022\/06\/icon_implantation_suisse.svg","datePublished":"2022-06-07T09:32:04+00:00","dateModified":"2025-07-22T14:15:00+00:00","description":"The solution for setting up a business in Switzerland, in Geneva or Lausanne. A turnkey offer for a successful establishment.","breadcrumb":{"@id":"https:\/\/kaurum.com\/en\/our-services\/setting-up-in-switzerland\/#breadcrumb"},"inLanguage":"en-US","potentialAction":[{"@type":"ReadAction","target":["https:\/\/kaurum.com\/en\/our-services\/setting-up-in-switzerland\/"]}]},{"@type":"ImageObject","inLanguage":"en-US","@id":"https:\/\/kaurum.com\/en\/our-services\/setting-up-in-switzerland\/#primaryimage","url":"https:\/\/kaurum.com\/wp-content\/uploads\/2022\/06\/icon_implantation_suisse.svg","contentUrl":"https:\/\/kaurum.com\/wp-content\/uploads\/2022\/06\/icon_implantation_suisse.svg","caption":"Kaurum - Implantation Suisse"},{"@type":"BreadcrumbList","@id":"https:\/\/kaurum.com\/en\/our-services\/setting-up-in-switzerland\/#breadcrumb","itemListElement":[{"@type":"ListItem","position":1,"name":"Kaurum","item":"https:\/\/kaurum.com\/en\/"},{"@type":"ListItem","position":2,"name":"Our services","item":"https:\/\/kaurum.com\/en\/our-services\/"},{"@type":"ListItem","position":3,"name":"Setting up in Switzerland"}]},{"@type":"WebSite","@id":"https:\/\/kaurum.com\/en\/#website","url":"https:\/\/kaurum.com\/en\/","name":"Kaurum","description":"Votre fiduciaire d\u00e9di\u00e9e digitale","publisher":{"@id":"https:\/\/kaurum.com\/en\/#organization"},"potentialAction":[{"@type":"SearchAction","target":{"@type":"EntryPoint","urlTemplate":"https:\/\/kaurum.com\/en\/?s={search_term_string}"},"query-input":{"@type":"PropertyValueSpecification","valueRequired":true,"valueName":"search_term_string"}}],"inLanguage":"en-US"},{"@type":"Organization","@id":"https:\/\/kaurum.com\/en\/#organization","name":"Kaurum","url":"https:\/\/kaurum.com\/en\/","logo":{"@type":"ImageObject","inLanguage":"en-US","@id":"https:\/\/kaurum.com\/en\/#\/schema\/logo\/image\/","url":"https:\/\/kaurum.com\/wp-content\/uploads\/2022\/05\/kaurum-logo-colour.svg","contentUrl":"https:\/\/kaurum.com\/wp-content\/uploads\/2022\/05\/kaurum-logo-colour.svg","width":1,"height":1,"caption":"Kaurum"},"image":{"@id":"https:\/\/kaurum.com\/en\/#\/schema\/logo\/image\/"},"sameAs":["https:\/\/www.linkedin.com\/company\/kaurum\/"]}]}},"_links":{"self":[{"href":"https:\/\/kaurum.com\/en\/wp-json\/wp\/v2\/pages\/1459","targetHints":{"allow":["GET"]}}],"collection":[{"href":"https:\/\/kaurum.com\/en\/wp-json\/wp\/v2\/pages"}],"about":[{"href":"https:\/\/kaurum.com\/en\/wp-json\/wp\/v2\/types\/page"}],"author":[{"embeddable":true,"href":"https:\/\/kaurum.com\/en\/wp-json\/wp\/v2\/users\/1"}],"replies":[{"embeddable":true,"href":"https:\/\/kaurum.com\/en\/wp-json\/wp\/v2\/comments?post=1459"}],"version-history":[{"count":3,"href":"https:\/\/kaurum.com\/en\/wp-json\/wp\/v2\/pages\/1459\/revisions"}],"predecessor-version":[{"id":3197,"href":"https:\/\/kaurum.com\/en\/wp-json\/wp\/v2\/pages\/1459\/revisions\/3197"}],"up":[{"embeddable":true,"href":"https:\/\/kaurum.com\/en\/wp-json\/wp\/v2\/pages\/3121"}],"wp:featuredmedia":[{"embeddable":true,"href":"https:\/\/kaurum.com\/en\/wp-json\/wp\/v2\/media\/1346"}],"wp:attachment":[{"href":"https:\/\/kaurum.com\/en\/wp-json\/wp\/v2\/media?parent=1459"}],"curies":[{"name":"wp","href":"https:\/\/api.w.org\/{rel}","templated":true}]}}