{"id":1460,"date":"2022-06-07T11:32:24","date_gmt":"2022-06-07T09:32:24","guid":{"rendered":"https:\/\/kaurum.com\/directorship\/"},"modified":"2025-07-22T16:20:41","modified_gmt":"2025-07-22T14:20:41","slug":"directorship","status":"publish","type":"page","link":"https:\/\/kaurum.com\/en\/our-services\/directorship\/","title":{"rendered":"Directorships in Switzerland for SMEs \/ start-ups &#8211; Kaurum"},"content":{"rendered":"\n\n\t\t<h2>\n\t\t\t01. Mandat d&#8217;administrateur\n\t\t<\/h2>\n\t\t\t<p>Une soci\u00e9t\u00e9 qui a son si\u00e8ge social en Suisse doit \u00eatre repr\u00e9sent\u00e9e par une personne r\u00e9sidant en Suisse. Vous \u00eates une soci\u00e9t\u00e9 \u00e9trang\u00e8re, Kaurum met \u00e0 disposition des professionnels de confiance pour tout mandat d&#8217;administrateur.<\/p>\t\t\n\t<p>Si vous \u00eates une soci\u00e9t\u00e9 suisse mais souhaitez \u00e9galement profiter de notre <strong>expertise en tant qu&#8217;administrateur<\/strong>, Kaurum est \u00e9galement \u00e0 votre service pour s\u00e9lectionner les administrateurs les plus adapt\u00e9s \u00e0 la situation.<\/p>\n\n","protected":false},"excerpt":{"rendered":"<p>01. Mandat d&#8217;administrateur Une soci\u00e9t\u00e9 qui a son si\u00e8ge social en Suisse doit \u00eatre repr\u00e9sent\u00e9e par une personne r\u00e9sidant en Suisse. Vous \u00eates une soci\u00e9t\u00e9 \u00e9trang\u00e8re, Kaurum met \u00e0 disposition des professionnels de confiance pour tout mandat d&#8217;administrateur. Si vous \u00eates une soci\u00e9t\u00e9 suisse mais souhaitez \u00e9galement profiter de notre expertise en tant qu&#8217;administrateur, Kaurum&hellip;<\/p>\n","protected":false},"author":1,"featured_media":1345,"parent":3121,"menu_order":0,"comment_status":"closed","ping_status":"closed","template":"","meta":{"_acf_changed":false,"content-type":"","footnotes":""},"class_list":["post-1460","page","type-page","status-publish","has-post-thumbnail","hentry"],"acf":[],"yoast_head":"<!-- This site is optimized with the Yoast SEO Premium plugin v27.3 (Yoast SEO v27.4) - https:\/\/yoast.com\/product\/yoast-seo-premium-wordpress\/ -->\n<title>Directorships in Switzerland for SMEs \/ start-ups - Kaurum<\/title>\n<meta name=\"description\" content=\"Need a director living in Switzerland? Kaurum provides trusted professionals for any director mandate.\" \/>\n<meta name=\"robots\" content=\"index, follow, max-snippet:-1, max-image-preview:large, max-video-preview:-1\" \/>\n<link rel=\"canonical\" href=\"https:\/\/kaurum.com\/en\/our-services\/directorship\/\" \/>\n<meta property=\"og:locale\" content=\"en_US\" \/>\n<meta property=\"og:type\" content=\"article\" \/>\n<meta property=\"og:title\" content=\"Directorships in Switzerland for SMEs \/ start-ups - Kaurum\" \/>\n<meta property=\"og:description\" content=\"Need a director living in Switzerland? Kaurum provides trusted professionals for any director mandate.\" \/>\n<meta property=\"og:url\" content=\"https:\/\/kaurum.com\/en\/our-services\/directorship\/\" \/>\n<meta property=\"og:site_name\" content=\"Kaurum\" \/>\n<meta property=\"article:publisher\" content=\"https:\/\/www.linkedin.com\/company\/kaurum\/\" \/>\n<meta property=\"article:modified_time\" content=\"2025-07-22T14:20:41+00:00\" \/>\n<meta name=\"twitter:card\" content=\"summary_large_image\" \/>\n<script type=\"application\/ld+json\" class=\"yoast-schema-graph\">{\"@context\":\"https:\\\/\\\/schema.org\",\"@graph\":[{\"@type\":\"WebPage\",\"@id\":\"https:\\\/\\\/kaurum.com\\\/en\\\/our-services\\\/directorship\\\/\",\"url\":\"https:\\\/\\\/kaurum.com\\\/en\\\/our-services\\\/directorship\\\/\",\"name\":\"Directorships in Switzerland for SMEs \\\/ start-ups - Kaurum\",\"isPartOf\":{\"@id\":\"https:\\\/\\\/kaurum.com\\\/en\\\/#website\"},\"primaryImageOfPage\":{\"@id\":\"https:\\\/\\\/kaurum.com\\\/en\\\/our-services\\\/directorship\\\/#primaryimage\"},\"image\":{\"@id\":\"https:\\\/\\\/kaurum.com\\\/en\\\/our-services\\\/directorship\\\/#primaryimage\"},\"thumbnailUrl\":\"https:\\\/\\\/kaurum.com\\\/wp-content\\\/uploads\\\/2022\\\/06\\\/icon_mandat_administrateur.svg\",\"datePublished\":\"2022-06-07T09:32:24+00:00\",\"dateModified\":\"2025-07-22T14:20:41+00:00\",\"description\":\"Need a director living in Switzerland? Kaurum provides trusted professionals for any director mandate.\",\"breadcrumb\":{\"@id\":\"https:\\\/\\\/kaurum.com\\\/en\\\/our-services\\\/directorship\\\/#breadcrumb\"},\"inLanguage\":\"en-US\",\"potentialAction\":[{\"@type\":\"ReadAction\",\"target\":[\"https:\\\/\\\/kaurum.com\\\/en\\\/our-services\\\/directorship\\\/\"]}]},{\"@type\":\"ImageObject\",\"inLanguage\":\"en-US\",\"@id\":\"https:\\\/\\\/kaurum.com\\\/en\\\/our-services\\\/directorship\\\/#primaryimage\",\"url\":\"https:\\\/\\\/kaurum.com\\\/wp-content\\\/uploads\\\/2022\\\/06\\\/icon_mandat_administrateur.svg\",\"contentUrl\":\"https:\\\/\\\/kaurum.com\\\/wp-content\\\/uploads\\\/2022\\\/06\\\/icon_mandat_administrateur.svg\",\"caption\":\"Kaurum - Mandat administrateur\"},{\"@type\":\"BreadcrumbList\",\"@id\":\"https:\\\/\\\/kaurum.com\\\/en\\\/our-services\\\/directorship\\\/#breadcrumb\",\"itemListElement\":[{\"@type\":\"ListItem\",\"position\":1,\"name\":\"Kaurum\",\"item\":\"https:\\\/\\\/kaurum.com\\\/en\\\/\"},{\"@type\":\"ListItem\",\"position\":2,\"name\":\"Our services\",\"item\":\"https:\\\/\\\/kaurum.com\\\/en\\\/our-services\\\/\"},{\"@type\":\"ListItem\",\"position\":3,\"name\":\"Directorships\"}]},{\"@type\":\"WebSite\",\"@id\":\"https:\\\/\\\/kaurum.com\\\/en\\\/#website\",\"url\":\"https:\\\/\\\/kaurum.com\\\/en\\\/\",\"name\":\"Kaurum\",\"description\":\"Votre fiduciaire d\u00e9di\u00e9e digitale\",\"publisher\":{\"@id\":\"https:\\\/\\\/kaurum.com\\\/en\\\/#organization\"},\"potentialAction\":[{\"@type\":\"SearchAction\",\"target\":{\"@type\":\"EntryPoint\",\"urlTemplate\":\"https:\\\/\\\/kaurum.com\\\/en\\\/?s={search_term_string}\"},\"query-input\":{\"@type\":\"PropertyValueSpecification\",\"valueRequired\":true,\"valueName\":\"search_term_string\"}}],\"inLanguage\":\"en-US\"},{\"@type\":\"Organization\",\"@id\":\"https:\\\/\\\/kaurum.com\\\/en\\\/#organization\",\"name\":\"Kaurum\",\"url\":\"https:\\\/\\\/kaurum.com\\\/en\\\/\",\"logo\":{\"@type\":\"ImageObject\",\"inLanguage\":\"en-US\",\"@id\":\"https:\\\/\\\/kaurum.com\\\/en\\\/#\\\/schema\\\/logo\\\/image\\\/\",\"url\":\"https:\\\/\\\/kaurum.com\\\/wp-content\\\/uploads\\\/2022\\\/05\\\/kaurum-logo-colour.svg\",\"contentUrl\":\"https:\\\/\\\/kaurum.com\\\/wp-content\\\/uploads\\\/2022\\\/05\\\/kaurum-logo-colour.svg\",\"width\":1,\"height\":1,\"caption\":\"Kaurum\"},\"image\":{\"@id\":\"https:\\\/\\\/kaurum.com\\\/en\\\/#\\\/schema\\\/logo\\\/image\\\/\"},\"sameAs\":[\"https:\\\/\\\/www.linkedin.com\\\/company\\\/kaurum\\\/\"]}]}<\/script>\n<!-- \/ Yoast SEO Premium plugin. -->","yoast_head_json":{"title":"Directorships in Switzerland for SMEs \/ start-ups - Kaurum","description":"Need a director living in Switzerland? Kaurum provides trusted professionals for any director mandate.","robots":{"index":"index","follow":"follow","max-snippet":"max-snippet:-1","max-image-preview":"max-image-preview:large","max-video-preview":"max-video-preview:-1"},"canonical":"https:\/\/kaurum.com\/en\/our-services\/directorship\/","og_locale":"en_US","og_type":"article","og_title":"Directorships in Switzerland for SMEs \/ start-ups - Kaurum","og_description":"Need a director living in Switzerland? Kaurum provides trusted professionals for any director mandate.","og_url":"https:\/\/kaurum.com\/en\/our-services\/directorship\/","og_site_name":"Kaurum","article_publisher":"https:\/\/www.linkedin.com\/company\/kaurum\/","article_modified_time":"2025-07-22T14:20:41+00:00","twitter_card":"summary_large_image","schema":{"@context":"https:\/\/schema.org","@graph":[{"@type":"WebPage","@id":"https:\/\/kaurum.com\/en\/our-services\/directorship\/","url":"https:\/\/kaurum.com\/en\/our-services\/directorship\/","name":"Directorships in Switzerland for SMEs \/ start-ups - Kaurum","isPartOf":{"@id":"https:\/\/kaurum.com\/en\/#website"},"primaryImageOfPage":{"@id":"https:\/\/kaurum.com\/en\/our-services\/directorship\/#primaryimage"},"image":{"@id":"https:\/\/kaurum.com\/en\/our-services\/directorship\/#primaryimage"},"thumbnailUrl":"https:\/\/kaurum.com\/wp-content\/uploads\/2022\/06\/icon_mandat_administrateur.svg","datePublished":"2022-06-07T09:32:24+00:00","dateModified":"2025-07-22T14:20:41+00:00","description":"Need a director living in Switzerland? Kaurum provides trusted professionals for any director mandate.","breadcrumb":{"@id":"https:\/\/kaurum.com\/en\/our-services\/directorship\/#breadcrumb"},"inLanguage":"en-US","potentialAction":[{"@type":"ReadAction","target":["https:\/\/kaurum.com\/en\/our-services\/directorship\/"]}]},{"@type":"ImageObject","inLanguage":"en-US","@id":"https:\/\/kaurum.com\/en\/our-services\/directorship\/#primaryimage","url":"https:\/\/kaurum.com\/wp-content\/uploads\/2022\/06\/icon_mandat_administrateur.svg","contentUrl":"https:\/\/kaurum.com\/wp-content\/uploads\/2022\/06\/icon_mandat_administrateur.svg","caption":"Kaurum - Mandat administrateur"},{"@type":"BreadcrumbList","@id":"https:\/\/kaurum.com\/en\/our-services\/directorship\/#breadcrumb","itemListElement":[{"@type":"ListItem","position":1,"name":"Kaurum","item":"https:\/\/kaurum.com\/en\/"},{"@type":"ListItem","position":2,"name":"Our services","item":"https:\/\/kaurum.com\/en\/our-services\/"},{"@type":"ListItem","position":3,"name":"Directorships"}]},{"@type":"WebSite","@id":"https:\/\/kaurum.com\/en\/#website","url":"https:\/\/kaurum.com\/en\/","name":"Kaurum","description":"Votre fiduciaire d\u00e9di\u00e9e digitale","publisher":{"@id":"https:\/\/kaurum.com\/en\/#organization"},"potentialAction":[{"@type":"SearchAction","target":{"@type":"EntryPoint","urlTemplate":"https:\/\/kaurum.com\/en\/?s={search_term_string}"},"query-input":{"@type":"PropertyValueSpecification","valueRequired":true,"valueName":"search_term_string"}}],"inLanguage":"en-US"},{"@type":"Organization","@id":"https:\/\/kaurum.com\/en\/#organization","name":"Kaurum","url":"https:\/\/kaurum.com\/en\/","logo":{"@type":"ImageObject","inLanguage":"en-US","@id":"https:\/\/kaurum.com\/en\/#\/schema\/logo\/image\/","url":"https:\/\/kaurum.com\/wp-content\/uploads\/2022\/05\/kaurum-logo-colour.svg","contentUrl":"https:\/\/kaurum.com\/wp-content\/uploads\/2022\/05\/kaurum-logo-colour.svg","width":1,"height":1,"caption":"Kaurum"},"image":{"@id":"https:\/\/kaurum.com\/en\/#\/schema\/logo\/image\/"},"sameAs":["https:\/\/www.linkedin.com\/company\/kaurum\/"]}]}},"_links":{"self":[{"href":"https:\/\/kaurum.com\/en\/wp-json\/wp\/v2\/pages\/1460","targetHints":{"allow":["GET"]}}],"collection":[{"href":"https:\/\/kaurum.com\/en\/wp-json\/wp\/v2\/pages"}],"about":[{"href":"https:\/\/kaurum.com\/en\/wp-json\/wp\/v2\/types\/page"}],"author":[{"embeddable":true,"href":"https:\/\/kaurum.com\/en\/wp-json\/wp\/v2\/users\/1"}],"replies":[{"embeddable":true,"href":"https:\/\/kaurum.com\/en\/wp-json\/wp\/v2\/comments?post=1460"}],"version-history":[{"count":3,"href":"https:\/\/kaurum.com\/en\/wp-json\/wp\/v2\/pages\/1460\/revisions"}],"predecessor-version":[{"id":3205,"href":"https:\/\/kaurum.com\/en\/wp-json\/wp\/v2\/pages\/1460\/revisions\/3205"}],"up":[{"embeddable":true,"href":"https:\/\/kaurum.com\/en\/wp-json\/wp\/v2\/pages\/3121"}],"wp:featuredmedia":[{"embeddable":true,"href":"https:\/\/kaurum.com\/en\/wp-json\/wp\/v2\/media\/1345"}],"wp:attachment":[{"href":"https:\/\/kaurum.com\/en\/wp-json\/wp\/v2\/media?parent=1460"}],"curies":[{"name":"wp","href":"https:\/\/api.w.org\/{rel}","templated":true}]}}