{"id":1461,"date":"2022-06-07T11:30:44","date_gmt":"2022-06-07T09:30:44","guid":{"rendered":"https:\/\/kaurum.com\/domiciliation\/"},"modified":"2025-07-22T16:15:38","modified_gmt":"2025-07-22T14:15:38","slug":"domiciliation","status":"publish","type":"page","link":"https:\/\/kaurum.com\/en\/our-services\/domiciliation\/","title":{"rendered":"Company domiciliation in Switzerland &#8211; CHF 65. &#8211; Fiduciary Kaurum"},"content":{"rendered":"\n\n\t\t<h2>\n\t\t\t01. Domiciliation d&#8217;entreprise\n\t\t<\/h2>\n\t\t\t<p>Choisir la bonne adresse commerciale est \u00e0 la fois important pour vos clients mais permet \u00e9galement d&#8217;opter pour une fiscalit\u00e9 avantageuse.<\/p>\t\t\n\t<p>Kaurum se charge de <strong>domicilier votre entreprise en Suisse romande<\/strong> (Gen\u00e8ve, Lausanne, etc.), avec services de gestion du courrier. <a href=\"https:\/\/kaurum.com\/en\/contact\/\">Demandez un devis personnalis\u00e9<\/a>.<\/p>\n\n","protected":false},"excerpt":{"rendered":"<p>01. Domiciliation d&#8217;entreprise Choisir la bonne adresse commerciale est \u00e0 la fois important pour vos clients mais permet \u00e9galement d&#8217;opter pour une fiscalit\u00e9 avantageuse. Kaurum se charge de domicilier votre entreprise en Suisse romande (Gen\u00e8ve, Lausanne, etc.), avec services de gestion du courrier. Demandez un devis personnalis\u00e9.<\/p>\n","protected":false},"author":1,"featured_media":1344,"parent":3121,"menu_order":0,"comment_status":"closed","ping_status":"closed","template":"","meta":{"_acf_changed":false,"content-type":"","footnotes":""},"class_list":["post-1461","page","type-page","status-publish","has-post-thumbnail","hentry"],"acf":[],"yoast_head":"<!-- This site is optimized with the Yoast SEO Premium plugin v27.3 (Yoast SEO v27.4) - https:\/\/yoast.com\/product\/yoast-seo-premium-wordpress\/ -->\n<title>Company domiciliation in Switzerland - CHF 65. - Fiduciary Kaurum<\/title>\n<meta name=\"description\" content=\"Domiciliation for SMEs, start-ups and self-employed people in Geneva with Fiduciaire Kaurum. From CHF 65 \/ month. Prestigious business address in Switzerland.\" \/>\n<meta name=\"robots\" content=\"index, follow, max-snippet:-1, max-image-preview:large, max-video-preview:-1\" \/>\n<link rel=\"canonical\" href=\"https:\/\/kaurum.com\/en\/our-services\/domiciliation\/\" \/>\n<meta property=\"og:locale\" content=\"en_US\" \/>\n<meta property=\"og:type\" content=\"article\" \/>\n<meta property=\"og:title\" content=\"Company domiciliation in Switzerland - CHF 65. - Fiduciary Kaurum\" \/>\n<meta property=\"og:description\" content=\"Domiciliation for SMEs, start-ups and self-employed people in Geneva with Fiduciaire Kaurum. From CHF 65 \/ month. Prestigious business address in Switzerland.\" \/>\n<meta property=\"og:url\" content=\"https:\/\/kaurum.com\/en\/our-services\/domiciliation\/\" \/>\n<meta property=\"og:site_name\" content=\"Kaurum\" \/>\n<meta property=\"article:publisher\" content=\"https:\/\/www.linkedin.com\/company\/kaurum\/\" \/>\n<meta property=\"article:modified_time\" content=\"2025-07-22T14:15:38+00:00\" \/>\n<meta name=\"twitter:card\" content=\"summary_large_image\" \/>\n<script type=\"application\/ld+json\" class=\"yoast-schema-graph\">{\"@context\":\"https:\\\/\\\/schema.org\",\"@graph\":[{\"@type\":\"WebPage\",\"@id\":\"https:\\\/\\\/kaurum.com\\\/en\\\/our-services\\\/domiciliation\\\/\",\"url\":\"https:\\\/\\\/kaurum.com\\\/en\\\/our-services\\\/domiciliation\\\/\",\"name\":\"Company domiciliation in Switzerland - CHF 65. - Fiduciary Kaurum\",\"isPartOf\":{\"@id\":\"https:\\\/\\\/kaurum.com\\\/en\\\/#website\"},\"primaryImageOfPage\":{\"@id\":\"https:\\\/\\\/kaurum.com\\\/en\\\/our-services\\\/domiciliation\\\/#primaryimage\"},\"image\":{\"@id\":\"https:\\\/\\\/kaurum.com\\\/en\\\/our-services\\\/domiciliation\\\/#primaryimage\"},\"thumbnailUrl\":\"https:\\\/\\\/kaurum.com\\\/wp-content\\\/uploads\\\/2022\\\/06\\\/icon_domiciliation.svg\",\"datePublished\":\"2022-06-07T09:30:44+00:00\",\"dateModified\":\"2025-07-22T14:15:38+00:00\",\"description\":\"Domiciliation for SMEs, start-ups and self-employed people in Geneva with Fiduciaire Kaurum. From CHF 65 \\\/ month. Prestigious business address in Switzerland.\",\"breadcrumb\":{\"@id\":\"https:\\\/\\\/kaurum.com\\\/en\\\/our-services\\\/domiciliation\\\/#breadcrumb\"},\"inLanguage\":\"en-US\",\"potentialAction\":[{\"@type\":\"ReadAction\",\"target\":[\"https:\\\/\\\/kaurum.com\\\/en\\\/our-services\\\/domiciliation\\\/\"]}]},{\"@type\":\"ImageObject\",\"inLanguage\":\"en-US\",\"@id\":\"https:\\\/\\\/kaurum.com\\\/en\\\/our-services\\\/domiciliation\\\/#primaryimage\",\"url\":\"https:\\\/\\\/kaurum.com\\\/wp-content\\\/uploads\\\/2022\\\/06\\\/icon_domiciliation.svg\",\"contentUrl\":\"https:\\\/\\\/kaurum.com\\\/wp-content\\\/uploads\\\/2022\\\/06\\\/icon_domiciliation.svg\",\"caption\":\"Kaurum - Domiciliation\"},{\"@type\":\"BreadcrumbList\",\"@id\":\"https:\\\/\\\/kaurum.com\\\/en\\\/our-services\\\/domiciliation\\\/#breadcrumb\",\"itemListElement\":[{\"@type\":\"ListItem\",\"position\":1,\"name\":\"Kaurum\",\"item\":\"https:\\\/\\\/kaurum.com\\\/en\\\/\"},{\"@type\":\"ListItem\",\"position\":2,\"name\":\"Our services\",\"item\":\"https:\\\/\\\/kaurum.com\\\/en\\\/our-services\\\/\"},{\"@type\":\"ListItem\",\"position\":3,\"name\":\"Domiciliation\"}]},{\"@type\":\"WebSite\",\"@id\":\"https:\\\/\\\/kaurum.com\\\/en\\\/#website\",\"url\":\"https:\\\/\\\/kaurum.com\\\/en\\\/\",\"name\":\"Kaurum\",\"description\":\"Votre fiduciaire d\u00e9di\u00e9e digitale\",\"publisher\":{\"@id\":\"https:\\\/\\\/kaurum.com\\\/en\\\/#organization\"},\"potentialAction\":[{\"@type\":\"SearchAction\",\"target\":{\"@type\":\"EntryPoint\",\"urlTemplate\":\"https:\\\/\\\/kaurum.com\\\/en\\\/?s={search_term_string}\"},\"query-input\":{\"@type\":\"PropertyValueSpecification\",\"valueRequired\":true,\"valueName\":\"search_term_string\"}}],\"inLanguage\":\"en-US\"},{\"@type\":\"Organization\",\"@id\":\"https:\\\/\\\/kaurum.com\\\/en\\\/#organization\",\"name\":\"Kaurum\",\"url\":\"https:\\\/\\\/kaurum.com\\\/en\\\/\",\"logo\":{\"@type\":\"ImageObject\",\"inLanguage\":\"en-US\",\"@id\":\"https:\\\/\\\/kaurum.com\\\/en\\\/#\\\/schema\\\/logo\\\/image\\\/\",\"url\":\"https:\\\/\\\/kaurum.com\\\/wp-content\\\/uploads\\\/2022\\\/05\\\/kaurum-logo-colour.svg\",\"contentUrl\":\"https:\\\/\\\/kaurum.com\\\/wp-content\\\/uploads\\\/2022\\\/05\\\/kaurum-logo-colour.svg\",\"width\":1,\"height\":1,\"caption\":\"Kaurum\"},\"image\":{\"@id\":\"https:\\\/\\\/kaurum.com\\\/en\\\/#\\\/schema\\\/logo\\\/image\\\/\"},\"sameAs\":[\"https:\\\/\\\/www.linkedin.com\\\/company\\\/kaurum\\\/\"]}]}<\/script>\n<!-- \/ Yoast SEO Premium plugin. -->","yoast_head_json":{"title":"Company domiciliation in Switzerland - CHF 65. - Fiduciary Kaurum","description":"Domiciliation for SMEs, start-ups and self-employed people in Geneva with Fiduciaire Kaurum. From CHF 65 \/ month. Prestigious business address in Switzerland.","robots":{"index":"index","follow":"follow","max-snippet":"max-snippet:-1","max-image-preview":"max-image-preview:large","max-video-preview":"max-video-preview:-1"},"canonical":"https:\/\/kaurum.com\/en\/our-services\/domiciliation\/","og_locale":"en_US","og_type":"article","og_title":"Company domiciliation in Switzerland - CHF 65. - Fiduciary Kaurum","og_description":"Domiciliation for SMEs, start-ups and self-employed people in Geneva with Fiduciaire Kaurum. From CHF 65 \/ month. Prestigious business address in Switzerland.","og_url":"https:\/\/kaurum.com\/en\/our-services\/domiciliation\/","og_site_name":"Kaurum","article_publisher":"https:\/\/www.linkedin.com\/company\/kaurum\/","article_modified_time":"2025-07-22T14:15:38+00:00","twitter_card":"summary_large_image","schema":{"@context":"https:\/\/schema.org","@graph":[{"@type":"WebPage","@id":"https:\/\/kaurum.com\/en\/our-services\/domiciliation\/","url":"https:\/\/kaurum.com\/en\/our-services\/domiciliation\/","name":"Company domiciliation in Switzerland - CHF 65. - Fiduciary Kaurum","isPartOf":{"@id":"https:\/\/kaurum.com\/en\/#website"},"primaryImageOfPage":{"@id":"https:\/\/kaurum.com\/en\/our-services\/domiciliation\/#primaryimage"},"image":{"@id":"https:\/\/kaurum.com\/en\/our-services\/domiciliation\/#primaryimage"},"thumbnailUrl":"https:\/\/kaurum.com\/wp-content\/uploads\/2022\/06\/icon_domiciliation.svg","datePublished":"2022-06-07T09:30:44+00:00","dateModified":"2025-07-22T14:15:38+00:00","description":"Domiciliation for SMEs, start-ups and self-employed people in Geneva with Fiduciaire Kaurum. From CHF 65 \/ month. Prestigious business address in Switzerland.","breadcrumb":{"@id":"https:\/\/kaurum.com\/en\/our-services\/domiciliation\/#breadcrumb"},"inLanguage":"en-US","potentialAction":[{"@type":"ReadAction","target":["https:\/\/kaurum.com\/en\/our-services\/domiciliation\/"]}]},{"@type":"ImageObject","inLanguage":"en-US","@id":"https:\/\/kaurum.com\/en\/our-services\/domiciliation\/#primaryimage","url":"https:\/\/kaurum.com\/wp-content\/uploads\/2022\/06\/icon_domiciliation.svg","contentUrl":"https:\/\/kaurum.com\/wp-content\/uploads\/2022\/06\/icon_domiciliation.svg","caption":"Kaurum - Domiciliation"},{"@type":"BreadcrumbList","@id":"https:\/\/kaurum.com\/en\/our-services\/domiciliation\/#breadcrumb","itemListElement":[{"@type":"ListItem","position":1,"name":"Kaurum","item":"https:\/\/kaurum.com\/en\/"},{"@type":"ListItem","position":2,"name":"Our services","item":"https:\/\/kaurum.com\/en\/our-services\/"},{"@type":"ListItem","position":3,"name":"Domiciliation"}]},{"@type":"WebSite","@id":"https:\/\/kaurum.com\/en\/#website","url":"https:\/\/kaurum.com\/en\/","name":"Kaurum","description":"Votre fiduciaire d\u00e9di\u00e9e digitale","publisher":{"@id":"https:\/\/kaurum.com\/en\/#organization"},"potentialAction":[{"@type":"SearchAction","target":{"@type":"EntryPoint","urlTemplate":"https:\/\/kaurum.com\/en\/?s={search_term_string}"},"query-input":{"@type":"PropertyValueSpecification","valueRequired":true,"valueName":"search_term_string"}}],"inLanguage":"en-US"},{"@type":"Organization","@id":"https:\/\/kaurum.com\/en\/#organization","name":"Kaurum","url":"https:\/\/kaurum.com\/en\/","logo":{"@type":"ImageObject","inLanguage":"en-US","@id":"https:\/\/kaurum.com\/en\/#\/schema\/logo\/image\/","url":"https:\/\/kaurum.com\/wp-content\/uploads\/2022\/05\/kaurum-logo-colour.svg","contentUrl":"https:\/\/kaurum.com\/wp-content\/uploads\/2022\/05\/kaurum-logo-colour.svg","width":1,"height":1,"caption":"Kaurum"},"image":{"@id":"https:\/\/kaurum.com\/en\/#\/schema\/logo\/image\/"},"sameAs":["https:\/\/www.linkedin.com\/company\/kaurum\/"]}]}},"_links":{"self":[{"href":"https:\/\/kaurum.com\/en\/wp-json\/wp\/v2\/pages\/1461","targetHints":{"allow":["GET"]}}],"collection":[{"href":"https:\/\/kaurum.com\/en\/wp-json\/wp\/v2\/pages"}],"about":[{"href":"https:\/\/kaurum.com\/en\/wp-json\/wp\/v2\/types\/page"}],"author":[{"embeddable":true,"href":"https:\/\/kaurum.com\/en\/wp-json\/wp\/v2\/users\/1"}],"replies":[{"embeddable":true,"href":"https:\/\/kaurum.com\/en\/wp-json\/wp\/v2\/comments?post=1461"}],"version-history":[{"count":3,"href":"https:\/\/kaurum.com\/en\/wp-json\/wp\/v2\/pages\/1461\/revisions"}],"predecessor-version":[{"id":3201,"href":"https:\/\/kaurum.com\/en\/wp-json\/wp\/v2\/pages\/1461\/revisions\/3201"}],"up":[{"embeddable":true,"href":"https:\/\/kaurum.com\/en\/wp-json\/wp\/v2\/pages\/3121"}],"wp:featuredmedia":[{"embeddable":true,"href":"https:\/\/kaurum.com\/en\/wp-json\/wp\/v2\/media\/1344"}],"wp:attachment":[{"href":"https:\/\/kaurum.com\/en\/wp-json\/wp\/v2\/media?parent=1461"}],"curies":[{"name":"wp","href":"https:\/\/api.w.org\/{rel}","templated":true}]}}