{"id":1473,"date":"2022-05-30T11:22:48","date_gmt":"2022-05-30T09:22:48","guid":{"rendered":"https:\/\/kaurum.com\/homepage-en\/"},"modified":"2026-02-08T19:29:51","modified_gmt":"2026-02-08T18:29:51","slug":"homepage-en","status":"publish","type":"page","link":"https:\/\/kaurum.com\/en\/","title":{"rendered":"Kaurum &#8211; Fiduciary in Geneva, Lausanne and throughout Switzerland!"},"content":{"rendered":"\n\n\t<h1>\n Kaurum, your fiduciary in Switzerland\nAccounting\nTaxation\nAudit\nAdvice\nSetting up a company\n<\/h1>\n\t<p><strong>Setting up in Switzerland, Company formation, Accounting, Tax advice, External directors, Legal and contractual audit | Chartered accountants | Certified auditors | Local and cross-border expertise<\/strong><\/p>\n\t<div data-src=\"https:\/\/cdn.trustindex.io\/loader.js?05ffa8a460db7779ff16e542404\"><\/div>\n<h2>\n\t\t\tWe are approved partners of :\t<\/h2>\n\t\t\t\t\t\t<figure>\n\t\t\t\t\t\t\t<img decoding=\"async\" src=\"https:\/\/kaurum.com\/wp-content\/uploads\/2025\/05\/bexio-platine-logo-1.jpg\" alt=\"bexio platine logo fiduciaire kaurum Gen\u00e8ve\" srcset=\"https:\/\/kaurum.com\/wp-content\/uploads\/2025\/05\/bexio-platine-logo-1.jpg 456w, https:\/\/kaurum.com\/wp-content\/uploads\/2025\/05\/bexio-platine-logo-1-300x168.jpg 300w\" width=\"456\" height=\"256\" \/>\n\t\t\t\t\t\t\t\t\t\t\t\t\t<\/figure>\n\t\t\t\t\t\t<figure>\n\t\t\t\t\t\t\t<img decoding=\"async\" src=\"https:\/\/kaurum.com\/wp-content\/uploads\/2025\/07\/faoa.png\" alt=\"FAOA licensed audit expert fiduciary kaurum in geneva\" width=\"208\" height=\"100\" \/>\n\t\t\t\t\t\t\t\t\t\t\t\t\t<\/figure>\n\t\t\t\t\t\t<figure>\n\t\t\t\t\t\t\t<img decoding=\"async\" src=\"https:\/\/kaurum.com\/wp-content\/uploads\/2025\/05\/odoo-partner-fiduciaire-Kaurum-logo-e1747847395281.png\" alt=\"odoo partner fiduciaire Kaurum logo\" srcset=\"https:\/\/kaurum.com\/wp-content\/uploads\/2025\/05\/odoo-partner-fiduciaire-Kaurum-logo-e1747847395281.png 1357w, https:\/\/kaurum.com\/wp-content\/uploads\/2025\/05\/odoo-partner-fiduciaire-Kaurum-logo-e1747847395281-300x137.png 300w, https:\/\/kaurum.com\/wp-content\/uploads\/2025\/05\/odoo-partner-fiduciaire-Kaurum-logo-e1747847395281-1024x468.png 1024w, https:\/\/kaurum.com\/wp-content\/uploads\/2025\/05\/odoo-partner-fiduciaire-Kaurum-logo-e1747847395281-768x351.png 768w\" width=\"1357\" height=\"620\" \/>\n\t\t\t\t\t\t\t\t\t\t\t\t\t<\/figure>\n\t\t\t\t\t\t<figure>\n\t\t\t\t\t\t\t<img decoding=\"async\" src=\"https:\/\/kaurum.com\/wp-content\/uploads\/2025\/05\/expert-reviseur-agree-fiduciaire-kaurum-a-geneve.jpg\" alt=\"expert-r\u00e9viseur-agr\u00e9\u00e9-fiduciaire-kaurum-a-geneve\" srcset=\"https:\/\/kaurum.com\/wp-content\/uploads\/2025\/05\/expert-reviseur-agree-fiduciaire-kaurum-a-geneve.jpg 420w, https:\/\/kaurum.com\/wp-content\/uploads\/2025\/05\/expert-reviseur-agree-fiduciaire-kaurum-a-geneve-300x140.jpg 300w\" width=\"420\" height=\"196\" \/>\n\t\t\t\t\t\t\t\t\t\t\t\t\t<\/figure>\n\t\t\t\t\t\t<figure>\n\t\t\t\t\t\t\t<img decoding=\"async\" src=\"https:\/\/kaurum.com\/wp-content\/uploads\/2025\/05\/expert-Suisse-logo.png\" alt=\"expert Suisse logo fiduciaire kaurum gen\u00e8ve\" srcset=\"https:\/\/kaurum.com\/wp-content\/uploads\/2025\/05\/expert-Suisse-logo.png 444w, https:\/\/kaurum.com\/wp-content\/uploads\/2025\/05\/expert-Suisse-logo-300x112.png 300w\" width=\"444\" height=\"166\" \/>\n\t\t\t\t\t\t\t\t\t\t\t\t\t<\/figure>\n\t\t\t\t\t\t<figure>\n\t\t\t\t\t\t\t<img decoding=\"async\" src=\"https:\/\/kaurum.com\/wp-content\/uploads\/2025\/05\/solutions_tf_export_suisse-1-1.png\" alt=\"solutions_tf_export_suisse logo fiduciaire kaurum geneve\" srcset=\"https:\/\/kaurum.com\/wp-content\/uploads\/2025\/05\/solutions_tf_export_suisse-1-1.png 664w, https:\/\/kaurum.com\/wp-content\/uploads\/2025\/05\/solutions_tf_export_suisse-1-1-300x44.png 300w\" width=\"664\" height=\"97\" \/>\n\t\t\t\t\t\t\t\t\t\t\t\t\t<\/figure>\n\t\t\t\t\t\t<figure>\n\t\t\t\t\t\t\t<img decoding=\"async\" src=\"https:\/\/kaurum.com\/wp-content\/uploads\/2025\/07\/rab_asr_logo.jpg\" alt=\"RAB\u2011lizensierter Revisions-Experte, Treuh\u00e4nder Kaurum in Genf\" srcset=\"https:\/\/kaurum.com\/wp-content\/uploads\/2025\/07\/rab_asr_logo.jpg 200w, https:\/\/kaurum.com\/wp-content\/uploads\/2025\/07\/rab_asr_logo-150x150.jpg 150w\" width=\"200\" height=\"200\" \/>\n\t\t\t\t\t\t\t\t\t\t\t\t\t<\/figure>\n\t\t\t\t\t\t<figure>\n\t\t\t\t\t\t\t<img decoding=\"async\" src=\"https:\/\/kaurum.com\/wp-content\/uploads\/2025\/05\/business-france-logo-partenaire-fiduciaire-a-geneve-kaurum.png\" alt=\"business-france-logo-partenaire-fiduciaire-a-geneve-kaurum\" srcset=\"https:\/\/kaurum.com\/wp-content\/uploads\/2025\/05\/business-france-logo-partenaire-fiduciaire-a-geneve-kaurum.png 1200w, https:\/\/kaurum.com\/wp-content\/uploads\/2025\/05\/business-france-logo-partenaire-fiduciaire-a-geneve-kaurum-300x125.png 300w, https:\/\/kaurum.com\/wp-content\/uploads\/2025\/05\/business-france-logo-partenaire-fiduciaire-a-geneve-kaurum-1024x427.png 1024w, https:\/\/kaurum.com\/wp-content\/uploads\/2025\/05\/business-france-logo-partenaire-fiduciaire-a-geneve-kaurum-768x320.png 768w\" width=\"1200\" height=\"500\" \/>\n\t\t\t\t\t\t\t\t\t\t\t\t\t<\/figure>\n\t\t\t\t\t<h2>\n\t\t\tWho are you ?\t<\/h2>\n\t\t\t<a href=\"https:\/\/kaurum.com\/en\/your-profile\/#entrepreneur\" target=\"_self\">\n\t\t\t\t\t\t\t<img decoding=\"async\" src=\"https:\/\/kaurum.com\/wp-content\/uploads\/2022\/06\/icon-entrepreneur.svg\" alt=\"Kaurum fiduciaire Geneve, Lausanne \/ Kaurum fiduciary Geneva, Lausanne - icon Profil entrepreneur\" \/>\n\t\t\t\t\t\t<h3>Entrepreneur<\/h3>\t\t\t\t\t\n\t\t<\/a>\n\t\t\t<a href=\"https:\/\/kaurum.com\/en\/your-profile\/#independant\" target=\"_self\">\n\t\t\t\t\t\t\t<img decoding=\"async\" src=\"https:\/\/kaurum.com\/wp-content\/uploads\/2022\/06\/icon-independant.svg\" alt=\"Kaurum fiduciaire Geneve, Lausanne \/ Kaurum fiduciary Geneva, Lausanne - Icon Profil ind\u00e9pendant\" \/>\n\t\t\t\t\t\t<h3>Self-employed<\/h3>\t\t\t\t\t\n\t\t<\/a>\n\t\t\t<a href=\"https:\/\/kaurum.com\/en\/your-profile\/#entreprise\" target=\"_self\">\n\t\t\t\t\t\t\t<img decoding=\"async\" src=\"https:\/\/kaurum.com\/wp-content\/uploads\/2022\/06\/icon-entreprise.svg\" alt=\"Kaurum fiduciaire Geneve, Lausanne \/ Kaurum fiduciary Geneva, Lausanne - icon Profil entreprise\" \/>\n\t\t\t\t\t\t<h3>Company<\/h3>\t\t\t\t\t\n\t\t<\/a>\n\t\t\t<a href=\"https:\/\/kaurum.com\/en\/your-profile\/#association\" target=\"_self\">\n\t\t\t\t\t\t\t<img decoding=\"async\" src=\"https:\/\/kaurum.com\/wp-content\/uploads\/2022\/06\/icon-association.svg\" alt=\"Kaurum fiduciaire Geneve, Lausanne \/ Kaurum fiduciary Geneva, Lausanne - Icon Profil association\" \/>\n\t\t\t\t\t\t<h3>Association<\/h3>\t\t\t\t\t\n\t\t<\/a>\n\t\t\t<a href=\"https:\/\/kaurum.com\/en\/your-profile\/#particulier\" target=\"_self\">\n\t\t\t\t\t\t\t<img decoding=\"async\" src=\"https:\/\/kaurum.com\/wp-content\/uploads\/2022\/06\/icon-particulier.svg\" alt=\"Kaurum fiduciaire Geneve, Lausanne \/ Kaurum fiduciary Geneva, Lausanne - Icon Profil particulier\" \/>\n\t\t\t\t\t\t<h3>Individual<\/h3>\t\t\t\t\t\n\t\t<\/a>\n\t\t\t<a href=\"https:\/\/kaurum.com\/en\/your-profile\/#entreprise-implantation-suisse\" target=\"_self\">\n\t\t\t\t\t\t\t<img decoding=\"async\" src=\"https:\/\/kaurum.com\/wp-content\/uploads\/2022\/06\/icon-implantation-suisse.svg\" alt=\"Kaurum fiduciaire Geneve, Lausanne \/ Kaurum fiduciary Geneva, Lausanne - Icon Profil implantation Suisse\" \/>\n\t\t\t\t\t\t<h3>Company wishing to set up in Switzerland<\/h3>\t\t\t\t\t\n\t\t<\/a>\n\t\t\t<a href=\"https:\/\/kaurum.com\/en\/your-profile\/#gestionnaire-fortune\" target=\"_self\">\n\t\t\t\t\t\t\t<img decoding=\"async\" src=\"https:\/\/kaurum.com\/wp-content\/uploads\/2022\/06\/icon-gestion-fortune.svg\" alt=\"Kaurum fiduciaire Geneve, Lausanne \/ Kaurum fiduciary Geneva, Lausanne - Icon Profil gestion fortune\" \/>\n\t\t\t\t\t\t<h3>Asset manager<\/h3>\t\t\t\t\t\n\t\t<\/a>\n\t\t\t<a href=\"https:\/\/kaurum.com\/en\/your-profile\/#trustees\" target=\"_self\">\n\t\t\t\t\t\t\t<img decoding=\"async\" src=\"https:\/\/kaurum.com\/wp-content\/uploads\/2022\/06\/icon-trustee.svg\" alt=\"Kaurum fiduciaire Geneve, Lausanne \/ Kaurum fiduciary Geneva, Lausanne - Icon Profil Trustee\" \/>\n\t\t\t\t\t\t<h3>Trustee<\/h3>\t\t\t\t\t\n\t\t<\/a>\n\t\t<h2>\n\t\t\tOur benefits\n\t\t\t\t\t\t\t\t\t\t\tWhy Kaurum ?\n\t\t<\/h2>\n<h3>\n\t\t\t01 Client obsession\t<\/h3>\n\t<p>At Kaurum, the client is at the center of our attention. Our teams are available, attentive and at the service of our clients at all times. <\/p>\n<figure data-animation-delay=\"0\" data-animation-duration=\"1\" itemscope itemtype=\"https:\/\/schema.org\/ImageObject\">\n\t\t\t\t<img decoding=\"async\" src=\"https:\/\/kaurum.com\/wp-content\/uploads\/2022\/05\/avantages-illustration-01.svg\" alt=\"Kaurum fiduciary \/ accounting firm in Geneva, Lausanne - Illustration Customer obsession\" title=\"Kaurum fiduciary \/ accounting firm in Geneva, Lausanne - Illustration Customer obsession\" onerror=\"this.style.display='none'\" loading=\"lazy\" \/>\n\t<\/figure>\n<figure data-animation-delay=\"0\" data-animation-duration=\"1\" itemscope itemtype=\"https:\/\/schema.org\/ImageObject\">\n\t\t\t\t<img decoding=\"async\" src=\"https:\/\/kaurum.com\/wp-content\/uploads\/2022\/05\/avantages-illustration-02.svg\" alt=\"Kaurum fiduciary \/ accounting firm in Geneva, Lausanne - Illustration Professionalism\" title=\"Kaurum fiduciary \/ accounting firm in Geneva, Lausanne - Illustration Professionalism\" onerror=\"this.style.display='none'\" loading=\"lazy\" \/>\n\t<\/figure>\n<h3>\n\t\t\t02 Professionalism\t<\/h3>\n\t<p>The work is always carried out by a dedicated and qualified professional. We stand out for the quality of our services and the most suitable advice for each situation. <\/p>\n<h3>\n\t\t\t03 Speed\t<\/h3>\n\t<p>We work closely with our clients. Time is money. <\/p>\n<figure data-animation-delay=\"0\" data-animation-duration=\"1\" itemscope itemtype=\"https:\/\/schema.org\/ImageObject\">\n\t\t\t\t<img decoding=\"async\" src=\"https:\/\/kaurum.com\/wp-content\/uploads\/2022\/05\/avantages-illustration-03.svg\" alt=\"Kaurum fiduciary \/ accounting firm in Geneva, Lausanne - Illustration Speed\" title=\"Kaurum fiduciary \/ accounting firm in Geneva, Lausanne - Illustration Speed\" onerror=\"this.style.display='none'\" loading=\"lazy\" \/>\n\t<\/figure>\n<figure data-animation-delay=\"0\" data-animation-duration=\"1\" itemscope itemtype=\"https:\/\/schema.org\/ImageObject\">\n\t\t\t\t<img decoding=\"async\" src=\"https:\/\/kaurum.com\/wp-content\/uploads\/2022\/05\/avantages-illustration-04.svg\" alt=\"Kaurum fiduciary \/ accounting firm in Geneva, Lausanne - Illustration Digitalization\" title=\"Kaurum fiduciary \/ accounting firm in Geneva, Lausanne - Illustration Digitalization\" onerror=\"this.style.display='none'\" loading=\"lazy\" \/>\n\t<\/figure>\n<h3>\n\t\t\t04 Digitalization\t<\/h3>\n\t<p>No matter where you are, we can work together.<\/p>\n\t\t<h2>\n\t\t\tOur services\n\t\t\t\t\t\t\t\t\t\t\tTailored services\n\t\t<\/h2>\n\t\t\t<a href=\"https:\/\/kaurum.com\/en\/our-services\/business-formation-sole-proprietorship\/\" target=\"_self\">\n\t\t\t\t\t\t\t<img decoding=\"async\" src=\"https:\/\/kaurum.com\/wp-content\/uploads\/2022\/06\/icon_creation_entreprise.svg\" alt=\"Kaurum fiduciaire \/ cabinet comptable a geneve, Lausanne - Icone Page Cr\u00e9ation d&#039;enteprise\" \/>\n\t\t\t\t\t\t<h4>Business formation \/ sole proprietorship<\/h4>\t\t\t\t\t\n\t\t\t<p>Business start-up package, sole proprietorship launch package. <img decoding=\"async\" src=\"https:\/\/kaurum.com\/wp-content\/uploads\/2022\/06\/right-arrow-black.svg\" alt=\"Kaurum\" \/><\/p>\n\t\t<\/a>\n\t\t\t<a href=\"https:\/\/kaurum.com\/en\/our-services\/accounting-payroll\/\" target=\"_self\">\n\t\t\t\t\t\t\t<img decoding=\"async\" src=\"https:\/\/kaurum.com\/wp-content\/uploads\/2022\/06\/icon_comptabilite.svg\" alt=\"Kaurum fiduciaire \/ cabinet comptable a geneve, Lausanne - Icone Page Comptablit\u00e9\" \/>\n\t\t\t\t\t\t<h4>Accounting \/ Payroll<\/h4>\t\t\t\t\t\n\t\t\t<p>Accounting, Payroll, Taxation. <img decoding=\"async\" src=\"https:\/\/kaurum.com\/wp-content\/uploads\/2022\/06\/right-arrow-black.svg\" alt=\"Kaurum\" \/><\/p>\n\t\t<\/a>\n\t\t\t<a href=\"https:\/\/kaurum.com\/en\/our-services\/taxation\/\" target=\"_self\">\n\t\t\t\t\t\t\t<img decoding=\"async\" src=\"https:\/\/kaurum.com\/wp-content\/uploads\/2022\/06\/icon_fiscalite.svg\" alt=\"Kaurum fiduciaire \/ cabinet comptable a geneve, Lausanne - Icone Page Fiscalit\u00e9\" \/>\n\t\t\t\t\t\t<h4>Taxation<\/h4>\t\t\t\t\t\n\t\t\t<p>Corporations, Individuals, Tax representation. <img decoding=\"async\" src=\"https:\/\/kaurum.com\/wp-content\/uploads\/2022\/06\/right-arrow-black.svg\" alt=\"Kaurum\" \/><\/p>\n\t\t<\/a>\n\t\t\t<a href=\"https:\/\/kaurum.com\/en\/our-services\/audit\/\" target=\"_self\">\n\t\t\t\t\t\t\t<img decoding=\"async\" src=\"https:\/\/kaurum.com\/wp-content\/uploads\/2022\/06\/icon_audit.svg\" alt=\"Kaurum fiduciaire \/ cabinet comptable a geneve, Lausanne - Icone Page Audit\" \/>\n\t\t\t\t\t\t<h4>Audit<\/h4>\t\t\t\t\t\n\t\t\t<p>External audit, AMLA and prudential audit, Internal audit. <img decoding=\"async\" src=\"https:\/\/kaurum.com\/wp-content\/uploads\/2022\/06\/right-arrow-black.svg\" alt=\"Kaurum\" \/><\/p>\n\t\t<\/a>\n\t\t\t<a href=\"https:\/\/kaurum.com\/en\/our-services\/compliance-risk\/\" target=\"_self\">\n\t\t\t\t\t\t\t<img decoding=\"async\" src=\"https:\/\/kaurum.com\/wp-content\/uploads\/2022\/06\/icon_conformite_risques.svg\" alt=\"Kaurum fiduciaire \/ cabinet comptable a geneve, Lausanne - Icone Page Conformit\u00e9 et risques\" \/>\n\t\t\t\t\t\t<h4>Compliance and risk<\/h4>\t\t\t\t\t\n\t\t\t<p>Compliance with FinIA \/ FinSA, Outsourcing of risk management and internal controls. <img decoding=\"async\" src=\"https:\/\/kaurum.com\/wp-content\/uploads\/2022\/06\/right-arrow-black.svg\" alt=\"Kaurum\" \/><\/p>\n\t\t<\/a>\n\t\t\t<a href=\"https:\/\/kaurum.com\/en\/our-services\/financial-advisory\/\" target=\"_self\">\n\t\t\t\t\t\t\t<img decoding=\"async\" src=\"https:\/\/kaurum.com\/wp-content\/uploads\/2022\/06\/icon_conseil_financier.svg\" alt=\"Kaurum fiduciaire \/ cabinet comptable a geneve, Lausanne - Icone Page Conseil financier\" \/>\n\t\t\t\t\t\t<h4>Financial advisory<\/h4>\t\t\t\t\t\n\t\t\t<p>Restructuring, Mergers &amp; Acquisitions. <img decoding=\"async\" src=\"https:\/\/kaurum.com\/wp-content\/uploads\/2022\/06\/right-arrow-black.svg\" alt=\"Kaurum\" \/><\/p>\n\t\t<\/a>\n\t\t\t<a href=\"https:\/\/kaurum.com\/en\/our-services\/part-time-cfo\/\" target=\"_self\">\n\t\t\t\t\t\t\t<img decoding=\"async\" src=\"https:\/\/kaurum.com\/wp-content\/uploads\/2022\/06\/icon_cfo.svg\" alt=\"Kaurum fiduciaire \/ cabinet comptable a geneve, Lausanne - Icone Page CFO \u00e0 temps partag\u00e9, Part time CFO\" \/>\n\t\t\t\t\t\t<h4>Part-time CFO<\/h4>\t\t\t\t\t\n\t\t\t<p>Permanent or one-time. <img decoding=\"async\" src=\"https:\/\/kaurum.com\/wp-content\/uploads\/2022\/06\/right-arrow-black.svg\" alt=\"Kaurum\" \/><\/p>\n\t\t<\/a>\n\t\t\t<a href=\"https:\/\/kaurum.com\/en\/our-services\/setting-up-in-switzerland\/\" target=\"_self\">\n\t\t\t\t\t\t\t<img decoding=\"async\" src=\"https:\/\/kaurum.com\/wp-content\/uploads\/2022\/06\/icon_implantation_suisse.svg\" alt=\"Kaurum fiduciaire \/ cabinet comptable a geneve, Lausanne - Icone Page Implantation Suisse\" \/>\n\t\t\t\t\t\t<h4>Setting up in Switzerland<\/h4>\t\t\t\t\t\n\t\t\t<p>Company incorporation and set up, Domiciliation, Directorship, Accounting, Tax representation. <img decoding=\"async\" src=\"https:\/\/kaurum.com\/wp-content\/uploads\/2022\/06\/right-arrow-black.svg\" alt=\"Kaurum\" \/><\/p>\n\t\t<\/a>\n\t\t\t<a href=\"https:\/\/kaurum.com\/en\/our-services\/directorship\/\" target=\"_self\">\n\t\t\t\t\t\t\t<img decoding=\"async\" src=\"https:\/\/kaurum.com\/wp-content\/uploads\/2022\/06\/icon_mandat_administrateur.svg\" alt=\"Kaurum fiduciaire \/ cabinet comptable a geneve, Lausanne - Icone Page Mandat administrateur\" \/>\n\t\t\t\t\t\t<h4>Directorship<\/h4>\t\t\t\t\t\n\t\t\t<p>Trusted professionals. <img decoding=\"async\" src=\"https:\/\/kaurum.com\/wp-content\/uploads\/2022\/06\/right-arrow-black.svg\" alt=\"Kaurum\" \/><\/p>\n\t\t<\/a>\n\t\t\t<a href=\"https:\/\/kaurum.com\/en\/our-services\/domiciliation\/\" target=\"_self\">\n\t\t\t\t\t\t\t<img decoding=\"async\" src=\"https:\/\/kaurum.com\/wp-content\/uploads\/2022\/06\/icon_domiciliation.svg\" alt=\"Kaurum fiduciaire \/ cabinet comptable a geneve, Lausanne - Icone Page Domiciliation\" \/>\n\t\t\t\t\t\t<h4>Domiciliation<\/h4>\t\t\t\t\t\n\t\t\t<p>Business address in Switzerland. <img decoding=\"async\" src=\"https:\/\/kaurum.com\/wp-content\/uploads\/2022\/06\/right-arrow-black.svg\" alt=\"Kaurum\" \/><\/p>\n\t\t<\/a>\n\t\t\t<a href=\"https:\/\/kaurum.com\/en\/our-services\/legal-consulting\/\" target=\"_self\">\n\t\t\t\t\t\t\t<img decoding=\"async\" src=\"https:\/\/kaurum.com\/wp-content\/uploads\/2022\/06\/icon_conseil_juridique.svg\" alt=\"Kaurum fiduciaire \/ cabinet comptable a geneve, Lausanne - Icone Page Conseil juridique\" \/>\n\t\t\t\t\t\t<h4>Legal consulting<\/h4>\t\t\t\t\t\n\t\t\t<p>Legal counseling, Legal secretarial services. <img decoding=\"async\" src=\"https:\/\/kaurum.com\/wp-content\/uploads\/2022\/06\/right-arrow-black.svg\" alt=\"Kaurum\" \/><\/p>\n\t\t<\/a>\n\n","protected":false},"excerpt":{"rendered":"<p>Kaurum, your fiduciary in Switzerland Accounting Taxation Audit Advice Setting up a company Setting up in Switzerland, Company formation, Accounting, Tax advice, External directors, Legal and contractual audit | Chartered accountants | Certified auditors | Local and cross-border expertise We are approved partners of : Who are you ? Entrepreneur Self-employed Company Association Individual Company&hellip;<\/p>\n","protected":false},"author":1,"featured_media":0,"parent":0,"menu_order":0,"comment_status":"closed","ping_status":"closed","template":"","meta":{"_acf_changed":false,"content-type":"","footnotes":""},"class_list":["post-1473","page","type-page","status-publish","hentry"],"acf":[],"yoast_head":"<!-- This site is optimized with the Yoast SEO Premium plugin v27.3 (Yoast SEO v27.3) - https:\/\/yoast.com\/product\/yoast-seo-premium-wordpress\/ -->\n<title>Fiduciary in Geneva, Lausanne and throughout Switzerland!<\/title>\n<meta name=\"description\" content=\"Fiduciaire Kaurum in Geneva, Lausanne: qualified accountants for SMEs and start-ups. Accounting, taxation, auditing and business start-ups.\" \/>\n<meta name=\"robots\" content=\"index, follow, max-snippet:-1, max-image-preview:large, max-video-preview:-1\" \/>\n<link rel=\"canonical\" href=\"https:\/\/kaurum.com\/en\/\" \/>\n<meta property=\"og:locale\" content=\"en_US\" \/>\n<meta property=\"og:type\" content=\"article\" \/>\n<meta property=\"og:title\" content=\"Kaurum - Fiduciary in Geneva, Lausanne and throughout Switzerland!\" \/>\n<meta property=\"og:description\" content=\"Fiduciaire Kaurum in Geneva, Lausanne: qualified accountants for SMEs and start-ups. Accounting, taxation, auditing and business start-ups.\" \/>\n<meta property=\"og:url\" content=\"https:\/\/kaurum.com\/en\/\" \/>\n<meta property=\"og:site_name\" content=\"Kaurum\" \/>\n<meta property=\"article:publisher\" content=\"https:\/\/www.linkedin.com\/company\/kaurum\/\" \/>\n<meta property=\"article:modified_time\" content=\"2026-02-08T18:29:51+00:00\" \/>\n<meta property=\"og:image\" content=\"https:\/\/kaurum.com\/wp-content\/uploads\/2025\/05\/bexio-platine-logo-1.jpg\" \/>\n<meta name=\"twitter:card\" content=\"summary_large_image\" \/>\n<meta name=\"twitter:label1\" content=\"Est. reading time\" \/>\n\t<meta name=\"twitter:data1\" content=\"10 minutes\" \/>\n<script type=\"application\/ld+json\" class=\"yoast-schema-graph\">{\"@context\":\"https:\\\/\\\/schema.org\",\"@graph\":[{\"@type\":\"WebPage\",\"@id\":\"https:\\\/\\\/kaurum.com\\\/en\\\/\",\"url\":\"https:\\\/\\\/kaurum.com\\\/en\\\/\",\"name\":\"Fiduciary in Geneva, Lausanne and throughout Switzerland!\",\"isPartOf\":{\"@id\":\"https:\\\/\\\/kaurum.com\\\/en\\\/#website\"},\"primaryImageOfPage\":{\"@id\":\"https:\\\/\\\/kaurum.com\\\/en\\\/#primaryimage\"},\"image\":{\"@id\":\"https:\\\/\\\/kaurum.com\\\/en\\\/#primaryimage\"},\"thumbnailUrl\":\"https:\\\/\\\/kaurum.com\\\/wp-content\\\/uploads\\\/2025\\\/05\\\/bexio-platine-logo-1.jpg\",\"datePublished\":\"2022-05-30T09:22:48+00:00\",\"dateModified\":\"2026-02-08T18:29:51+00:00\",\"description\":\"Fiduciaire Kaurum in Geneva, Lausanne: qualified accountants for SMEs and start-ups. Accounting, taxation, auditing and business start-ups.\",\"breadcrumb\":{\"@id\":\"https:\\\/\\\/kaurum.com\\\/en\\\/#breadcrumb\"},\"inLanguage\":\"en-US\",\"potentialAction\":[{\"@type\":\"ReadAction\",\"target\":[\"https:\\\/\\\/kaurum.com\\\/en\\\/\"]}]},{\"@type\":\"ImageObject\",\"inLanguage\":\"en-US\",\"@id\":\"https:\\\/\\\/kaurum.com\\\/en\\\/#primaryimage\",\"url\":\"https:\\\/\\\/kaurum.com\\\/wp-content\\\/uploads\\\/2025\\\/05\\\/bexio-platine-logo-1.jpg\",\"contentUrl\":\"https:\\\/\\\/kaurum.com\\\/wp-content\\\/uploads\\\/2025\\\/05\\\/bexio-platine-logo-1.jpg\"},{\"@type\":\"BreadcrumbList\",\"@id\":\"https:\\\/\\\/kaurum.com\\\/en\\\/#breadcrumb\",\"itemListElement\":[{\"@type\":\"ListItem\",\"position\":1,\"name\":\"Kaurum\",\"item\":\"https:\\\/\\\/kaurum.com\\\/en\\\/\"},{\"@type\":\"ListItem\",\"position\":2,\"name\":\"Kaurum\"}]},{\"@type\":\"WebSite\",\"@id\":\"https:\\\/\\\/kaurum.com\\\/en\\\/#website\",\"url\":\"https:\\\/\\\/kaurum.com\\\/en\\\/\",\"name\":\"Kaurum\",\"description\":\"Votre fiduciaire d\u00e9di\u00e9e digitale\",\"publisher\":{\"@id\":\"https:\\\/\\\/kaurum.com\\\/en\\\/#organization\"},\"potentialAction\":[{\"@type\":\"SearchAction\",\"target\":{\"@type\":\"EntryPoint\",\"urlTemplate\":\"https:\\\/\\\/kaurum.com\\\/en\\\/?s={search_term_string}\"},\"query-input\":{\"@type\":\"PropertyValueSpecification\",\"valueRequired\":true,\"valueName\":\"search_term_string\"}}],\"inLanguage\":\"en-US\"},{\"@type\":\"Organization\",\"@id\":\"https:\\\/\\\/kaurum.com\\\/en\\\/#organization\",\"name\":\"Kaurum\",\"url\":\"https:\\\/\\\/kaurum.com\\\/en\\\/\",\"logo\":{\"@type\":\"ImageObject\",\"inLanguage\":\"en-US\",\"@id\":\"https:\\\/\\\/kaurum.com\\\/en\\\/#\\\/schema\\\/logo\\\/image\\\/\",\"url\":\"https:\\\/\\\/kaurum.com\\\/wp-content\\\/uploads\\\/2022\\\/05\\\/kaurum-logo-colour.svg\",\"contentUrl\":\"https:\\\/\\\/kaurum.com\\\/wp-content\\\/uploads\\\/2022\\\/05\\\/kaurum-logo-colour.svg\",\"width\":1,\"height\":1,\"caption\":\"Kaurum\"},\"image\":{\"@id\":\"https:\\\/\\\/kaurum.com\\\/en\\\/#\\\/schema\\\/logo\\\/image\\\/\"},\"sameAs\":[\"https:\\\/\\\/www.linkedin.com\\\/company\\\/kaurum\\\/\"]}]}<\/script>\n<!-- \/ Yoast SEO Premium plugin. -->","yoast_head_json":{"title":"Fiduciary in Geneva, Lausanne and throughout Switzerland!","description":"Fiduciaire Kaurum in Geneva, Lausanne: qualified accountants for SMEs and start-ups. Accounting, taxation, auditing and business start-ups.","robots":{"index":"index","follow":"follow","max-snippet":"max-snippet:-1","max-image-preview":"max-image-preview:large","max-video-preview":"max-video-preview:-1"},"canonical":"https:\/\/kaurum.com\/en\/","og_locale":"en_US","og_type":"article","og_title":"Kaurum - Fiduciary in Geneva, Lausanne and throughout Switzerland!","og_description":"Fiduciaire Kaurum in Geneva, Lausanne: qualified accountants for SMEs and start-ups. Accounting, taxation, auditing and business start-ups.","og_url":"https:\/\/kaurum.com\/en\/","og_site_name":"Kaurum","article_publisher":"https:\/\/www.linkedin.com\/company\/kaurum\/","article_modified_time":"2026-02-08T18:29:51+00:00","og_image":[{"url":"https:\/\/kaurum.com\/wp-content\/uploads\/2025\/05\/bexio-platine-logo-1.jpg","type":"","width":"","height":""}],"twitter_card":"summary_large_image","twitter_misc":{"Est. reading time":"10 minutes"},"schema":{"@context":"https:\/\/schema.org","@graph":[{"@type":"WebPage","@id":"https:\/\/kaurum.com\/en\/","url":"https:\/\/kaurum.com\/en\/","name":"Fiduciary in Geneva, Lausanne and throughout Switzerland!","isPartOf":{"@id":"https:\/\/kaurum.com\/en\/#website"},"primaryImageOfPage":{"@id":"https:\/\/kaurum.com\/en\/#primaryimage"},"image":{"@id":"https:\/\/kaurum.com\/en\/#primaryimage"},"thumbnailUrl":"https:\/\/kaurum.com\/wp-content\/uploads\/2025\/05\/bexio-platine-logo-1.jpg","datePublished":"2022-05-30T09:22:48+00:00","dateModified":"2026-02-08T18:29:51+00:00","description":"Fiduciaire Kaurum in Geneva, Lausanne: qualified accountants for SMEs and start-ups. Accounting, taxation, auditing and business start-ups.","breadcrumb":{"@id":"https:\/\/kaurum.com\/en\/#breadcrumb"},"inLanguage":"en-US","potentialAction":[{"@type":"ReadAction","target":["https:\/\/kaurum.com\/en\/"]}]},{"@type":"ImageObject","inLanguage":"en-US","@id":"https:\/\/kaurum.com\/en\/#primaryimage","url":"https:\/\/kaurum.com\/wp-content\/uploads\/2025\/05\/bexio-platine-logo-1.jpg","contentUrl":"https:\/\/kaurum.com\/wp-content\/uploads\/2025\/05\/bexio-platine-logo-1.jpg"},{"@type":"BreadcrumbList","@id":"https:\/\/kaurum.com\/en\/#breadcrumb","itemListElement":[{"@type":"ListItem","position":1,"name":"Kaurum","item":"https:\/\/kaurum.com\/en\/"},{"@type":"ListItem","position":2,"name":"Kaurum"}]},{"@type":"WebSite","@id":"https:\/\/kaurum.com\/en\/#website","url":"https:\/\/kaurum.com\/en\/","name":"Kaurum","description":"Votre fiduciaire d\u00e9di\u00e9e digitale","publisher":{"@id":"https:\/\/kaurum.com\/en\/#organization"},"potentialAction":[{"@type":"SearchAction","target":{"@type":"EntryPoint","urlTemplate":"https:\/\/kaurum.com\/en\/?s={search_term_string}"},"query-input":{"@type":"PropertyValueSpecification","valueRequired":true,"valueName":"search_term_string"}}],"inLanguage":"en-US"},{"@type":"Organization","@id":"https:\/\/kaurum.com\/en\/#organization","name":"Kaurum","url":"https:\/\/kaurum.com\/en\/","logo":{"@type":"ImageObject","inLanguage":"en-US","@id":"https:\/\/kaurum.com\/en\/#\/schema\/logo\/image\/","url":"https:\/\/kaurum.com\/wp-content\/uploads\/2022\/05\/kaurum-logo-colour.svg","contentUrl":"https:\/\/kaurum.com\/wp-content\/uploads\/2022\/05\/kaurum-logo-colour.svg","width":1,"height":1,"caption":"Kaurum"},"image":{"@id":"https:\/\/kaurum.com\/en\/#\/schema\/logo\/image\/"},"sameAs":["https:\/\/www.linkedin.com\/company\/kaurum\/"]}]}},"_links":{"self":[{"href":"https:\/\/kaurum.com\/en\/wp-json\/wp\/v2\/pages\/1473","targetHints":{"allow":["GET"]}}],"collection":[{"href":"https:\/\/kaurum.com\/en\/wp-json\/wp\/v2\/pages"}],"about":[{"href":"https:\/\/kaurum.com\/en\/wp-json\/wp\/v2\/types\/page"}],"author":[{"embeddable":true,"href":"https:\/\/kaurum.com\/en\/wp-json\/wp\/v2\/users\/1"}],"replies":[{"embeddable":true,"href":"https:\/\/kaurum.com\/en\/wp-json\/wp\/v2\/comments?post=1473"}],"version-history":[{"count":7,"href":"https:\/\/kaurum.com\/en\/wp-json\/wp\/v2\/pages\/1473\/revisions"}],"predecessor-version":[{"id":6021,"href":"https:\/\/kaurum.com\/en\/wp-json\/wp\/v2\/pages\/1473\/revisions\/6021"}],"wp:attachment":[{"href":"https:\/\/kaurum.com\/en\/wp-json\/wp\/v2\/media?parent=1473"}],"curies":[{"name":"wp","href":"https:\/\/api.w.org\/{rel}","templated":true}]}}